{"id":26966,"date":"2026-02-18T17:51:24","date_gmt":"2026-02-18T16:51:24","guid":{"rendered":"https:\/\/www.ellenkantarellen.se\/?post_type=product&#038;p=26966"},"modified":"2026-02-18T20:26:00","modified_gmt":"2026-02-18T19:26:00","slug":"virkmonster-laptop-ipad-fodral-rosebud","status":"publish","type":"product","link":"https:\/\/www.ellenkantarellen.se\/en\/produkt\/virkmonster-laptop-ipad-fodral-rosebud\/","title":{"rendered":"Virkm\u00f6nster Laptop\/iPad fodral &#8221;Rosebud&#8221;"},"content":{"rendered":"<p>Virkm\u00f6nster p\u00e5 supers\u00f6ta Laptop\/iPad fodralet &#8221;Rosebud&#8221;. Finaste fodralet till dig sj\u00e4lv, till kontoret,\u00a0 perfekt om du ska s\u00e4lja eller som en underbar present till n\u00e5gon du tycker om! Fodralet \u00e4r virkat i akrylgarn och virkn\u00e5l 5.0 mm. <span class=\"a_GcMg font-feature-liga-off font-feature-clig-off font-feature-calt-off text-decoration-none text-strikethrough-none\">Fodralet i m\u00f6nstret blir cirka 32 x 23 cm och passar en 11-12 tum laptop eller iPad air 13 (13 tum) men med instruktioner om hur du enkelt minskar\/\u00f6kar storleken f\u00f6r just dig! Beh\u00f6ver du en muggh\u00e5llare i samma serie hittar du det <a href=\"https:\/\/www.ellenkantarellen.se\/en\/product-2\/virkmonster-muggvarmaren-rosebud-utskriftbar-display\/\">H\u00c4R!<\/a><\/span><\/p>\n<div>\ud83c\udf38Detta \u00e4r en digital produkt!<\/div>\n<div><\/div>\n<div>\ud83c\udf38 INKLUDERAR:<br \/>\n1 PDF-fil med virkm\u00f6nstret till Rosebud Laptopfodral med skrivna instrukioner (allt text p\u00e5 f\u00f6rsta sidan men \u00e4ven tillsammans med steg- f\u00f6r steg-bilderna f\u00f6r att det ska passa alla), det ing\u00e5r \u00e4ven videoinstruktion f\u00f6r hur varven virkas!<\/div>\n<div><\/div>","protected":false},"excerpt":{"rendered":"<p><em>Virkm\u00f6nster p\u00e5 supers\u00f6ta Laptop\/iPad fodralet &#8221;Rosebud&#8221;! <\/em><strong><em>N\u00e4r du betalat f\u00f6r dina produkter kommer du automatiskt att kunna ladda ner dina PDF-filer med dina nya fina mallar som kommer i mejl till dig!<\/em><\/strong><\/p>","protected":false},"featured_media":26969,"comment_status":"open","ping_status":"closed","template":"","meta":[],"product_brand":[],"product_cat":[458],"product_tag":[1348,1351,1350,1349,1352],"class_list":{"0":"post-26966","1":"product","2":"type-product","3":"status-publish","4":"has-post-thumbnail","6":"product_cat-ovriga-monster","7":"product_tag-virkat-laptop-fodral","8":"product_tag-virkat-till-ipad","9":"product_tag-virkat-till-laptop","10":"product_tag-virkmonster-laptopfodral","11":"product_tag-virkmonster-laptopvaska","13":"first","14":"instock","15":"downloadable","16":"virtual","17":"sold-individually","18":"taxable","19":"purchasable","20":"product-type-simple"},"bundled_by":["26976"],"bundle_stock_status":"instock","bundle_stock_quantity":null,"bundle_virtual":false,"bundle_layout":"","bundle_add_to_cart_form_location":"","bundle_editable_in_cart":false,"bundle_sold_individually_context":"","bundle_item_grouping":"","bundle_min_size":"","bundle_max_size":"","bundle_price":[],"bundled_items":[],"bundle_sell_ids":[],"yoast_head":"<!-- This site is optimized with the Yoast SEO plugin v27.0 - https:\/\/yoast.com\/product\/yoast-seo-wordpress\/ -->\n<title>Virkm\u00f6nster Laptop\/iPad fodral &quot;Rosebud&quot; - EllenKantarellen<\/title>\n<meta name=\"description\" content=\"Virkm\u00f6nster p\u00e5 supers\u00f6ta Laptop\/iPad fodralet &quot;Rosebud&quot;. Finaste fodralet till dig sj\u00e4lv, till kontoret,\u00a0 eller som en underbar present!\" \/>\n<meta name=\"robots\" content=\"index, follow, max-snippet:-1, max-image-preview:large, max-video-preview:-1\" \/>\n<link rel=\"canonical\" href=\"https:\/\/www.ellenkantarellen.se\/en\/product-2\/virkmonster-laptop-ipad-fodral-rosebud\/\" \/>\n<meta property=\"og:locale\" content=\"en_GB\" \/>\n<meta property=\"og:type\" content=\"article\" \/>\n<meta property=\"og:title\" content=\"Virkm\u00f6nster Laptop\/iPad fodral &quot;Rosebud&quot; - EllenKantarellen\" \/>\n<meta property=\"og:description\" content=\"Virkm\u00f6nster p\u00e5 supers\u00f6ta Laptop\/iPad fodralet &quot;Rosebud&quot;. Finaste fodralet till dig sj\u00e4lv, till kontoret,\u00a0 eller som en underbar present!\" \/>\n<meta property=\"og:url\" content=\"https:\/\/www.ellenkantarellen.se\/en\/product-2\/virkmonster-laptop-ipad-fodral-rosebud\/\" \/>\n<meta property=\"og:site_name\" content=\"EllenKantarellen\" \/>\n<meta property=\"article:modified_time\" content=\"2026-02-18T19:26:00+00:00\" \/>\n<meta property=\"og:image\" content=\"https:\/\/www.ellenkantarellen.se\/wp-content\/uploads\/2026\/02\/FRAMSIDA-NY-62-1024x1024.png\" \/>\n\t<meta property=\"og:image:width\" content=\"1024\" \/>\n\t<meta property=\"og:image:height\" content=\"1024\" \/>\n\t<meta property=\"og:image:type\" content=\"image\/png\" \/>\n<meta name=\"twitter:card\" content=\"summary_large_image\" \/>\n<meta name=\"twitter:label1\" content=\"Estimated reading time\" \/>\n\t<meta name=\"twitter:data1\" content=\"1 minute\" \/>\n<script type=\"application\/ld+json\" class=\"yoast-schema-graph\">{\"@context\":\"https:\/\/schema.org\",\"@graph\":[{\"@type\":\"WebPage\",\"@id\":\"https:\/\/www.ellenkantarellen.se\/produkt\/virkmonster-laptop-ipad-fodral-rosebud\/\",\"url\":\"https:\/\/www.ellenkantarellen.se\/produkt\/virkmonster-laptop-ipad-fodral-rosebud\/\",\"name\":\"Virkm\u00f6nster Laptop\/iPad fodral \\\"Rosebud\\\" - EllenKantarellen\",\"isPartOf\":{\"@id\":\"https:\/\/www.ellenkantarellen.se\/#website\"},\"primaryImageOfPage\":{\"@id\":\"https:\/\/www.ellenkantarellen.se\/produkt\/virkmonster-laptop-ipad-fodral-rosebud\/#primaryimage\"},\"image\":{\"@id\":\"https:\/\/www.ellenkantarellen.se\/produkt\/virkmonster-laptop-ipad-fodral-rosebud\/#primaryimage\"},\"thumbnailUrl\":\"https:\/\/www.ellenkantarellen.se\/wp-content\/uploads\/2026\/02\/FRAMSIDA-NY-62.png\",\"datePublished\":\"2026-02-18T16:51:24+00:00\",\"dateModified\":\"2026-02-18T19:26:00+00:00\",\"description\":\"Virkm\u00f6nster p\u00e5 supers\u00f6ta Laptop\/iPad fodralet \\\"Rosebud\\\". Finaste fodralet till dig sj\u00e4lv, till kontoret,\u00a0 eller som en underbar present!\",\"breadcrumb\":{\"@id\":\"https:\/\/www.ellenkantarellen.se\/produkt\/virkmonster-laptop-ipad-fodral-rosebud\/#breadcrumb\"},\"inLanguage\":\"en-GB\",\"potentialAction\":[{\"@type\":\"ReadAction\",\"target\":[\"https:\/\/www.ellenkantarellen.se\/produkt\/virkmonster-laptop-ipad-fodral-rosebud\/\"]}]},{\"@type\":\"ImageObject\",\"inLanguage\":\"en-GB\",\"@id\":\"https:\/\/www.ellenkantarellen.se\/produkt\/virkmonster-laptop-ipad-fodral-rosebud\/#primaryimage\",\"url\":\"https:\/\/www.ellenkantarellen.se\/wp-content\/uploads\/2026\/02\/FRAMSIDA-NY-62.png\",\"contentUrl\":\"https:\/\/www.ellenkantarellen.se\/wp-content\/uploads\/2026\/02\/FRAMSIDA-NY-62.png\",\"width\":1080,\"height\":1080},{\"@type\":\"BreadcrumbList\",\"@id\":\"https:\/\/www.ellenkantarellen.se\/produkt\/virkmonster-laptop-ipad-fodral-rosebud\/#breadcrumb\",\"itemListElement\":[{\"@type\":\"ListItem\",\"position\":1,\"name\":\"Hem\",\"item\":\"https:\/\/www.ellenkantarellen.se\/\"},{\"@type\":\"ListItem\",\"position\":2,\"name\":\"Aff\u00e4r\",\"item\":\"https:\/\/www.ellenkantarellen.se\/affar\/\"},{\"@type\":\"ListItem\",\"position\":3,\"name\":\"Virkm\u00f6nster Laptop\/iPad fodral &#8221;Rosebud&#8221;\"}]},{\"@type\":\"WebSite\",\"@id\":\"https:\/\/www.ellenkantarellen.se\/#website\",\"url\":\"https:\/\/www.ellenkantarellen.se\/\",\"name\":\"EllenKantarellen\",\"description\":\"\",\"publisher\":{\"@id\":\"https:\/\/www.ellenkantarellen.se\/#organization\"},\"potentialAction\":[{\"@type\":\"SearchAction\",\"target\":{\"@type\":\"EntryPoint\",\"urlTemplate\":\"https:\/\/www.ellenkantarellen.se\/?s={search_term_string}\"},\"query-input\":{\"@type\":\"PropertyValueSpecification\",\"valueRequired\":true,\"valueName\":\"search_term_string\"}}],\"inLanguage\":\"en-GB\"},{\"@type\":\"Organization\",\"@id\":\"https:\/\/www.ellenkantarellen.se\/#organization\",\"name\":\"EllenKantarellen\",\"url\":\"https:\/\/www.ellenkantarellen.se\/\",\"logo\":{\"@type\":\"ImageObject\",\"inLanguage\":\"en-GB\",\"@id\":\"https:\/\/www.ellenkantarellen.se\/#\/schema\/logo\/image\/\",\"url\":\"https:\/\/www.ellenkantarellen.se\/wp-content\/uploads\/2021\/09\/ek2.png\",\"contentUrl\":\"https:\/\/www.ellenkantarellen.se\/wp-content\/uploads\/2021\/09\/ek2.png\",\"width\":2232,\"height\":508,\"caption\":\"EllenKantarellen\"},\"image\":{\"@id\":\"https:\/\/www.ellenkantarellen.se\/#\/schema\/logo\/image\/\"}}]}<\/script>\n<!-- \/ Yoast SEO plugin. -->","yoast_head_json":{"title":"Virkm\u00f6nster Laptop\/iPad fodral \"Rosebud\" - EllenKantarellen","description":"Virkm\u00f6nster p\u00e5 supers\u00f6ta Laptop\/iPad fodralet \"Rosebud\". Finaste fodralet till dig sj\u00e4lv, till kontoret,\u00a0 eller som en underbar present!","robots":{"index":"index","follow":"follow","max-snippet":"max-snippet:-1","max-image-preview":"max-image-preview:large","max-video-preview":"max-video-preview:-1"},"canonical":"https:\/\/www.ellenkantarellen.se\/en\/product-2\/virkmonster-laptop-ipad-fodral-rosebud\/","og_locale":"en_GB","og_type":"article","og_title":"Virkm\u00f6nster Laptop\/iPad fodral \"Rosebud\" - EllenKantarellen","og_description":"Virkm\u00f6nster p\u00e5 supers\u00f6ta Laptop\/iPad fodralet \"Rosebud\". Finaste fodralet till dig sj\u00e4lv, till kontoret,\u00a0 eller som en underbar present!","og_url":"https:\/\/www.ellenkantarellen.se\/en\/product-2\/virkmonster-laptop-ipad-fodral-rosebud\/","og_site_name":"EllenKantarellen","article_modified_time":"2026-02-18T19:26:00+00:00","og_image":[{"width":1024,"height":1024,"url":"https:\/\/www.ellenkantarellen.se\/wp-content\/uploads\/2026\/02\/FRAMSIDA-NY-62-1024x1024.png","type":"image\/png"}],"twitter_card":"summary_large_image","twitter_misc":{"Estimated reading time":"1 minute"},"schema":{"@context":"https:\/\/schema.org","@graph":[{"@type":"WebPage","@id":"https:\/\/www.ellenkantarellen.se\/produkt\/virkmonster-laptop-ipad-fodral-rosebud\/","url":"https:\/\/www.ellenkantarellen.se\/produkt\/virkmonster-laptop-ipad-fodral-rosebud\/","name":"Virkm\u00f6nster Laptop\/iPad fodral \"Rosebud\" - EllenKantarellen","isPartOf":{"@id":"https:\/\/www.ellenkantarellen.se\/#website"},"primaryImageOfPage":{"@id":"https:\/\/www.ellenkantarellen.se\/produkt\/virkmonster-laptop-ipad-fodral-rosebud\/#primaryimage"},"image":{"@id":"https:\/\/www.ellenkantarellen.se\/produkt\/virkmonster-laptop-ipad-fodral-rosebud\/#primaryimage"},"thumbnailUrl":"https:\/\/www.ellenkantarellen.se\/wp-content\/uploads\/2026\/02\/FRAMSIDA-NY-62.png","datePublished":"2026-02-18T16:51:24+00:00","dateModified":"2026-02-18T19:26:00+00:00","description":"Virkm\u00f6nster p\u00e5 supers\u00f6ta Laptop\/iPad fodralet \"Rosebud\". Finaste fodralet till dig sj\u00e4lv, till kontoret,\u00a0 eller som en underbar present!","breadcrumb":{"@id":"https:\/\/www.ellenkantarellen.se\/produkt\/virkmonster-laptop-ipad-fodral-rosebud\/#breadcrumb"},"inLanguage":"en-GB","potentialAction":[{"@type":"ReadAction","target":["https:\/\/www.ellenkantarellen.se\/produkt\/virkmonster-laptop-ipad-fodral-rosebud\/"]}]},{"@type":"ImageObject","inLanguage":"en-GB","@id":"https:\/\/www.ellenkantarellen.se\/produkt\/virkmonster-laptop-ipad-fodral-rosebud\/#primaryimage","url":"https:\/\/www.ellenkantarellen.se\/wp-content\/uploads\/2026\/02\/FRAMSIDA-NY-62.png","contentUrl":"https:\/\/www.ellenkantarellen.se\/wp-content\/uploads\/2026\/02\/FRAMSIDA-NY-62.png","width":1080,"height":1080},{"@type":"BreadcrumbList","@id":"https:\/\/www.ellenkantarellen.se\/produkt\/virkmonster-laptop-ipad-fodral-rosebud\/#breadcrumb","itemListElement":[{"@type":"ListItem","position":1,"name":"Hem","item":"https:\/\/www.ellenkantarellen.se\/"},{"@type":"ListItem","position":2,"name":"Aff\u00e4r","item":"https:\/\/www.ellenkantarellen.se\/affar\/"},{"@type":"ListItem","position":3,"name":"Virkm\u00f6nster Laptop\/iPad fodral &#8221;Rosebud&#8221;"}]},{"@type":"WebSite","@id":"https:\/\/www.ellenkantarellen.se\/#website","url":"https:\/\/www.ellenkantarellen.se\/","name":"EllenKantarellen","description":"","publisher":{"@id":"https:\/\/www.ellenkantarellen.se\/#organization"},"potentialAction":[{"@type":"SearchAction","target":{"@type":"EntryPoint","urlTemplate":"https:\/\/www.ellenkantarellen.se\/?s={search_term_string}"},"query-input":{"@type":"PropertyValueSpecification","valueRequired":true,"valueName":"search_term_string"}}],"inLanguage":"en-GB"},{"@type":"Organization","@id":"https:\/\/www.ellenkantarellen.se\/#organization","name":"EllenKantarellen","url":"https:\/\/www.ellenkantarellen.se\/","logo":{"@type":"ImageObject","inLanguage":"en-GB","@id":"https:\/\/www.ellenkantarellen.se\/#\/schema\/logo\/image\/","url":"https:\/\/www.ellenkantarellen.se\/wp-content\/uploads\/2021\/09\/ek2.png","contentUrl":"https:\/\/www.ellenkantarellen.se\/wp-content\/uploads\/2021\/09\/ek2.png","width":2232,"height":508,"caption":"EllenKantarellen"},"image":{"@id":"https:\/\/www.ellenkantarellen.se\/#\/schema\/logo\/image\/"}}]}},"_links":{"self":[{"href":"https:\/\/www.ellenkantarellen.se\/en\/wp-json\/wp\/v2\/product\/26966","targetHints":{"allow":["GET"]}}],"collection":[{"href":"https:\/\/www.ellenkantarellen.se\/en\/wp-json\/wp\/v2\/product"}],"about":[{"href":"https:\/\/www.ellenkantarellen.se\/en\/wp-json\/wp\/v2\/types\/product"}],"replies":[{"embeddable":true,"href":"https:\/\/www.ellenkantarellen.se\/en\/wp-json\/wp\/v2\/comments?post=26966"}],"wp:featuredmedia":[{"embeddable":true,"href":"https:\/\/www.ellenkantarellen.se\/en\/wp-json\/wp\/v2\/media\/26969"}],"wp:attachment":[{"href":"https:\/\/www.ellenkantarellen.se\/en\/wp-json\/wp\/v2\/media?parent=26966"}],"wp:term":[{"taxonomy":"product_brand","embeddable":true,"href":"https:\/\/www.ellenkantarellen.se\/en\/wp-json\/wp\/v2\/product_brand?post=26966"},{"taxonomy":"product_cat","embeddable":true,"href":"https:\/\/www.ellenkantarellen.se\/en\/wp-json\/wp\/v2\/product_cat?post=26966"},{"taxonomy":"product_tag","embeddable":true,"href":"https:\/\/www.ellenkantarellen.se\/en\/wp-json\/wp\/v2\/product_tag?post=26966"}],"curies":[{"name":"wp","href":"https:\/\/api.w.org\/{rel}","templated":true}]}}