{"id":26976,"date":"2026-02-18T19:46:47","date_gmt":"2026-02-18T18:46:47","guid":{"rendered":"https:\/\/www.ellenkantarellen.se\/?post_type=product&#038;p=26976"},"modified":"2026-02-18T20:15:24","modified_gmt":"2026-02-18T19:15:24","slug":"monsterpaket-pa-virkade-rosebud-fodral-muggvarmare","status":"publish","type":"product","link":"https:\/\/www.ellenkantarellen.se\/en\/produkt\/monsterpaket-pa-virkade-rosebud-fodral-muggvarmare\/","title":{"rendered":"M\u00f6nsterpaket p\u00e5 virkade &#8221;Rosebud&#8221;- fodral &#038; muggv\u00e4rmare"},"content":{"rendered":"<p>M\u00f6nsterpaket p\u00e5 virkade supers\u00f6ta Serien &#8221;Rosebud&#8221; &#8211; Mobilfodral, Laptop\/iPadfodral samt\u00a0 Muggv\u00e4rmare + utskriftbar etikett\/display f\u00f6r dina handgjorda mugg\u00e4rmare..<\/p>\n<div>\ud83c\udf38Detta \u00e4r en digital produkt, inte f\u00e4rdiga pappersprodukter!<\/div>\n<div><\/div>\n<div>\ud83c\udf38 INKLUDERAR:<br \/>\n3 PDF-filer med virkm\u00f6nster<\/div>\n<div>1 digital PDF med Cup Cozy<\/div>\n<div>1 digital PDF med Mug Cozy<\/div>\n<div>1 digital PDF med Muggh\u00e5llare<\/div>\n<div><\/div>\n<div>\ud83c\udf38 Storlek p\u00e5 mallarna:<\/div>\n<div>Cup Cozy\/Muggh\u00e5llare:\u00a0 16 x 14 cm &amp; 18 x 10 cm<\/div>","protected":false},"excerpt":{"rendered":"<p><em>M\u00f6nsterpaket p\u00e5 virkade supers\u00f6ta Serien &#8221;Rosebud&#8221;! <\/em><strong><em>N\u00e4r du betalat f\u00f6r dina produkter kommer du automatiskt att kunna ladda ner dina PDF-filer med dina nya fina mallar som kommer i mejl till dig!<\/em><\/strong><\/p>","protected":false},"featured_media":26983,"comment_status":"open","ping_status":"closed","template":"","meta":[],"product_brand":[],"product_cat":[458,703],"product_tag":[1354,1355,674,866,815,1348,675,678,867,817],"class_list":{"0":"post-26976","1":"product","2":"type-product","3":"status-publish","4":"has-post-thumbnail","6":"product_cat-ovriga-monster","7":"product_cat-etiketter","8":"product_tag-vikmonster-laptop-fodral","9":"product_tag-virkad-laptopvaska","10":"product_tag-virkad-mobilvaska","11":"product_tag-virkad-mugghallare","12":"product_tag-virkad-muggvarmare","13":"product_tag-virkat-laptop-fodral","14":"product_tag-virkat-mobilfodral","15":"product_tag-virkmonster-mobilfodral","16":"product_tag-virkmonster-mugghallare","17":"product_tag-virkmonster-muggvarmare","19":"first","20":"instock","21":"downloadable","22":"virtual","23":"sold-individually","24":"taxable","25":"purchasable","26":"product-type-bundle"},"bundled_by":[],"bundle_stock_status":"instock","bundle_stock_quantity":"","bundle_virtual":false,"bundle_layout":"default","bundle_add_to_cart_form_location":"default","bundle_editable_in_cart":false,"bundle_sold_individually_context":"product","bundle_item_grouping":"parent","bundle_min_size":"","bundle_max_size":"","bundle_price":{"price":{"min":{"incl_tax":"100","excl_tax":"94.339623"},"max":{"incl_tax":"100","excl_tax":"94.339623"}},"regular_price":{"min":{"incl_tax":"100","excl_tax":"94.339623"},"max":{"incl_tax":"100","excl_tax":"94.339623"}}},"bundled_items":[{"bundled_item_id":31,"product_id":26803,"menu_order":0,"quantity_min":1,"quantity_max":1,"quantity_default":1,"priced_individually":false,"shipped_individually":true,"override_title":false,"title":"Virkm\u00f6nster Muggv\u00e4rmaren \"Rosebud\" + Utskriftbar Display","override_description":false,"description":"","optional":false,"hide_thumbnail":false,"discount":"","override_variations":false,"allowed_variations":[],"override_default_variation_attributes":false,"default_variation_attributes":[],"single_product_visibility":"visible","cart_visibility":"visible","order_visibility":"visible","single_product_price_visibility":"visible","cart_price_visibility":"visible","order_price_visibility":"visible","stock_status":"in_stock"},{"bundled_item_id":32,"product_id":26966,"menu_order":1,"quantity_min":1,"quantity_max":1,"quantity_default":1,"priced_individually":false,"shipped_individually":true,"override_title":false,"title":"Virkm\u00f6nster Laptop\/iPad fodral \"Rosebud\"","override_description":false,"description":"","optional":false,"hide_thumbnail":false,"discount":"","override_variations":false,"allowed_variations":[],"override_default_variation_attributes":false,"default_variation_attributes":[],"single_product_visibility":"visible","cart_visibility":"visible","order_visibility":"visible","single_product_price_visibility":"visible","cart_price_visibility":"visible","order_price_visibility":"visible","stock_status":"in_stock"},{"bundled_item_id":33,"product_id":26971,"menu_order":2,"quantity_min":1,"quantity_max":1,"quantity_default":1,"priced_individually":false,"shipped_individually":true,"override_title":false,"title":"Virkm\u00f6nster Mobilfodral \"Rosebud\"","override_description":false,"description":"","optional":false,"hide_thumbnail":false,"discount":"","override_variations":false,"allowed_variations":[],"override_default_variation_attributes":false,"default_variation_attributes":[],"single_product_visibility":"visible","cart_visibility":"visible","order_visibility":"visible","single_product_price_visibility":"visible","cart_price_visibility":"visible","order_price_visibility":"visible","stock_status":"in_stock"}],"bundle_sell_ids":[],"yoast_head":"<!-- This site is optimized with the Yoast SEO plugin v27.0 - https:\/\/yoast.com\/product\/yoast-seo-wordpress\/ -->\n<title>M\u00f6nsterpaket p\u00e5 virkade &quot;Rosebud&quot;- fodral &amp; muggv\u00e4rmare - EllenKantarellen<\/title>\n<meta name=\"description\" content=\"Virkm\u00f6nster p\u00e5 supers\u00f6ta Muggv\u00e4rmaren &quot;Rosebud&quot; samt utskriftbar etikett\/display f\u00f6r dina handgjorda mugg\u00e4rmare. En rolig present till alla kaffe\u00e4lskare!\" \/>\n<meta name=\"robots\" content=\"index, follow, max-snippet:-1, max-image-preview:large, max-video-preview:-1\" \/>\n<link rel=\"canonical\" href=\"https:\/\/www.ellenkantarellen.se\/en\/product-2\/monsterpaket-pa-virkade-rosebud-fodral-muggvarmare\/\" \/>\n<meta property=\"og:locale\" content=\"en_GB\" \/>\n<meta property=\"og:type\" content=\"article\" \/>\n<meta property=\"og:title\" content=\"M\u00f6nsterpaket p\u00e5 virkade &quot;Rosebud&quot;- fodral &amp; muggv\u00e4rmare - EllenKantarellen\" \/>\n<meta property=\"og:description\" content=\"Virkm\u00f6nster p\u00e5 supers\u00f6ta Muggv\u00e4rmaren &quot;Rosebud&quot; samt utskriftbar etikett\/display f\u00f6r dina handgjorda mugg\u00e4rmare. En rolig present till alla kaffe\u00e4lskare!\" \/>\n<meta property=\"og:url\" content=\"https:\/\/www.ellenkantarellen.se\/en\/product-2\/monsterpaket-pa-virkade-rosebud-fodral-muggvarmare\/\" \/>\n<meta property=\"og:site_name\" content=\"EllenKantarellen\" \/>\n<meta property=\"article:modified_time\" content=\"2026-02-18T19:15:24+00:00\" \/>\n<meta property=\"og:image\" content=\"https:\/\/www.ellenkantarellen.se\/wp-content\/uploads\/2026\/02\/FRAMSIDA-NY-67-1024x1024.png\" \/>\n\t<meta property=\"og:image:width\" content=\"1024\" \/>\n\t<meta property=\"og:image:height\" content=\"1024\" \/>\n\t<meta property=\"og:image:type\" content=\"image\/png\" \/>\n<meta name=\"twitter:card\" content=\"summary_large_image\" \/>\n<meta name=\"twitter:label1\" content=\"Estimated reading time\" \/>\n\t<meta name=\"twitter:data1\" content=\"1 minute\" \/>\n<script type=\"application\/ld+json\" class=\"yoast-schema-graph\">{\"@context\":\"https:\/\/schema.org\",\"@graph\":[{\"@type\":\"WebPage\",\"@id\":\"https:\/\/www.ellenkantarellen.se\/produkt\/monsterpaket-pa-virkade-rosebud-fodral-muggvarmare\/\",\"url\":\"https:\/\/www.ellenkantarellen.se\/produkt\/monsterpaket-pa-virkade-rosebud-fodral-muggvarmare\/\",\"name\":\"M\u00f6nsterpaket p\u00e5 virkade \\\"Rosebud\\\"- fodral & muggv\u00e4rmare - EllenKantarellen\",\"isPartOf\":{\"@id\":\"https:\/\/www.ellenkantarellen.se\/#website\"},\"primaryImageOfPage\":{\"@id\":\"https:\/\/www.ellenkantarellen.se\/produkt\/monsterpaket-pa-virkade-rosebud-fodral-muggvarmare\/#primaryimage\"},\"image\":{\"@id\":\"https:\/\/www.ellenkantarellen.se\/produkt\/monsterpaket-pa-virkade-rosebud-fodral-muggvarmare\/#primaryimage\"},\"thumbnailUrl\":\"https:\/\/www.ellenkantarellen.se\/wp-content\/uploads\/2026\/02\/FRAMSIDA-NY-67.png\",\"datePublished\":\"2026-02-18T18:46:47+00:00\",\"dateModified\":\"2026-02-18T19:15:24+00:00\",\"description\":\"Virkm\u00f6nster p\u00e5 supers\u00f6ta Muggv\u00e4rmaren \\\"Rosebud\\\" samt utskriftbar etikett\/display f\u00f6r dina handgjorda mugg\u00e4rmare. En rolig present till alla kaffe\u00e4lskare!\",\"breadcrumb\":{\"@id\":\"https:\/\/www.ellenkantarellen.se\/produkt\/monsterpaket-pa-virkade-rosebud-fodral-muggvarmare\/#breadcrumb\"},\"inLanguage\":\"en-GB\",\"potentialAction\":[{\"@type\":\"ReadAction\",\"target\":[\"https:\/\/www.ellenkantarellen.se\/produkt\/monsterpaket-pa-virkade-rosebud-fodral-muggvarmare\/\"]}]},{\"@type\":\"ImageObject\",\"inLanguage\":\"en-GB\",\"@id\":\"https:\/\/www.ellenkantarellen.se\/produkt\/monsterpaket-pa-virkade-rosebud-fodral-muggvarmare\/#primaryimage\",\"url\":\"https:\/\/www.ellenkantarellen.se\/wp-content\/uploads\/2026\/02\/FRAMSIDA-NY-67.png\",\"contentUrl\":\"https:\/\/www.ellenkantarellen.se\/wp-content\/uploads\/2026\/02\/FRAMSIDA-NY-67.png\",\"width\":1080,\"height\":1080},{\"@type\":\"BreadcrumbList\",\"@id\":\"https:\/\/www.ellenkantarellen.se\/produkt\/monsterpaket-pa-virkade-rosebud-fodral-muggvarmare\/#breadcrumb\",\"itemListElement\":[{\"@type\":\"ListItem\",\"position\":1,\"name\":\"Hem\",\"item\":\"https:\/\/www.ellenkantarellen.se\/\"},{\"@type\":\"ListItem\",\"position\":2,\"name\":\"Aff\u00e4r\",\"item\":\"https:\/\/www.ellenkantarellen.se\/affar\/\"},{\"@type\":\"ListItem\",\"position\":3,\"name\":\"M\u00f6nsterpaket p\u00e5 virkade &#8221;Rosebud&#8221;- fodral &#038; muggv\u00e4rmare\"}]},{\"@type\":\"WebSite\",\"@id\":\"https:\/\/www.ellenkantarellen.se\/#website\",\"url\":\"https:\/\/www.ellenkantarellen.se\/\",\"name\":\"EllenKantarellen\",\"description\":\"\",\"publisher\":{\"@id\":\"https:\/\/www.ellenkantarellen.se\/#organization\"},\"potentialAction\":[{\"@type\":\"SearchAction\",\"target\":{\"@type\":\"EntryPoint\",\"urlTemplate\":\"https:\/\/www.ellenkantarellen.se\/?s={search_term_string}\"},\"query-input\":{\"@type\":\"PropertyValueSpecification\",\"valueRequired\":true,\"valueName\":\"search_term_string\"}}],\"inLanguage\":\"en-GB\"},{\"@type\":\"Organization\",\"@id\":\"https:\/\/www.ellenkantarellen.se\/#organization\",\"name\":\"EllenKantarellen\",\"url\":\"https:\/\/www.ellenkantarellen.se\/\",\"logo\":{\"@type\":\"ImageObject\",\"inLanguage\":\"en-GB\",\"@id\":\"https:\/\/www.ellenkantarellen.se\/#\/schema\/logo\/image\/\",\"url\":\"https:\/\/www.ellenkantarellen.se\/wp-content\/uploads\/2021\/09\/ek2.png\",\"contentUrl\":\"https:\/\/www.ellenkantarellen.se\/wp-content\/uploads\/2021\/09\/ek2.png\",\"width\":2232,\"height\":508,\"caption\":\"EllenKantarellen\"},\"image\":{\"@id\":\"https:\/\/www.ellenkantarellen.se\/#\/schema\/logo\/image\/\"}}]}<\/script>\n<!-- \/ Yoast SEO plugin. -->","yoast_head_json":{"title":"M\u00f6nsterpaket p\u00e5 virkade \"Rosebud\"- fodral & muggv\u00e4rmare - EllenKantarellen","description":"Virkm\u00f6nster p\u00e5 supers\u00f6ta Muggv\u00e4rmaren \"Rosebud\" samt utskriftbar etikett\/display f\u00f6r dina handgjorda mugg\u00e4rmare. En rolig present till alla kaffe\u00e4lskare!","robots":{"index":"index","follow":"follow","max-snippet":"max-snippet:-1","max-image-preview":"max-image-preview:large","max-video-preview":"max-video-preview:-1"},"canonical":"https:\/\/www.ellenkantarellen.se\/en\/product-2\/monsterpaket-pa-virkade-rosebud-fodral-muggvarmare\/","og_locale":"en_GB","og_type":"article","og_title":"M\u00f6nsterpaket p\u00e5 virkade \"Rosebud\"- fodral & muggv\u00e4rmare - EllenKantarellen","og_description":"Virkm\u00f6nster p\u00e5 supers\u00f6ta Muggv\u00e4rmaren \"Rosebud\" samt utskriftbar etikett\/display f\u00f6r dina handgjorda mugg\u00e4rmare. En rolig present till alla kaffe\u00e4lskare!","og_url":"https:\/\/www.ellenkantarellen.se\/en\/product-2\/monsterpaket-pa-virkade-rosebud-fodral-muggvarmare\/","og_site_name":"EllenKantarellen","article_modified_time":"2026-02-18T19:15:24+00:00","og_image":[{"width":1024,"height":1024,"url":"https:\/\/www.ellenkantarellen.se\/wp-content\/uploads\/2026\/02\/FRAMSIDA-NY-67-1024x1024.png","type":"image\/png"}],"twitter_card":"summary_large_image","twitter_misc":{"Estimated reading time":"1 minute"},"schema":{"@context":"https:\/\/schema.org","@graph":[{"@type":"WebPage","@id":"https:\/\/www.ellenkantarellen.se\/produkt\/monsterpaket-pa-virkade-rosebud-fodral-muggvarmare\/","url":"https:\/\/www.ellenkantarellen.se\/produkt\/monsterpaket-pa-virkade-rosebud-fodral-muggvarmare\/","name":"M\u00f6nsterpaket p\u00e5 virkade \"Rosebud\"- fodral & muggv\u00e4rmare - EllenKantarellen","isPartOf":{"@id":"https:\/\/www.ellenkantarellen.se\/#website"},"primaryImageOfPage":{"@id":"https:\/\/www.ellenkantarellen.se\/produkt\/monsterpaket-pa-virkade-rosebud-fodral-muggvarmare\/#primaryimage"},"image":{"@id":"https:\/\/www.ellenkantarellen.se\/produkt\/monsterpaket-pa-virkade-rosebud-fodral-muggvarmare\/#primaryimage"},"thumbnailUrl":"https:\/\/www.ellenkantarellen.se\/wp-content\/uploads\/2026\/02\/FRAMSIDA-NY-67.png","datePublished":"2026-02-18T18:46:47+00:00","dateModified":"2026-02-18T19:15:24+00:00","description":"Virkm\u00f6nster p\u00e5 supers\u00f6ta Muggv\u00e4rmaren \"Rosebud\" samt utskriftbar etikett\/display f\u00f6r dina handgjorda mugg\u00e4rmare. En rolig present till alla kaffe\u00e4lskare!","breadcrumb":{"@id":"https:\/\/www.ellenkantarellen.se\/produkt\/monsterpaket-pa-virkade-rosebud-fodral-muggvarmare\/#breadcrumb"},"inLanguage":"en-GB","potentialAction":[{"@type":"ReadAction","target":["https:\/\/www.ellenkantarellen.se\/produkt\/monsterpaket-pa-virkade-rosebud-fodral-muggvarmare\/"]}]},{"@type":"ImageObject","inLanguage":"en-GB","@id":"https:\/\/www.ellenkantarellen.se\/produkt\/monsterpaket-pa-virkade-rosebud-fodral-muggvarmare\/#primaryimage","url":"https:\/\/www.ellenkantarellen.se\/wp-content\/uploads\/2026\/02\/FRAMSIDA-NY-67.png","contentUrl":"https:\/\/www.ellenkantarellen.se\/wp-content\/uploads\/2026\/02\/FRAMSIDA-NY-67.png","width":1080,"height":1080},{"@type":"BreadcrumbList","@id":"https:\/\/www.ellenkantarellen.se\/produkt\/monsterpaket-pa-virkade-rosebud-fodral-muggvarmare\/#breadcrumb","itemListElement":[{"@type":"ListItem","position":1,"name":"Hem","item":"https:\/\/www.ellenkantarellen.se\/"},{"@type":"ListItem","position":2,"name":"Aff\u00e4r","item":"https:\/\/www.ellenkantarellen.se\/affar\/"},{"@type":"ListItem","position":3,"name":"M\u00f6nsterpaket p\u00e5 virkade &#8221;Rosebud&#8221;- fodral &#038; muggv\u00e4rmare"}]},{"@type":"WebSite","@id":"https:\/\/www.ellenkantarellen.se\/#website","url":"https:\/\/www.ellenkantarellen.se\/","name":"EllenKantarellen","description":"","publisher":{"@id":"https:\/\/www.ellenkantarellen.se\/#organization"},"potentialAction":[{"@type":"SearchAction","target":{"@type":"EntryPoint","urlTemplate":"https:\/\/www.ellenkantarellen.se\/?s={search_term_string}"},"query-input":{"@type":"PropertyValueSpecification","valueRequired":true,"valueName":"search_term_string"}}],"inLanguage":"en-GB"},{"@type":"Organization","@id":"https:\/\/www.ellenkantarellen.se\/#organization","name":"EllenKantarellen","url":"https:\/\/www.ellenkantarellen.se\/","logo":{"@type":"ImageObject","inLanguage":"en-GB","@id":"https:\/\/www.ellenkantarellen.se\/#\/schema\/logo\/image\/","url":"https:\/\/www.ellenkantarellen.se\/wp-content\/uploads\/2021\/09\/ek2.png","contentUrl":"https:\/\/www.ellenkantarellen.se\/wp-content\/uploads\/2021\/09\/ek2.png","width":2232,"height":508,"caption":"EllenKantarellen"},"image":{"@id":"https:\/\/www.ellenkantarellen.se\/#\/schema\/logo\/image\/"}}]}},"_links":{"self":[{"href":"https:\/\/www.ellenkantarellen.se\/en\/wp-json\/wp\/v2\/product\/26976","targetHints":{"allow":["GET"]}}],"collection":[{"href":"https:\/\/www.ellenkantarellen.se\/en\/wp-json\/wp\/v2\/product"}],"about":[{"href":"https:\/\/www.ellenkantarellen.se\/en\/wp-json\/wp\/v2\/types\/product"}],"replies":[{"embeddable":true,"href":"https:\/\/www.ellenkantarellen.se\/en\/wp-json\/wp\/v2\/comments?post=26976"}],"wp:featuredmedia":[{"embeddable":true,"href":"https:\/\/www.ellenkantarellen.se\/en\/wp-json\/wp\/v2\/media\/26983"}],"wp:attachment":[{"href":"https:\/\/www.ellenkantarellen.se\/en\/wp-json\/wp\/v2\/media?parent=26976"}],"wp:term":[{"taxonomy":"product_brand","embeddable":true,"href":"https:\/\/www.ellenkantarellen.se\/en\/wp-json\/wp\/v2\/product_brand?post=26976"},{"taxonomy":"product_cat","embeddable":true,"href":"https:\/\/www.ellenkantarellen.se\/en\/wp-json\/wp\/v2\/product_cat?post=26976"},{"taxonomy":"product_tag","embeddable":true,"href":"https:\/\/www.ellenkantarellen.se\/en\/wp-json\/wp\/v2\/product_tag?post=26976"}],"curies":[{"name":"wp","href":"https:\/\/api.w.org\/{rel}","templated":true}]}}