{"id":27062,"date":"2026-02-21T18:14:58","date_gmt":"2026-02-21T17:14:58","guid":{"rendered":"https:\/\/www.ellenkantarellen.se\/?post_type=product&#038;p=27062"},"modified":"2026-02-21T18:22:55","modified_gmt":"2026-02-21T17:22:55","slug":"virkmonster-agg-hona-med-kycklingar","status":"publish","type":"product","link":"https:\/\/www.ellenkantarellen.se\/en\/produkt\/virkmonster-agg-hona-med-kycklingar\/","title":{"rendered":"Virkm\u00f6nster \u00c4gg-H\u00f6na med kycklingar"},"content":{"rendered":"<p>M\u00f6nster p\u00e5 supers\u00f6ta \u00c4gg-H\u00f6na som korg med kycklingar som \u00e4ggh\u00e5llare! Ett m\u00e5ste f\u00f6r P\u00e5skfirandet! Ett m\u00f6nster som passar b\u00e5de nyb\u00f6rjare som van! Virkas med Chenillegarn och akrylgarn. H\u00f6nan blir cirka 25 cm h\u00f6g och 23 cm l\u00e5ng.<\/p>","protected":false},"excerpt":{"rendered":"<p><em>M\u00f6nster p\u00e5 supers\u00f6ta \u00c4gg-H\u00f6na med kycklingar som \u00e4ggh\u00e5llare! <\/em><strong><em>N\u00e4r du betalat f\u00f6r m\u00f6nstret kommer du automatiskt att kunna ladda ner din PDF-fil med ditt nya roliga m\u00f6nster som kommer i mejl till dig!<\/em><\/strong><\/p>","protected":false},"featured_media":27067,"comment_status":"open","ping_status":"closed","template":"","meta":[],"product_brand":[],"product_cat":[457,459],"product_tag":[354,1356,1130,546,545,547,543,1357,880,1143,892],"class_list":{"0":"post-27062","1":"product","2":"type-product","3":"status-publish","4":"has-post-thumbnail","6":"product_cat-monster-amigurumi","7":"product_cat-paskmonster","8":"product_tag-paskmonster","9":"product_tag-virkad-agghallare","10":"product_tag-virkad-aggkopp","11":"product_tag-virkad-hona","12":"product_tag-virkad-kyckling","13":"product_tag-virkad-tupp","14":"product_tag-virkat-till-pask","15":"product_tag-virkmonster-aggkopp","16":"product_tag-virkmonster-aggkorg","17":"product_tag-virkmonster-hona","18":"product_tag-virkmonster-kyckling","20":"first","21":"instock","22":"downloadable","23":"virtual","24":"sold-individually","25":"taxable","26":"purchasable","27":"product-type-simple"},"bundled_by":[],"bundle_stock_status":"instock","bundle_stock_quantity":null,"bundle_virtual":false,"bundle_layout":"","bundle_add_to_cart_form_location":"","bundle_editable_in_cart":false,"bundle_sold_individually_context":"","bundle_item_grouping":"","bundle_min_size":"","bundle_max_size":"","bundle_price":[],"bundled_items":[],"bundle_sell_ids":[],"yoast_head":"<!-- This site is optimized with the Yoast SEO plugin v27.0 - https:\/\/yoast.com\/product\/yoast-seo-wordpress\/ -->\n<title>Virkm\u00f6nster \u00c4gg-H\u00f6na med kycklingar - EllenKantarellen<\/title>\n<meta name=\"description\" content=\"M\u00f6nster p\u00e5 supers\u00f6ta \u00c4gg-H\u00f6na med kycklingar som \u00e4ggh\u00e5llare! Ett m\u00e5ste f\u00f6r P\u00e5skfirandet! Ett m\u00f6nster som passar b\u00e5de nyb\u00f6rjare som van!\" \/>\n<meta name=\"robots\" content=\"index, follow, max-snippet:-1, max-image-preview:large, max-video-preview:-1\" \/>\n<link rel=\"canonical\" href=\"https:\/\/www.ellenkantarellen.se\/en\/product-2\/virkmonster-agg-hona-med-kycklingar\/\" \/>\n<meta property=\"og:locale\" content=\"en_GB\" \/>\n<meta property=\"og:type\" content=\"article\" \/>\n<meta property=\"og:title\" content=\"Virkm\u00f6nster \u00c4gg-H\u00f6na med kycklingar - EllenKantarellen\" \/>\n<meta property=\"og:description\" content=\"M\u00f6nster p\u00e5 supers\u00f6ta \u00c4gg-H\u00f6na med kycklingar som \u00e4ggh\u00e5llare! Ett m\u00e5ste f\u00f6r P\u00e5skfirandet! Ett m\u00f6nster som passar b\u00e5de nyb\u00f6rjare som van!\" \/>\n<meta property=\"og:url\" content=\"https:\/\/www.ellenkantarellen.se\/en\/product-2\/virkmonster-agg-hona-med-kycklingar\/\" \/>\n<meta property=\"og:site_name\" content=\"EllenKantarellen\" \/>\n<meta property=\"article:modified_time\" content=\"2026-02-21T17:22:55+00:00\" \/>\n<meta property=\"og:image\" content=\"https:\/\/www.ellenkantarellen.se\/wp-content\/uploads\/2026\/02\/FRAMSIDA-NY-78.png\" \/>\n\t<meta property=\"og:image:width\" content=\"1080\" \/>\n\t<meta property=\"og:image:height\" content=\"1080\" \/>\n\t<meta property=\"og:image:type\" content=\"image\/png\" \/>\n<meta name=\"twitter:card\" content=\"summary_large_image\" \/>\n<meta name=\"twitter:label1\" content=\"Estimated reading time\" \/>\n\t<meta name=\"twitter:data1\" content=\"1 minute\" \/>\n<script type=\"application\/ld+json\" class=\"yoast-schema-graph\">{\"@context\":\"https:\/\/schema.org\",\"@graph\":[{\"@type\":\"WebPage\",\"@id\":\"https:\/\/www.ellenkantarellen.se\/produkt\/virkmonster-agg-hona-med-kycklingar\/\",\"url\":\"https:\/\/www.ellenkantarellen.se\/produkt\/virkmonster-agg-hona-med-kycklingar\/\",\"name\":\"Virkm\u00f6nster \u00c4gg-H\u00f6na med kycklingar - EllenKantarellen\",\"isPartOf\":{\"@id\":\"https:\/\/www.ellenkantarellen.se\/#website\"},\"primaryImageOfPage\":{\"@id\":\"https:\/\/www.ellenkantarellen.se\/produkt\/virkmonster-agg-hona-med-kycklingar\/#primaryimage\"},\"image\":{\"@id\":\"https:\/\/www.ellenkantarellen.se\/produkt\/virkmonster-agg-hona-med-kycklingar\/#primaryimage\"},\"thumbnailUrl\":\"https:\/\/www.ellenkantarellen.se\/wp-content\/uploads\/2026\/02\/FRAMSIDA-NY-78.png\",\"datePublished\":\"2026-02-21T17:14:58+00:00\",\"dateModified\":\"2026-02-21T17:22:55+00:00\",\"description\":\"M\u00f6nster p\u00e5 supers\u00f6ta \u00c4gg-H\u00f6na med kycklingar som \u00e4ggh\u00e5llare! Ett m\u00e5ste f\u00f6r P\u00e5skfirandet! Ett m\u00f6nster som passar b\u00e5de nyb\u00f6rjare som van!\",\"breadcrumb\":{\"@id\":\"https:\/\/www.ellenkantarellen.se\/produkt\/virkmonster-agg-hona-med-kycklingar\/#breadcrumb\"},\"inLanguage\":\"en-GB\",\"potentialAction\":[{\"@type\":\"ReadAction\",\"target\":[\"https:\/\/www.ellenkantarellen.se\/produkt\/virkmonster-agg-hona-med-kycklingar\/\"]}]},{\"@type\":\"ImageObject\",\"inLanguage\":\"en-GB\",\"@id\":\"https:\/\/www.ellenkantarellen.se\/produkt\/virkmonster-agg-hona-med-kycklingar\/#primaryimage\",\"url\":\"https:\/\/www.ellenkantarellen.se\/wp-content\/uploads\/2026\/02\/FRAMSIDA-NY-78.png\",\"contentUrl\":\"https:\/\/www.ellenkantarellen.se\/wp-content\/uploads\/2026\/02\/FRAMSIDA-NY-78.png\",\"width\":1080,\"height\":1080},{\"@type\":\"BreadcrumbList\",\"@id\":\"https:\/\/www.ellenkantarellen.se\/produkt\/virkmonster-agg-hona-med-kycklingar\/#breadcrumb\",\"itemListElement\":[{\"@type\":\"ListItem\",\"position\":1,\"name\":\"Hem\",\"item\":\"https:\/\/www.ellenkantarellen.se\/\"},{\"@type\":\"ListItem\",\"position\":2,\"name\":\"Aff\u00e4r\",\"item\":\"https:\/\/www.ellenkantarellen.se\/affar\/\"},{\"@type\":\"ListItem\",\"position\":3,\"name\":\"Virkm\u00f6nster \u00c4gg-H\u00f6na med kycklingar\"}]},{\"@type\":\"WebSite\",\"@id\":\"https:\/\/www.ellenkantarellen.se\/#website\",\"url\":\"https:\/\/www.ellenkantarellen.se\/\",\"name\":\"EllenKantarellen\",\"description\":\"\",\"publisher\":{\"@id\":\"https:\/\/www.ellenkantarellen.se\/#organization\"},\"potentialAction\":[{\"@type\":\"SearchAction\",\"target\":{\"@type\":\"EntryPoint\",\"urlTemplate\":\"https:\/\/www.ellenkantarellen.se\/?s={search_term_string}\"},\"query-input\":{\"@type\":\"PropertyValueSpecification\",\"valueRequired\":true,\"valueName\":\"search_term_string\"}}],\"inLanguage\":\"en-GB\"},{\"@type\":\"Organization\",\"@id\":\"https:\/\/www.ellenkantarellen.se\/#organization\",\"name\":\"EllenKantarellen\",\"url\":\"https:\/\/www.ellenkantarellen.se\/\",\"logo\":{\"@type\":\"ImageObject\",\"inLanguage\":\"en-GB\",\"@id\":\"https:\/\/www.ellenkantarellen.se\/#\/schema\/logo\/image\/\",\"url\":\"https:\/\/www.ellenkantarellen.se\/wp-content\/uploads\/2021\/09\/ek2.png\",\"contentUrl\":\"https:\/\/www.ellenkantarellen.se\/wp-content\/uploads\/2021\/09\/ek2.png\",\"width\":2232,\"height\":508,\"caption\":\"EllenKantarellen\"},\"image\":{\"@id\":\"https:\/\/www.ellenkantarellen.se\/#\/schema\/logo\/image\/\"}}]}<\/script>\n<!-- \/ Yoast SEO plugin. -->","yoast_head_json":{"title":"Virkm\u00f6nster \u00c4gg-H\u00f6na med kycklingar - EllenKantarellen","description":"M\u00f6nster p\u00e5 supers\u00f6ta \u00c4gg-H\u00f6na med kycklingar som \u00e4ggh\u00e5llare! Ett m\u00e5ste f\u00f6r P\u00e5skfirandet! Ett m\u00f6nster som passar b\u00e5de nyb\u00f6rjare som van!","robots":{"index":"index","follow":"follow","max-snippet":"max-snippet:-1","max-image-preview":"max-image-preview:large","max-video-preview":"max-video-preview:-1"},"canonical":"https:\/\/www.ellenkantarellen.se\/en\/product-2\/virkmonster-agg-hona-med-kycklingar\/","og_locale":"en_GB","og_type":"article","og_title":"Virkm\u00f6nster \u00c4gg-H\u00f6na med kycklingar - EllenKantarellen","og_description":"M\u00f6nster p\u00e5 supers\u00f6ta \u00c4gg-H\u00f6na med kycklingar som \u00e4ggh\u00e5llare! Ett m\u00e5ste f\u00f6r P\u00e5skfirandet! Ett m\u00f6nster som passar b\u00e5de nyb\u00f6rjare som van!","og_url":"https:\/\/www.ellenkantarellen.se\/en\/product-2\/virkmonster-agg-hona-med-kycklingar\/","og_site_name":"EllenKantarellen","article_modified_time":"2026-02-21T17:22:55+00:00","og_image":[{"width":1080,"height":1080,"url":"https:\/\/www.ellenkantarellen.se\/wp-content\/uploads\/2026\/02\/FRAMSIDA-NY-78.png","type":"image\/png"}],"twitter_card":"summary_large_image","twitter_misc":{"Estimated reading time":"1 minute"},"schema":{"@context":"https:\/\/schema.org","@graph":[{"@type":"WebPage","@id":"https:\/\/www.ellenkantarellen.se\/produkt\/virkmonster-agg-hona-med-kycklingar\/","url":"https:\/\/www.ellenkantarellen.se\/produkt\/virkmonster-agg-hona-med-kycklingar\/","name":"Virkm\u00f6nster \u00c4gg-H\u00f6na med kycklingar - EllenKantarellen","isPartOf":{"@id":"https:\/\/www.ellenkantarellen.se\/#website"},"primaryImageOfPage":{"@id":"https:\/\/www.ellenkantarellen.se\/produkt\/virkmonster-agg-hona-med-kycklingar\/#primaryimage"},"image":{"@id":"https:\/\/www.ellenkantarellen.se\/produkt\/virkmonster-agg-hona-med-kycklingar\/#primaryimage"},"thumbnailUrl":"https:\/\/www.ellenkantarellen.se\/wp-content\/uploads\/2026\/02\/FRAMSIDA-NY-78.png","datePublished":"2026-02-21T17:14:58+00:00","dateModified":"2026-02-21T17:22:55+00:00","description":"M\u00f6nster p\u00e5 supers\u00f6ta \u00c4gg-H\u00f6na med kycklingar som \u00e4ggh\u00e5llare! Ett m\u00e5ste f\u00f6r P\u00e5skfirandet! Ett m\u00f6nster som passar b\u00e5de nyb\u00f6rjare som van!","breadcrumb":{"@id":"https:\/\/www.ellenkantarellen.se\/produkt\/virkmonster-agg-hona-med-kycklingar\/#breadcrumb"},"inLanguage":"en-GB","potentialAction":[{"@type":"ReadAction","target":["https:\/\/www.ellenkantarellen.se\/produkt\/virkmonster-agg-hona-med-kycklingar\/"]}]},{"@type":"ImageObject","inLanguage":"en-GB","@id":"https:\/\/www.ellenkantarellen.se\/produkt\/virkmonster-agg-hona-med-kycklingar\/#primaryimage","url":"https:\/\/www.ellenkantarellen.se\/wp-content\/uploads\/2026\/02\/FRAMSIDA-NY-78.png","contentUrl":"https:\/\/www.ellenkantarellen.se\/wp-content\/uploads\/2026\/02\/FRAMSIDA-NY-78.png","width":1080,"height":1080},{"@type":"BreadcrumbList","@id":"https:\/\/www.ellenkantarellen.se\/produkt\/virkmonster-agg-hona-med-kycklingar\/#breadcrumb","itemListElement":[{"@type":"ListItem","position":1,"name":"Hem","item":"https:\/\/www.ellenkantarellen.se\/"},{"@type":"ListItem","position":2,"name":"Aff\u00e4r","item":"https:\/\/www.ellenkantarellen.se\/affar\/"},{"@type":"ListItem","position":3,"name":"Virkm\u00f6nster \u00c4gg-H\u00f6na med kycklingar"}]},{"@type":"WebSite","@id":"https:\/\/www.ellenkantarellen.se\/#website","url":"https:\/\/www.ellenkantarellen.se\/","name":"EllenKantarellen","description":"","publisher":{"@id":"https:\/\/www.ellenkantarellen.se\/#organization"},"potentialAction":[{"@type":"SearchAction","target":{"@type":"EntryPoint","urlTemplate":"https:\/\/www.ellenkantarellen.se\/?s={search_term_string}"},"query-input":{"@type":"PropertyValueSpecification","valueRequired":true,"valueName":"search_term_string"}}],"inLanguage":"en-GB"},{"@type":"Organization","@id":"https:\/\/www.ellenkantarellen.se\/#organization","name":"EllenKantarellen","url":"https:\/\/www.ellenkantarellen.se\/","logo":{"@type":"ImageObject","inLanguage":"en-GB","@id":"https:\/\/www.ellenkantarellen.se\/#\/schema\/logo\/image\/","url":"https:\/\/www.ellenkantarellen.se\/wp-content\/uploads\/2021\/09\/ek2.png","contentUrl":"https:\/\/www.ellenkantarellen.se\/wp-content\/uploads\/2021\/09\/ek2.png","width":2232,"height":508,"caption":"EllenKantarellen"},"image":{"@id":"https:\/\/www.ellenkantarellen.se\/#\/schema\/logo\/image\/"}}]}},"_links":{"self":[{"href":"https:\/\/www.ellenkantarellen.se\/en\/wp-json\/wp\/v2\/product\/27062","targetHints":{"allow":["GET"]}}],"collection":[{"href":"https:\/\/www.ellenkantarellen.se\/en\/wp-json\/wp\/v2\/product"}],"about":[{"href":"https:\/\/www.ellenkantarellen.se\/en\/wp-json\/wp\/v2\/types\/product"}],"replies":[{"embeddable":true,"href":"https:\/\/www.ellenkantarellen.se\/en\/wp-json\/wp\/v2\/comments?post=27062"}],"wp:featuredmedia":[{"embeddable":true,"href":"https:\/\/www.ellenkantarellen.se\/en\/wp-json\/wp\/v2\/media\/27067"}],"wp:attachment":[{"href":"https:\/\/www.ellenkantarellen.se\/en\/wp-json\/wp\/v2\/media?parent=27062"}],"wp:term":[{"taxonomy":"product_brand","embeddable":true,"href":"https:\/\/www.ellenkantarellen.se\/en\/wp-json\/wp\/v2\/product_brand?post=27062"},{"taxonomy":"product_cat","embeddable":true,"href":"https:\/\/www.ellenkantarellen.se\/en\/wp-json\/wp\/v2\/product_cat?post=27062"},{"taxonomy":"product_tag","embeddable":true,"href":"https:\/\/www.ellenkantarellen.se\/en\/wp-json\/wp\/v2\/product_tag?post=27062"}],"curies":[{"name":"wp","href":"https:\/\/api.w.org\/{rel}","templated":true}]}}