{"id":27579,"date":"2026-03-11T13:23:08","date_gmt":"2026-03-11T12:23:08","guid":{"rendered":"https:\/\/www.ellenkantarellen.se\/?post_type=product&#038;p=27579"},"modified":"2026-03-22T15:48:18","modified_gmt":"2026-03-22T14:48:18","slug":"monster-virkad-kanin-utskriftbar-ask-med-andringsbar-text","status":"publish","type":"product","link":"https:\/\/www.ellenkantarellen.se\/en\/produkt\/monster-virkad-kanin-utskriftbar-ask-med-andringsbar-text\/","title":{"rendered":"M\u00f6nster Virkad Kanin+ utskriftbar Ask med \u00e4ndringsbar text"},"content":{"rendered":"<p>M\u00f6nster p\u00e5 min supers\u00f6ta virkade fluffiga Kanin med tillh\u00f6rande utskriftbar ask. 5 olika utseenden med &#8221;Glad P\u00e5sk&#8221;-text p\u00e5 svenska, 12 olika utseenden med lite rolig engelsk text samt en mall d\u00e4r du kan \u00e4ndra texten till det du sj\u00e4lv \u00f6nskar! Ett m\u00f6nster som passar b\u00e5de nyb\u00f6rjare som van! Kaninen \u00e4r virkat i chenillegarn och blir cirka 7.5\u00a0 x 7 cm, boxen blir cirka \u00a010,5 x 8 cm stora. Perfekta presenten p\u00e5 P\u00e5sk!<\/p>","protected":false},"excerpt":{"rendered":"<p><em>M\u00f6nster Virkad Kanin+ utskriftbar Ask med m\u00e5nga variationer samt \u00e4ndringsbar text! <\/em><strong><em>N\u00e4r du betalat f\u00f6r m\u00f6nstret kommer du automatiskt att kunna ladda ner din PDF-fil med ditt nya roliga m\u00f6nster som kommer i mejl till dig!<\/em><\/strong><\/p>","protected":false},"featured_media":27588,"comment_status":"open","ping_status":"closed","template":"","meta":[],"product_brand":[],"product_cat":[457,459,703],"product_tag":[211,1370,348,1368,1369,525,543,233,232,355,585],"class_list":{"0":"post-27579","1":"product","2":"type-product","3":"status-publish","4":"has-post-thumbnail","6":"product_cat-monster-amigurumi","7":"product_cat-paskmonster","8":"product_cat-etiketter","9":"product_tag-amigurumi","10":"product_tag-gulligaste-virkmonster-pask","11":"product_tag-virkad-kanin","12":"product_tag-virkad-kanin-med-ask","13":"product_tag-virkad-kanin-med-box","14":"product_tag-virkad-paskhare","15":"product_tag-virkat-till-pask","16":"product_tag-virkmonster-amigurumi","17":"product_tag-virkmonster-kanin","18":"product_tag-virkmonster-pask","19":"product_tag-virkmonster-paskhare","21":"first","22":"instock","23":"downloadable","24":"virtual","25":"sold-individually","26":"taxable","27":"purchasable","28":"product-type-simple"},"bundled_by":[],"bundle_stock_status":"instock","bundle_stock_quantity":null,"bundle_virtual":false,"bundle_layout":"","bundle_add_to_cart_form_location":"","bundle_editable_in_cart":false,"bundle_sold_individually_context":"","bundle_item_grouping":"","bundle_min_size":"","bundle_max_size":"","bundle_price":[],"bundled_items":[],"bundle_sell_ids":[],"yoast_head":"<!-- This site is optimized with the Yoast SEO plugin v27.0 - https:\/\/yoast.com\/product\/yoast-seo-wordpress\/ -->\n<title>M\u00f6nster Virkad Kanin+ utskriftbar Ask med \u00e4ndringsbar text - EllenKantarellen<\/title>\n<meta name=\"description\" content=\"M\u00f6nster p\u00e5 min supers\u00f6ta virkade fluffiga Kanin med tillh\u00f6rande utskriftbar ask. M\u00e5nga olika variationer samt en mall d\u00e4r du kan \u00e4ndra texten sj\u00e4lv!\" \/>\n<meta name=\"robots\" content=\"index, follow, max-snippet:-1, max-image-preview:large, max-video-preview:-1\" \/>\n<link rel=\"canonical\" href=\"https:\/\/www.ellenkantarellen.se\/en\/product-2\/monster-virkad-kanin-utskriftbar-ask-med-andringsbar-text\/\" \/>\n<meta property=\"og:locale\" content=\"en_GB\" \/>\n<meta property=\"og:type\" content=\"article\" \/>\n<meta property=\"og:title\" content=\"M\u00f6nster Virkad Kanin+ utskriftbar Ask med \u00e4ndringsbar text - EllenKantarellen\" \/>\n<meta property=\"og:description\" content=\"M\u00f6nster p\u00e5 min supers\u00f6ta virkade fluffiga Kanin med tillh\u00f6rande utskriftbar ask. M\u00e5nga olika variationer samt en mall d\u00e4r du kan \u00e4ndra texten sj\u00e4lv!\" \/>\n<meta property=\"og:url\" content=\"https:\/\/www.ellenkantarellen.se\/en\/product-2\/monster-virkad-kanin-utskriftbar-ask-med-andringsbar-text\/\" \/>\n<meta property=\"og:site_name\" content=\"EllenKantarellen\" \/>\n<meta property=\"article:modified_time\" content=\"2026-03-22T14:48:18+00:00\" \/>\n<meta property=\"og:image\" content=\"https:\/\/www.ellenkantarellen.se\/wp-content\/uploads\/2026\/03\/FRAMSIDA-NY-96.jpg\" \/>\n\t<meta property=\"og:image:width\" content=\"1080\" \/>\n\t<meta property=\"og:image:height\" content=\"1080\" \/>\n\t<meta property=\"og:image:type\" content=\"image\/jpeg\" \/>\n<meta name=\"twitter:card\" content=\"summary_large_image\" \/>\n<meta name=\"twitter:label1\" content=\"Estimated reading time\" \/>\n\t<meta name=\"twitter:data1\" content=\"1 minute\" \/>\n<script type=\"application\/ld+json\" class=\"yoast-schema-graph\">{\"@context\":\"https:\/\/schema.org\",\"@graph\":[{\"@type\":\"WebPage\",\"@id\":\"https:\/\/www.ellenkantarellen.se\/produkt\/monster-virkad-kanin-utskriftbar-ask-med-andringsbar-text\/\",\"url\":\"https:\/\/www.ellenkantarellen.se\/produkt\/monster-virkad-kanin-utskriftbar-ask-med-andringsbar-text\/\",\"name\":\"M\u00f6nster Virkad Kanin+ utskriftbar Ask med \u00e4ndringsbar text - EllenKantarellen\",\"isPartOf\":{\"@id\":\"https:\/\/www.ellenkantarellen.se\/#website\"},\"primaryImageOfPage\":{\"@id\":\"https:\/\/www.ellenkantarellen.se\/produkt\/monster-virkad-kanin-utskriftbar-ask-med-andringsbar-text\/#primaryimage\"},\"image\":{\"@id\":\"https:\/\/www.ellenkantarellen.se\/produkt\/monster-virkad-kanin-utskriftbar-ask-med-andringsbar-text\/#primaryimage\"},\"thumbnailUrl\":\"https:\/\/www.ellenkantarellen.se\/wp-content\/uploads\/2026\/03\/FRAMSIDA-NY-96.jpg\",\"datePublished\":\"2026-03-11T12:23:08+00:00\",\"dateModified\":\"2026-03-22T14:48:18+00:00\",\"description\":\"M\u00f6nster p\u00e5 min supers\u00f6ta virkade fluffiga Kanin med tillh\u00f6rande utskriftbar ask. M\u00e5nga olika variationer samt en mall d\u00e4r du kan \u00e4ndra texten sj\u00e4lv!\",\"breadcrumb\":{\"@id\":\"https:\/\/www.ellenkantarellen.se\/produkt\/monster-virkad-kanin-utskriftbar-ask-med-andringsbar-text\/#breadcrumb\"},\"inLanguage\":\"en-GB\",\"potentialAction\":[{\"@type\":\"ReadAction\",\"target\":[\"https:\/\/www.ellenkantarellen.se\/produkt\/monster-virkad-kanin-utskriftbar-ask-med-andringsbar-text\/\"]}]},{\"@type\":\"ImageObject\",\"inLanguage\":\"en-GB\",\"@id\":\"https:\/\/www.ellenkantarellen.se\/produkt\/monster-virkad-kanin-utskriftbar-ask-med-andringsbar-text\/#primaryimage\",\"url\":\"https:\/\/www.ellenkantarellen.se\/wp-content\/uploads\/2026\/03\/FRAMSIDA-NY-96.jpg\",\"contentUrl\":\"https:\/\/www.ellenkantarellen.se\/wp-content\/uploads\/2026\/03\/FRAMSIDA-NY-96.jpg\",\"width\":1080,\"height\":1080},{\"@type\":\"BreadcrumbList\",\"@id\":\"https:\/\/www.ellenkantarellen.se\/produkt\/monster-virkad-kanin-utskriftbar-ask-med-andringsbar-text\/#breadcrumb\",\"itemListElement\":[{\"@type\":\"ListItem\",\"position\":1,\"name\":\"Hem\",\"item\":\"https:\/\/www.ellenkantarellen.se\/\"},{\"@type\":\"ListItem\",\"position\":2,\"name\":\"Aff\u00e4r\",\"item\":\"https:\/\/www.ellenkantarellen.se\/affar\/\"},{\"@type\":\"ListItem\",\"position\":3,\"name\":\"M\u00f6nster Virkad Kanin+ utskriftbar Ask med \u00e4ndringsbar text\"}]},{\"@type\":\"WebSite\",\"@id\":\"https:\/\/www.ellenkantarellen.se\/#website\",\"url\":\"https:\/\/www.ellenkantarellen.se\/\",\"name\":\"EllenKantarellen\",\"description\":\"\",\"publisher\":{\"@id\":\"https:\/\/www.ellenkantarellen.se\/#organization\"},\"potentialAction\":[{\"@type\":\"SearchAction\",\"target\":{\"@type\":\"EntryPoint\",\"urlTemplate\":\"https:\/\/www.ellenkantarellen.se\/?s={search_term_string}\"},\"query-input\":{\"@type\":\"PropertyValueSpecification\",\"valueRequired\":true,\"valueName\":\"search_term_string\"}}],\"inLanguage\":\"en-GB\"},{\"@type\":\"Organization\",\"@id\":\"https:\/\/www.ellenkantarellen.se\/#organization\",\"name\":\"EllenKantarellen\",\"url\":\"https:\/\/www.ellenkantarellen.se\/\",\"logo\":{\"@type\":\"ImageObject\",\"inLanguage\":\"en-GB\",\"@id\":\"https:\/\/www.ellenkantarellen.se\/#\/schema\/logo\/image\/\",\"url\":\"https:\/\/www.ellenkantarellen.se\/wp-content\/uploads\/2021\/09\/ek2.png\",\"contentUrl\":\"https:\/\/www.ellenkantarellen.se\/wp-content\/uploads\/2021\/09\/ek2.png\",\"width\":2232,\"height\":508,\"caption\":\"EllenKantarellen\"},\"image\":{\"@id\":\"https:\/\/www.ellenkantarellen.se\/#\/schema\/logo\/image\/\"}}]}<\/script>\n<!-- \/ Yoast SEO plugin. -->","yoast_head_json":{"title":"M\u00f6nster Virkad Kanin+ utskriftbar Ask med \u00e4ndringsbar text - EllenKantarellen","description":"M\u00f6nster p\u00e5 min supers\u00f6ta virkade fluffiga Kanin med tillh\u00f6rande utskriftbar ask. M\u00e5nga olika variationer samt en mall d\u00e4r du kan \u00e4ndra texten sj\u00e4lv!","robots":{"index":"index","follow":"follow","max-snippet":"max-snippet:-1","max-image-preview":"max-image-preview:large","max-video-preview":"max-video-preview:-1"},"canonical":"https:\/\/www.ellenkantarellen.se\/en\/product-2\/monster-virkad-kanin-utskriftbar-ask-med-andringsbar-text\/","og_locale":"en_GB","og_type":"article","og_title":"M\u00f6nster Virkad Kanin+ utskriftbar Ask med \u00e4ndringsbar text - EllenKantarellen","og_description":"M\u00f6nster p\u00e5 min supers\u00f6ta virkade fluffiga Kanin med tillh\u00f6rande utskriftbar ask. M\u00e5nga olika variationer samt en mall d\u00e4r du kan \u00e4ndra texten sj\u00e4lv!","og_url":"https:\/\/www.ellenkantarellen.se\/en\/product-2\/monster-virkad-kanin-utskriftbar-ask-med-andringsbar-text\/","og_site_name":"EllenKantarellen","article_modified_time":"2026-03-22T14:48:18+00:00","og_image":[{"width":1080,"height":1080,"url":"https:\/\/www.ellenkantarellen.se\/wp-content\/uploads\/2026\/03\/FRAMSIDA-NY-96.jpg","type":"image\/jpeg"}],"twitter_card":"summary_large_image","twitter_misc":{"Estimated reading time":"1 minute"},"schema":{"@context":"https:\/\/schema.org","@graph":[{"@type":"WebPage","@id":"https:\/\/www.ellenkantarellen.se\/produkt\/monster-virkad-kanin-utskriftbar-ask-med-andringsbar-text\/","url":"https:\/\/www.ellenkantarellen.se\/produkt\/monster-virkad-kanin-utskriftbar-ask-med-andringsbar-text\/","name":"M\u00f6nster Virkad Kanin+ utskriftbar Ask med \u00e4ndringsbar text - EllenKantarellen","isPartOf":{"@id":"https:\/\/www.ellenkantarellen.se\/#website"},"primaryImageOfPage":{"@id":"https:\/\/www.ellenkantarellen.se\/produkt\/monster-virkad-kanin-utskriftbar-ask-med-andringsbar-text\/#primaryimage"},"image":{"@id":"https:\/\/www.ellenkantarellen.se\/produkt\/monster-virkad-kanin-utskriftbar-ask-med-andringsbar-text\/#primaryimage"},"thumbnailUrl":"https:\/\/www.ellenkantarellen.se\/wp-content\/uploads\/2026\/03\/FRAMSIDA-NY-96.jpg","datePublished":"2026-03-11T12:23:08+00:00","dateModified":"2026-03-22T14:48:18+00:00","description":"M\u00f6nster p\u00e5 min supers\u00f6ta virkade fluffiga Kanin med tillh\u00f6rande utskriftbar ask. M\u00e5nga olika variationer samt en mall d\u00e4r du kan \u00e4ndra texten sj\u00e4lv!","breadcrumb":{"@id":"https:\/\/www.ellenkantarellen.se\/produkt\/monster-virkad-kanin-utskriftbar-ask-med-andringsbar-text\/#breadcrumb"},"inLanguage":"en-GB","potentialAction":[{"@type":"ReadAction","target":["https:\/\/www.ellenkantarellen.se\/produkt\/monster-virkad-kanin-utskriftbar-ask-med-andringsbar-text\/"]}]},{"@type":"ImageObject","inLanguage":"en-GB","@id":"https:\/\/www.ellenkantarellen.se\/produkt\/monster-virkad-kanin-utskriftbar-ask-med-andringsbar-text\/#primaryimage","url":"https:\/\/www.ellenkantarellen.se\/wp-content\/uploads\/2026\/03\/FRAMSIDA-NY-96.jpg","contentUrl":"https:\/\/www.ellenkantarellen.se\/wp-content\/uploads\/2026\/03\/FRAMSIDA-NY-96.jpg","width":1080,"height":1080},{"@type":"BreadcrumbList","@id":"https:\/\/www.ellenkantarellen.se\/produkt\/monster-virkad-kanin-utskriftbar-ask-med-andringsbar-text\/#breadcrumb","itemListElement":[{"@type":"ListItem","position":1,"name":"Hem","item":"https:\/\/www.ellenkantarellen.se\/"},{"@type":"ListItem","position":2,"name":"Aff\u00e4r","item":"https:\/\/www.ellenkantarellen.se\/affar\/"},{"@type":"ListItem","position":3,"name":"M\u00f6nster Virkad Kanin+ utskriftbar Ask med \u00e4ndringsbar text"}]},{"@type":"WebSite","@id":"https:\/\/www.ellenkantarellen.se\/#website","url":"https:\/\/www.ellenkantarellen.se\/","name":"EllenKantarellen","description":"","publisher":{"@id":"https:\/\/www.ellenkantarellen.se\/#organization"},"potentialAction":[{"@type":"SearchAction","target":{"@type":"EntryPoint","urlTemplate":"https:\/\/www.ellenkantarellen.se\/?s={search_term_string}"},"query-input":{"@type":"PropertyValueSpecification","valueRequired":true,"valueName":"search_term_string"}}],"inLanguage":"en-GB"},{"@type":"Organization","@id":"https:\/\/www.ellenkantarellen.se\/#organization","name":"EllenKantarellen","url":"https:\/\/www.ellenkantarellen.se\/","logo":{"@type":"ImageObject","inLanguage":"en-GB","@id":"https:\/\/www.ellenkantarellen.se\/#\/schema\/logo\/image\/","url":"https:\/\/www.ellenkantarellen.se\/wp-content\/uploads\/2021\/09\/ek2.png","contentUrl":"https:\/\/www.ellenkantarellen.se\/wp-content\/uploads\/2021\/09\/ek2.png","width":2232,"height":508,"caption":"EllenKantarellen"},"image":{"@id":"https:\/\/www.ellenkantarellen.se\/#\/schema\/logo\/image\/"}}]}},"_links":{"self":[{"href":"https:\/\/www.ellenkantarellen.se\/en\/wp-json\/wp\/v2\/product\/27579","targetHints":{"allow":["GET"]}}],"collection":[{"href":"https:\/\/www.ellenkantarellen.se\/en\/wp-json\/wp\/v2\/product"}],"about":[{"href":"https:\/\/www.ellenkantarellen.se\/en\/wp-json\/wp\/v2\/types\/product"}],"replies":[{"embeddable":true,"href":"https:\/\/www.ellenkantarellen.se\/en\/wp-json\/wp\/v2\/comments?post=27579"}],"wp:featuredmedia":[{"embeddable":true,"href":"https:\/\/www.ellenkantarellen.se\/en\/wp-json\/wp\/v2\/media\/27588"}],"wp:attachment":[{"href":"https:\/\/www.ellenkantarellen.se\/en\/wp-json\/wp\/v2\/media?parent=27579"}],"wp:term":[{"taxonomy":"product_brand","embeddable":true,"href":"https:\/\/www.ellenkantarellen.se\/en\/wp-json\/wp\/v2\/product_brand?post=27579"},{"taxonomy":"product_cat","embeddable":true,"href":"https:\/\/www.ellenkantarellen.se\/en\/wp-json\/wp\/v2\/product_cat?post=27579"},{"taxonomy":"product_tag","embeddable":true,"href":"https:\/\/www.ellenkantarellen.se\/en\/wp-json\/wp\/v2\/product_tag?post=27579"}],"curies":[{"name":"wp","href":"https:\/\/api.w.org\/{rel}","templated":true}]}}