{"id":27827,"date":"2026-03-22T15:50:11","date_gmt":"2026-03-22T14:50:11","guid":{"rendered":"https:\/\/www.ellenkantarellen.se\/?post_type=product&#038;p=27827"},"modified":"2026-03-23T10:08:28","modified_gmt":"2026-03-23T09:08:28","slug":"virkmonster-prydnads-kanin","status":"publish","type":"product","link":"https:\/\/www.ellenkantarellen.se\/en\/produkt\/virkmonster-prydnads-kanin\/","title":{"rendered":"Virkm\u00f6nster Prydnads Kanin"},"content":{"rendered":"<p>M\u00f6nster p\u00e5 mina supers\u00f6ta virkade Kaniner! Kaninerna blir cirka 12 cm h\u00f6ga virkade med virkn\u00e5l 2,5 mm och 8\/4 bomullsgarn. Ett absolut m\u00e5ste till P\u00e5skdekoren! Ett m\u00f6nster som passar dig med lite vana! Placera dem p\u00e5 dina favoritplatser i hemmet, i P\u00e5skriset, pryd dina P\u00e5skpresenter eller h\u00e4ng p\u00e5 flaskan du ska ge bort till n\u00e5gon du tycker om!<\/p>","protected":false},"excerpt":{"rendered":"<p><em>M\u00f6nster p\u00e5 mina supers\u00f6ta virkade Kaniner! <\/em><strong><em>N\u00e4r du betalat f\u00f6r m\u00f6nstret kommer du automatiskt att kunna ladda ner din PDF-fil med ditt nya s\u00f6ta m\u00f6nster som kommer i mejl till dig! Du hittar m\u00f6nstret i Best\u00e4llningsmejlet under den h\u00f6gra kolumnen som heter &#8221;Nedladdning&#8221;!<\/em><\/strong><\/p>","protected":false},"featured_media":27862,"comment_status":"open","ping_status":"closed","template":"","meta":[],"product_brand":[],"product_cat":[458,459],"product_tag":[1338,1372,348,525,893,1373,1375,372,599,232,585,894,1371,1374],"class_list":{"0":"post-27827","1":"product","2":"type-product","3":"status-publish","4":"has-post-thumbnail","6":"product_cat-ovriga-monster","7":"product_cat-paskmonster","8":"product_tag-alla-hjartans-virkmonster","9":"product_tag-virkad-hangande-kanin","10":"product_tag-virkad-kanin","11":"product_tag-virkad-paskhare","12":"product_tag-virkad-paskkanin","13":"product_tag-virkad-prydnads-kanin","14":"product_tag-virkat-hange-till-paskris","15":"product_tag-virkat-paskpynt","16":"product_tag-virkat-till-paskriset","17":"product_tag-virkmonster-kanin","18":"product_tag-virkmonster-paskhare","19":"product_tag-virkmonster-paskkanin","20":"product_tag-virkmonster-paskpynt","21":"product_tag-virkmonster-paskris","23":"first","24":"instock","25":"downloadable","26":"virtual","27":"sold-individually","28":"taxable","29":"purchasable","30":"product-type-simple"},"bundled_by":[],"bundle_stock_status":"instock","bundle_stock_quantity":null,"bundle_virtual":false,"bundle_layout":"","bundle_add_to_cart_form_location":"","bundle_editable_in_cart":false,"bundle_sold_individually_context":"","bundle_item_grouping":"","bundle_min_size":"","bundle_max_size":"","bundle_price":[],"bundled_items":[],"bundle_sell_ids":[],"yoast_head":"<!-- This site is optimized with the Yoast SEO plugin v27.0 - https:\/\/yoast.com\/product\/yoast-seo-wordpress\/ -->\n<title>Virkm\u00f6nster Prydnads Kanin - EllenKantarellen<\/title>\n<meta name=\"description\" content=\"M\u00f6nster p\u00e5 mina supers\u00f6ta virkade Kaniner! Blir cirka 12 cm h\u00f6ga. Ett absolut m\u00e5ste till P\u00e5skdekoren! eller perfekt som present!\" \/>\n<meta name=\"robots\" content=\"index, follow, max-snippet:-1, max-image-preview:large, max-video-preview:-1\" \/>\n<link rel=\"canonical\" href=\"https:\/\/www.ellenkantarellen.se\/en\/product-2\/virkmonster-prydnads-kanin\/\" \/>\n<meta property=\"og:locale\" content=\"en_GB\" \/>\n<meta property=\"og:type\" content=\"article\" \/>\n<meta property=\"og:title\" content=\"Virkm\u00f6nster Prydnads Kanin - EllenKantarellen\" \/>\n<meta property=\"og:description\" content=\"M\u00f6nster p\u00e5 mina supers\u00f6ta virkade Kaniner! Blir cirka 12 cm h\u00f6ga. Ett absolut m\u00e5ste till P\u00e5skdekoren! eller perfekt som present!\" \/>\n<meta property=\"og:url\" content=\"https:\/\/www.ellenkantarellen.se\/en\/product-2\/virkmonster-prydnads-kanin\/\" \/>\n<meta property=\"og:site_name\" content=\"EllenKantarellen\" \/>\n<meta property=\"article:modified_time\" content=\"2026-03-23T09:08:28+00:00\" \/>\n<meta property=\"og:image\" content=\"https:\/\/www.ellenkantarellen.se\/wp-content\/uploads\/2026\/03\/Easy-123-31.png\" \/>\n\t<meta property=\"og:image:width\" content=\"1080\" \/>\n\t<meta property=\"og:image:height\" content=\"1080\" \/>\n\t<meta property=\"og:image:type\" content=\"image\/png\" \/>\n<meta name=\"twitter:card\" content=\"summary_large_image\" \/>\n<meta name=\"twitter:label1\" content=\"Estimated reading time\" \/>\n\t<meta name=\"twitter:data1\" content=\"1 minute\" \/>\n<script type=\"application\/ld+json\" class=\"yoast-schema-graph\">{\"@context\":\"https:\/\/schema.org\",\"@graph\":[{\"@type\":\"WebPage\",\"@id\":\"https:\/\/www.ellenkantarellen.se\/produkt\/virkmonster-prydnads-kanin\/\",\"url\":\"https:\/\/www.ellenkantarellen.se\/produkt\/virkmonster-prydnads-kanin\/\",\"name\":\"Virkm\u00f6nster Prydnads Kanin - EllenKantarellen\",\"isPartOf\":{\"@id\":\"https:\/\/www.ellenkantarellen.se\/#website\"},\"primaryImageOfPage\":{\"@id\":\"https:\/\/www.ellenkantarellen.se\/produkt\/virkmonster-prydnads-kanin\/#primaryimage\"},\"image\":{\"@id\":\"https:\/\/www.ellenkantarellen.se\/produkt\/virkmonster-prydnads-kanin\/#primaryimage\"},\"thumbnailUrl\":\"https:\/\/www.ellenkantarellen.se\/wp-content\/uploads\/2026\/03\/Easy-123-31.png\",\"datePublished\":\"2026-03-22T14:50:11+00:00\",\"dateModified\":\"2026-03-23T09:08:28+00:00\",\"description\":\"M\u00f6nster p\u00e5 mina supers\u00f6ta virkade Kaniner! Blir cirka 12 cm h\u00f6ga. Ett absolut m\u00e5ste till P\u00e5skdekoren! eller perfekt som present!\",\"breadcrumb\":{\"@id\":\"https:\/\/www.ellenkantarellen.se\/produkt\/virkmonster-prydnads-kanin\/#breadcrumb\"},\"inLanguage\":\"en-GB\",\"potentialAction\":[{\"@type\":\"ReadAction\",\"target\":[\"https:\/\/www.ellenkantarellen.se\/produkt\/virkmonster-prydnads-kanin\/\"]}]},{\"@type\":\"ImageObject\",\"inLanguage\":\"en-GB\",\"@id\":\"https:\/\/www.ellenkantarellen.se\/produkt\/virkmonster-prydnads-kanin\/#primaryimage\",\"url\":\"https:\/\/www.ellenkantarellen.se\/wp-content\/uploads\/2026\/03\/Easy-123-31.png\",\"contentUrl\":\"https:\/\/www.ellenkantarellen.se\/wp-content\/uploads\/2026\/03\/Easy-123-31.png\",\"width\":1080,\"height\":1080},{\"@type\":\"BreadcrumbList\",\"@id\":\"https:\/\/www.ellenkantarellen.se\/produkt\/virkmonster-prydnads-kanin\/#breadcrumb\",\"itemListElement\":[{\"@type\":\"ListItem\",\"position\":1,\"name\":\"Hem\",\"item\":\"https:\/\/www.ellenkantarellen.se\/\"},{\"@type\":\"ListItem\",\"position\":2,\"name\":\"Aff\u00e4r\",\"item\":\"https:\/\/www.ellenkantarellen.se\/affar\/\"},{\"@type\":\"ListItem\",\"position\":3,\"name\":\"Virkm\u00f6nster Prydnads Kanin\"}]},{\"@type\":\"WebSite\",\"@id\":\"https:\/\/www.ellenkantarellen.se\/#website\",\"url\":\"https:\/\/www.ellenkantarellen.se\/\",\"name\":\"EllenKantarellen\",\"description\":\"\",\"publisher\":{\"@id\":\"https:\/\/www.ellenkantarellen.se\/#organization\"},\"potentialAction\":[{\"@type\":\"SearchAction\",\"target\":{\"@type\":\"EntryPoint\",\"urlTemplate\":\"https:\/\/www.ellenkantarellen.se\/?s={search_term_string}\"},\"query-input\":{\"@type\":\"PropertyValueSpecification\",\"valueRequired\":true,\"valueName\":\"search_term_string\"}}],\"inLanguage\":\"en-GB\"},{\"@type\":\"Organization\",\"@id\":\"https:\/\/www.ellenkantarellen.se\/#organization\",\"name\":\"EllenKantarellen\",\"url\":\"https:\/\/www.ellenkantarellen.se\/\",\"logo\":{\"@type\":\"ImageObject\",\"inLanguage\":\"en-GB\",\"@id\":\"https:\/\/www.ellenkantarellen.se\/#\/schema\/logo\/image\/\",\"url\":\"https:\/\/www.ellenkantarellen.se\/wp-content\/uploads\/2021\/09\/ek2.png\",\"contentUrl\":\"https:\/\/www.ellenkantarellen.se\/wp-content\/uploads\/2021\/09\/ek2.png\",\"width\":2232,\"height\":508,\"caption\":\"EllenKantarellen\"},\"image\":{\"@id\":\"https:\/\/www.ellenkantarellen.se\/#\/schema\/logo\/image\/\"}}]}<\/script>\n<!-- \/ Yoast SEO plugin. -->","yoast_head_json":{"title":"Virkm\u00f6nster Prydnads Kanin - EllenKantarellen","description":"M\u00f6nster p\u00e5 mina supers\u00f6ta virkade Kaniner! Blir cirka 12 cm h\u00f6ga. Ett absolut m\u00e5ste till P\u00e5skdekoren! eller perfekt som present!","robots":{"index":"index","follow":"follow","max-snippet":"max-snippet:-1","max-image-preview":"max-image-preview:large","max-video-preview":"max-video-preview:-1"},"canonical":"https:\/\/www.ellenkantarellen.se\/en\/product-2\/virkmonster-prydnads-kanin\/","og_locale":"en_GB","og_type":"article","og_title":"Virkm\u00f6nster Prydnads Kanin - EllenKantarellen","og_description":"M\u00f6nster p\u00e5 mina supers\u00f6ta virkade Kaniner! Blir cirka 12 cm h\u00f6ga. Ett absolut m\u00e5ste till P\u00e5skdekoren! eller perfekt som present!","og_url":"https:\/\/www.ellenkantarellen.se\/en\/product-2\/virkmonster-prydnads-kanin\/","og_site_name":"EllenKantarellen","article_modified_time":"2026-03-23T09:08:28+00:00","og_image":[{"width":1080,"height":1080,"url":"https:\/\/www.ellenkantarellen.se\/wp-content\/uploads\/2026\/03\/Easy-123-31.png","type":"image\/png"}],"twitter_card":"summary_large_image","twitter_misc":{"Estimated reading time":"1 minute"},"schema":{"@context":"https:\/\/schema.org","@graph":[{"@type":"WebPage","@id":"https:\/\/www.ellenkantarellen.se\/produkt\/virkmonster-prydnads-kanin\/","url":"https:\/\/www.ellenkantarellen.se\/produkt\/virkmonster-prydnads-kanin\/","name":"Virkm\u00f6nster Prydnads Kanin - EllenKantarellen","isPartOf":{"@id":"https:\/\/www.ellenkantarellen.se\/#website"},"primaryImageOfPage":{"@id":"https:\/\/www.ellenkantarellen.se\/produkt\/virkmonster-prydnads-kanin\/#primaryimage"},"image":{"@id":"https:\/\/www.ellenkantarellen.se\/produkt\/virkmonster-prydnads-kanin\/#primaryimage"},"thumbnailUrl":"https:\/\/www.ellenkantarellen.se\/wp-content\/uploads\/2026\/03\/Easy-123-31.png","datePublished":"2026-03-22T14:50:11+00:00","dateModified":"2026-03-23T09:08:28+00:00","description":"M\u00f6nster p\u00e5 mina supers\u00f6ta virkade Kaniner! Blir cirka 12 cm h\u00f6ga. Ett absolut m\u00e5ste till P\u00e5skdekoren! eller perfekt som present!","breadcrumb":{"@id":"https:\/\/www.ellenkantarellen.se\/produkt\/virkmonster-prydnads-kanin\/#breadcrumb"},"inLanguage":"en-GB","potentialAction":[{"@type":"ReadAction","target":["https:\/\/www.ellenkantarellen.se\/produkt\/virkmonster-prydnads-kanin\/"]}]},{"@type":"ImageObject","inLanguage":"en-GB","@id":"https:\/\/www.ellenkantarellen.se\/produkt\/virkmonster-prydnads-kanin\/#primaryimage","url":"https:\/\/www.ellenkantarellen.se\/wp-content\/uploads\/2026\/03\/Easy-123-31.png","contentUrl":"https:\/\/www.ellenkantarellen.se\/wp-content\/uploads\/2026\/03\/Easy-123-31.png","width":1080,"height":1080},{"@type":"BreadcrumbList","@id":"https:\/\/www.ellenkantarellen.se\/produkt\/virkmonster-prydnads-kanin\/#breadcrumb","itemListElement":[{"@type":"ListItem","position":1,"name":"Hem","item":"https:\/\/www.ellenkantarellen.se\/"},{"@type":"ListItem","position":2,"name":"Aff\u00e4r","item":"https:\/\/www.ellenkantarellen.se\/affar\/"},{"@type":"ListItem","position":3,"name":"Virkm\u00f6nster Prydnads Kanin"}]},{"@type":"WebSite","@id":"https:\/\/www.ellenkantarellen.se\/#website","url":"https:\/\/www.ellenkantarellen.se\/","name":"EllenKantarellen","description":"","publisher":{"@id":"https:\/\/www.ellenkantarellen.se\/#organization"},"potentialAction":[{"@type":"SearchAction","target":{"@type":"EntryPoint","urlTemplate":"https:\/\/www.ellenkantarellen.se\/?s={search_term_string}"},"query-input":{"@type":"PropertyValueSpecification","valueRequired":true,"valueName":"search_term_string"}}],"inLanguage":"en-GB"},{"@type":"Organization","@id":"https:\/\/www.ellenkantarellen.se\/#organization","name":"EllenKantarellen","url":"https:\/\/www.ellenkantarellen.se\/","logo":{"@type":"ImageObject","inLanguage":"en-GB","@id":"https:\/\/www.ellenkantarellen.se\/#\/schema\/logo\/image\/","url":"https:\/\/www.ellenkantarellen.se\/wp-content\/uploads\/2021\/09\/ek2.png","contentUrl":"https:\/\/www.ellenkantarellen.se\/wp-content\/uploads\/2021\/09\/ek2.png","width":2232,"height":508,"caption":"EllenKantarellen"},"image":{"@id":"https:\/\/www.ellenkantarellen.se\/#\/schema\/logo\/image\/"}}]}},"_links":{"self":[{"href":"https:\/\/www.ellenkantarellen.se\/en\/wp-json\/wp\/v2\/product\/27827","targetHints":{"allow":["GET"]}}],"collection":[{"href":"https:\/\/www.ellenkantarellen.se\/en\/wp-json\/wp\/v2\/product"}],"about":[{"href":"https:\/\/www.ellenkantarellen.se\/en\/wp-json\/wp\/v2\/types\/product"}],"replies":[{"embeddable":true,"href":"https:\/\/www.ellenkantarellen.se\/en\/wp-json\/wp\/v2\/comments?post=27827"}],"wp:featuredmedia":[{"embeddable":true,"href":"https:\/\/www.ellenkantarellen.se\/en\/wp-json\/wp\/v2\/media\/27862"}],"wp:attachment":[{"href":"https:\/\/www.ellenkantarellen.se\/en\/wp-json\/wp\/v2\/media?parent=27827"}],"wp:term":[{"taxonomy":"product_brand","embeddable":true,"href":"https:\/\/www.ellenkantarellen.se\/en\/wp-json\/wp\/v2\/product_brand?post=27827"},{"taxonomy":"product_cat","embeddable":true,"href":"https:\/\/www.ellenkantarellen.se\/en\/wp-json\/wp\/v2\/product_cat?post=27827"},{"taxonomy":"product_tag","embeddable":true,"href":"https:\/\/www.ellenkantarellen.se\/en\/wp-json\/wp\/v2\/product_tag?post=27827"}],"curies":[{"name":"wp","href":"https:\/\/api.w.org\/{rel}","templated":true}]}}