{"id":28385,"date":"2026-04-13T14:43:38","date_gmt":"2026-04-13T12:43:38","guid":{"rendered":"https:\/\/www.ellenkantarellen.se\/?post_type=product&#038;p=28385"},"modified":"2026-04-13T15:02:42","modified_gmt":"2026-04-13T13:02:42","slug":"virkmonster-etiketter-andringsbara-till-disktrasan-belladonna","status":"publish","type":"product","link":"https:\/\/www.ellenkantarellen.se\/en\/produkt\/virkmonster-etiketter-andringsbara-till-disktrasan-belladonna\/","title":{"rendered":"Virkm\u00f6nster + Etiketter (\u00e4ndringsbara) till Disktrasan Belladonna"},"content":{"rendered":"<p>M\u00f6nster p\u00e5 mina S\u00f6ta Trasa &#8221;Belladonna&#8221; med tillh\u00f6rande Romantiska etiketter, b\u00e5de med f\u00e4rdig text eller \u00e4ndringsbara som du kan v\u00e4lja din egen text p\u00e5. Perfekt att ge bort som en fin present! Anv\u00e4nd till ansiktet som tv\u00e4ttduk eller som trasa i k\u00f6ket! Skrivet m\u00f6nster med m\u00e5nga steg-f\u00f6r-steg-bilder samt videoinstruktion!<\/p>\n<p>\ud83c\udf38 Paketet inneh\u00e5ller 1 virkm\u00f6nster med min Romantiska disktrasa (blir cirka 19 c 19 cm), samt 5 digitala nedladdningsbara utskrifter med etiketter till disktrasor som g\u00f6r det d\u00e4r lilla extra samt l\u00e4nk till dina \u00e4ndringsbara etiketter! \ud83c\udf38<\/p>\n<p>\ud83c\udf38 Make your handmade items look more polished and professional with these Tags. Perfect for your gifts or on your market items! Print, cut out and write your price and select wash instructions symbol with a marker and you are good to go!<\/p>\n<p>++++++++ DETAILS ++++++++<\/p>\n<p>Fil typ: Utskriftbara PDF-filer<\/p>","protected":false},"excerpt":{"rendered":"<p><em>M\u00f6nster p\u00e5 mina S\u00f6ta virkade Trasa &#8221;Belladonna&#8221; med tillh\u00f6rande Romantiska (\u00e4ndringsbara) Etiketter! <\/em><strong><em>After payment you can instantly download your new pattern! You get an email with a link to the pattern.<\/em><\/strong><\/p>","protected":false},"featured_media":28392,"comment_status":"open","ping_status":"closed","template":"","meta":[],"product_brand":[],"product_cat":[458,703],"product_tag":[1391,1386,730,1393,1068,1392,1036,777,779,772,778,780,228,707,1394],"class_list":{"0":"post-28385","1":"product","2":"type-product","3":"status-publish","4":"has-post-thumbnail","6":"product_cat-ovriga-monster","7":"product_cat-etiketter","8":"product_tag-andringsbara-etiketter","9":"product_tag-etikett-till-virkat","10":"product_tag-etiketter-handmade","11":"product_tag-etiketter-med-egen-text","12":"product_tag-etiketter-till-disktrasa","13":"product_tag-etiketter-till-stickat","14":"product_tag-made-by-me-etiketter","15":"product_tag-monster-disktrasa","16":"product_tag-monster-virkad-ansiktsduk","17":"product_tag-monster-virkat-spa","18":"product_tag-virkad-ansiktsduk","19":"product_tag-virkad-tvattlapp","20":"product_tag-virkmonster","21":"product_tag-virkmonster-disktrasa","22":"product_tag-virkmonster-med-video","24":"first","25":"instock","26":"downloadable","27":"virtual","28":"sold-individually","29":"taxable","30":"purchasable","31":"product-type-simple"},"bundled_by":[],"bundle_stock_status":"instock","bundle_stock_quantity":null,"bundle_virtual":false,"bundle_layout":"","bundle_add_to_cart_form_location":"","bundle_editable_in_cart":false,"bundle_sold_individually_context":"","bundle_item_grouping":"","bundle_min_size":"","bundle_max_size":"","bundle_price":[],"bundled_items":[],"bundle_sell_ids":[],"yoast_head":"<!-- This site is optimized with the Yoast SEO plugin v27.0 - https:\/\/yoast.com\/product\/yoast-seo-wordpress\/ -->\n<title>Virkm\u00f6nster + Etiketter (\u00e4ndringsbara) till Disktrasan Belladonna - EllenKantarellen<\/title>\n<meta name=\"description\" content=\"M\u00f6nster p\u00e5 mina S\u00f6ta Trasa &quot;Belladonna&quot; med tillh\u00f6rande Romantiska etiketter (\u00e4ndringsbara). Den perfekta presenten! Skrivet m\u00f6nster samt videoinstruktion!\" \/>\n<meta name=\"robots\" content=\"index, follow, max-snippet:-1, max-image-preview:large, max-video-preview:-1\" \/>\n<link rel=\"canonical\" href=\"https:\/\/www.ellenkantarellen.se\/en\/product-2\/virkmonster-etiketter-andringsbara-till-disktrasan-belladonna\/\" \/>\n<meta property=\"og:locale\" content=\"en_GB\" \/>\n<meta property=\"og:type\" content=\"article\" \/>\n<meta property=\"og:title\" content=\"Virkm\u00f6nster + Etiketter (\u00e4ndringsbara) till Disktrasan Belladonna - EllenKantarellen\" \/>\n<meta property=\"og:description\" content=\"M\u00f6nster p\u00e5 mina S\u00f6ta Trasa &quot;Belladonna&quot; med tillh\u00f6rande Romantiska etiketter (\u00e4ndringsbara). Den perfekta presenten! Skrivet m\u00f6nster samt videoinstruktion!\" \/>\n<meta property=\"og:url\" content=\"https:\/\/www.ellenkantarellen.se\/en\/product-2\/virkmonster-etiketter-andringsbara-till-disktrasan-belladonna\/\" \/>\n<meta property=\"og:site_name\" content=\"EllenKantarellen\" \/>\n<meta property=\"article:modified_time\" content=\"2026-04-13T13:02:42+00:00\" \/>\n<meta property=\"og:image\" content=\"https:\/\/www.ellenkantarellen.se\/wp-content\/uploads\/2026\/04\/FRAMSIDA-Websidan-48.png\" \/>\n\t<meta property=\"og:image:width\" content=\"1080\" \/>\n\t<meta property=\"og:image:height\" content=\"1080\" \/>\n\t<meta property=\"og:image:type\" content=\"image\/png\" \/>\n<meta name=\"twitter:card\" content=\"summary_large_image\" \/>\n<meta name=\"twitter:label1\" content=\"Estimated reading time\" \/>\n\t<meta name=\"twitter:data1\" content=\"1 minute\" \/>\n<script type=\"application\/ld+json\" class=\"yoast-schema-graph\">{\"@context\":\"https:\/\/schema.org\",\"@graph\":[{\"@type\":\"WebPage\",\"@id\":\"https:\/\/www.ellenkantarellen.se\/produkt\/virkmonster-etiketter-andringsbara-till-disktrasan-belladonna\/\",\"url\":\"https:\/\/www.ellenkantarellen.se\/produkt\/virkmonster-etiketter-andringsbara-till-disktrasan-belladonna\/\",\"name\":\"Virkm\u00f6nster + Etiketter (\u00e4ndringsbara) till Disktrasan Belladonna - EllenKantarellen\",\"isPartOf\":{\"@id\":\"https:\/\/www.ellenkantarellen.se\/#website\"},\"primaryImageOfPage\":{\"@id\":\"https:\/\/www.ellenkantarellen.se\/produkt\/virkmonster-etiketter-andringsbara-till-disktrasan-belladonna\/#primaryimage\"},\"image\":{\"@id\":\"https:\/\/www.ellenkantarellen.se\/produkt\/virkmonster-etiketter-andringsbara-till-disktrasan-belladonna\/#primaryimage\"},\"thumbnailUrl\":\"https:\/\/www.ellenkantarellen.se\/wp-content\/uploads\/2026\/04\/FRAMSIDA-Websidan-48.png\",\"datePublished\":\"2026-04-13T12:43:38+00:00\",\"dateModified\":\"2026-04-13T13:02:42+00:00\",\"description\":\"M\u00f6nster p\u00e5 mina S\u00f6ta Trasa \\\"Belladonna\\\" med tillh\u00f6rande Romantiska etiketter (\u00e4ndringsbara). Den perfekta presenten! Skrivet m\u00f6nster samt videoinstruktion!\",\"breadcrumb\":{\"@id\":\"https:\/\/www.ellenkantarellen.se\/produkt\/virkmonster-etiketter-andringsbara-till-disktrasan-belladonna\/#breadcrumb\"},\"inLanguage\":\"en-GB\",\"potentialAction\":[{\"@type\":\"ReadAction\",\"target\":[\"https:\/\/www.ellenkantarellen.se\/produkt\/virkmonster-etiketter-andringsbara-till-disktrasan-belladonna\/\"]}]},{\"@type\":\"ImageObject\",\"inLanguage\":\"en-GB\",\"@id\":\"https:\/\/www.ellenkantarellen.se\/produkt\/virkmonster-etiketter-andringsbara-till-disktrasan-belladonna\/#primaryimage\",\"url\":\"https:\/\/www.ellenkantarellen.se\/wp-content\/uploads\/2026\/04\/FRAMSIDA-Websidan-48.png\",\"contentUrl\":\"https:\/\/www.ellenkantarellen.se\/wp-content\/uploads\/2026\/04\/FRAMSIDA-Websidan-48.png\",\"width\":1080,\"height\":1080},{\"@type\":\"BreadcrumbList\",\"@id\":\"https:\/\/www.ellenkantarellen.se\/produkt\/virkmonster-etiketter-andringsbara-till-disktrasan-belladonna\/#breadcrumb\",\"itemListElement\":[{\"@type\":\"ListItem\",\"position\":1,\"name\":\"Hem\",\"item\":\"https:\/\/www.ellenkantarellen.se\/\"},{\"@type\":\"ListItem\",\"position\":2,\"name\":\"Aff\u00e4r\",\"item\":\"https:\/\/www.ellenkantarellen.se\/affar\/\"},{\"@type\":\"ListItem\",\"position\":3,\"name\":\"Virkm\u00f6nster + Etiketter (\u00e4ndringsbara) till Disktrasan Belladonna\"}]},{\"@type\":\"WebSite\",\"@id\":\"https:\/\/www.ellenkantarellen.se\/#website\",\"url\":\"https:\/\/www.ellenkantarellen.se\/\",\"name\":\"EllenKantarellen\",\"description\":\"\",\"publisher\":{\"@id\":\"https:\/\/www.ellenkantarellen.se\/#organization\"},\"potentialAction\":[{\"@type\":\"SearchAction\",\"target\":{\"@type\":\"EntryPoint\",\"urlTemplate\":\"https:\/\/www.ellenkantarellen.se\/?s={search_term_string}\"},\"query-input\":{\"@type\":\"PropertyValueSpecification\",\"valueRequired\":true,\"valueName\":\"search_term_string\"}}],\"inLanguage\":\"en-GB\"},{\"@type\":\"Organization\",\"@id\":\"https:\/\/www.ellenkantarellen.se\/#organization\",\"name\":\"EllenKantarellen\",\"url\":\"https:\/\/www.ellenkantarellen.se\/\",\"logo\":{\"@type\":\"ImageObject\",\"inLanguage\":\"en-GB\",\"@id\":\"https:\/\/www.ellenkantarellen.se\/#\/schema\/logo\/image\/\",\"url\":\"https:\/\/www.ellenkantarellen.se\/wp-content\/uploads\/2021\/09\/ek2.png\",\"contentUrl\":\"https:\/\/www.ellenkantarellen.se\/wp-content\/uploads\/2021\/09\/ek2.png\",\"width\":2232,\"height\":508,\"caption\":\"EllenKantarellen\"},\"image\":{\"@id\":\"https:\/\/www.ellenkantarellen.se\/#\/schema\/logo\/image\/\"}}]}<\/script>\n<!-- \/ Yoast SEO plugin. -->","yoast_head_json":{"title":"Virkm\u00f6nster + Etiketter (\u00e4ndringsbara) till Disktrasan Belladonna - EllenKantarellen","description":"M\u00f6nster p\u00e5 mina S\u00f6ta Trasa \"Belladonna\" med tillh\u00f6rande Romantiska etiketter (\u00e4ndringsbara). Den perfekta presenten! Skrivet m\u00f6nster samt videoinstruktion!","robots":{"index":"index","follow":"follow","max-snippet":"max-snippet:-1","max-image-preview":"max-image-preview:large","max-video-preview":"max-video-preview:-1"},"canonical":"https:\/\/www.ellenkantarellen.se\/en\/product-2\/virkmonster-etiketter-andringsbara-till-disktrasan-belladonna\/","og_locale":"en_GB","og_type":"article","og_title":"Virkm\u00f6nster + Etiketter (\u00e4ndringsbara) till Disktrasan Belladonna - EllenKantarellen","og_description":"M\u00f6nster p\u00e5 mina S\u00f6ta Trasa \"Belladonna\" med tillh\u00f6rande Romantiska etiketter (\u00e4ndringsbara). Den perfekta presenten! Skrivet m\u00f6nster samt videoinstruktion!","og_url":"https:\/\/www.ellenkantarellen.se\/en\/product-2\/virkmonster-etiketter-andringsbara-till-disktrasan-belladonna\/","og_site_name":"EllenKantarellen","article_modified_time":"2026-04-13T13:02:42+00:00","og_image":[{"width":1080,"height":1080,"url":"https:\/\/www.ellenkantarellen.se\/wp-content\/uploads\/2026\/04\/FRAMSIDA-Websidan-48.png","type":"image\/png"}],"twitter_card":"summary_large_image","twitter_misc":{"Estimated reading time":"1 minute"},"schema":{"@context":"https:\/\/schema.org","@graph":[{"@type":"WebPage","@id":"https:\/\/www.ellenkantarellen.se\/produkt\/virkmonster-etiketter-andringsbara-till-disktrasan-belladonna\/","url":"https:\/\/www.ellenkantarellen.se\/produkt\/virkmonster-etiketter-andringsbara-till-disktrasan-belladonna\/","name":"Virkm\u00f6nster + Etiketter (\u00e4ndringsbara) till Disktrasan Belladonna - EllenKantarellen","isPartOf":{"@id":"https:\/\/www.ellenkantarellen.se\/#website"},"primaryImageOfPage":{"@id":"https:\/\/www.ellenkantarellen.se\/produkt\/virkmonster-etiketter-andringsbara-till-disktrasan-belladonna\/#primaryimage"},"image":{"@id":"https:\/\/www.ellenkantarellen.se\/produkt\/virkmonster-etiketter-andringsbara-till-disktrasan-belladonna\/#primaryimage"},"thumbnailUrl":"https:\/\/www.ellenkantarellen.se\/wp-content\/uploads\/2026\/04\/FRAMSIDA-Websidan-48.png","datePublished":"2026-04-13T12:43:38+00:00","dateModified":"2026-04-13T13:02:42+00:00","description":"M\u00f6nster p\u00e5 mina S\u00f6ta Trasa \"Belladonna\" med tillh\u00f6rande Romantiska etiketter (\u00e4ndringsbara). Den perfekta presenten! Skrivet m\u00f6nster samt videoinstruktion!","breadcrumb":{"@id":"https:\/\/www.ellenkantarellen.se\/produkt\/virkmonster-etiketter-andringsbara-till-disktrasan-belladonna\/#breadcrumb"},"inLanguage":"en-GB","potentialAction":[{"@type":"ReadAction","target":["https:\/\/www.ellenkantarellen.se\/produkt\/virkmonster-etiketter-andringsbara-till-disktrasan-belladonna\/"]}]},{"@type":"ImageObject","inLanguage":"en-GB","@id":"https:\/\/www.ellenkantarellen.se\/produkt\/virkmonster-etiketter-andringsbara-till-disktrasan-belladonna\/#primaryimage","url":"https:\/\/www.ellenkantarellen.se\/wp-content\/uploads\/2026\/04\/FRAMSIDA-Websidan-48.png","contentUrl":"https:\/\/www.ellenkantarellen.se\/wp-content\/uploads\/2026\/04\/FRAMSIDA-Websidan-48.png","width":1080,"height":1080},{"@type":"BreadcrumbList","@id":"https:\/\/www.ellenkantarellen.se\/produkt\/virkmonster-etiketter-andringsbara-till-disktrasan-belladonna\/#breadcrumb","itemListElement":[{"@type":"ListItem","position":1,"name":"Hem","item":"https:\/\/www.ellenkantarellen.se\/"},{"@type":"ListItem","position":2,"name":"Aff\u00e4r","item":"https:\/\/www.ellenkantarellen.se\/affar\/"},{"@type":"ListItem","position":3,"name":"Virkm\u00f6nster + Etiketter (\u00e4ndringsbara) till Disktrasan Belladonna"}]},{"@type":"WebSite","@id":"https:\/\/www.ellenkantarellen.se\/#website","url":"https:\/\/www.ellenkantarellen.se\/","name":"EllenKantarellen","description":"","publisher":{"@id":"https:\/\/www.ellenkantarellen.se\/#organization"},"potentialAction":[{"@type":"SearchAction","target":{"@type":"EntryPoint","urlTemplate":"https:\/\/www.ellenkantarellen.se\/?s={search_term_string}"},"query-input":{"@type":"PropertyValueSpecification","valueRequired":true,"valueName":"search_term_string"}}],"inLanguage":"en-GB"},{"@type":"Organization","@id":"https:\/\/www.ellenkantarellen.se\/#organization","name":"EllenKantarellen","url":"https:\/\/www.ellenkantarellen.se\/","logo":{"@type":"ImageObject","inLanguage":"en-GB","@id":"https:\/\/www.ellenkantarellen.se\/#\/schema\/logo\/image\/","url":"https:\/\/www.ellenkantarellen.se\/wp-content\/uploads\/2021\/09\/ek2.png","contentUrl":"https:\/\/www.ellenkantarellen.se\/wp-content\/uploads\/2021\/09\/ek2.png","width":2232,"height":508,"caption":"EllenKantarellen"},"image":{"@id":"https:\/\/www.ellenkantarellen.se\/#\/schema\/logo\/image\/"}}]}},"_links":{"self":[{"href":"https:\/\/www.ellenkantarellen.se\/en\/wp-json\/wp\/v2\/product\/28385","targetHints":{"allow":["GET"]}}],"collection":[{"href":"https:\/\/www.ellenkantarellen.se\/en\/wp-json\/wp\/v2\/product"}],"about":[{"href":"https:\/\/www.ellenkantarellen.se\/en\/wp-json\/wp\/v2\/types\/product"}],"replies":[{"embeddable":true,"href":"https:\/\/www.ellenkantarellen.se\/en\/wp-json\/wp\/v2\/comments?post=28385"}],"wp:featuredmedia":[{"embeddable":true,"href":"https:\/\/www.ellenkantarellen.se\/en\/wp-json\/wp\/v2\/media\/28392"}],"wp:attachment":[{"href":"https:\/\/www.ellenkantarellen.se\/en\/wp-json\/wp\/v2\/media?parent=28385"}],"wp:term":[{"taxonomy":"product_brand","embeddable":true,"href":"https:\/\/www.ellenkantarellen.se\/en\/wp-json\/wp\/v2\/product_brand?post=28385"},{"taxonomy":"product_cat","embeddable":true,"href":"https:\/\/www.ellenkantarellen.se\/en\/wp-json\/wp\/v2\/product_cat?post=28385"},{"taxonomy":"product_tag","embeddable":true,"href":"https:\/\/www.ellenkantarellen.se\/en\/wp-json\/wp\/v2\/product_tag?post=28385"}],"curies":[{"name":"wp","href":"https:\/\/api.w.org\/{rel}","templated":true}]}}