{"id":28478,"date":"2026-04-18T12:16:41","date_gmt":"2026-04-18T10:16:41","guid":{"rendered":"https:\/\/www.ellenkantarellen.se\/?post_type=product&#038;p=28478"},"modified":"2026-04-18T13:35:50","modified_gmt":"2026-04-18T11:35:50","slug":"etiketter-andringsbara-till-disktrasa-underlagg","status":"publish","type":"product","link":"https:\/\/www.ellenkantarellen.se\/en\/produkt\/etiketter-andringsbara-till-disktrasa-underlagg\/","title":{"rendered":"Etiketter (\u00e4ndringsbara) till Disktrasa &#038; Underl\u00e4gg"},"content":{"rendered":"<p>Ustkriftbara + \u00e4ndringsbara Romantiska etiketter, b\u00e5de med f\u00e4rdig text (Disktrasa &amp; Underl\u00e4gg) eller \u00e4ndringsbara som du kan v\u00e4lja din egen text p\u00e5. Perfekt att ge bort som en fin present! Anv\u00e4nd till ansiktet som tv\u00e4ttduk eller som trasa i k\u00f6ket och till dina handgjorda underl\u00e4gg!<\/p>\n<p>\ud83c\udf38 Paketet inneh\u00e5ller 2 digitala nedladdningsbara utskrifter med etiketter till disktrasor &amp; Underl\u00e4gg som g\u00f6r det d\u00e4r lilla extra samt l\u00e4nk till dina \u00e4ndringsbara etiketter! \ud83c\udf38<\/p>\n<p>\ud83c\udf38 Make your handmade items look more polished and professional with these Tags. Perfect for your gifts or on your market items! Print, cut out and write your price and select wash instructions symbol with a marker and you are good to go!<\/p>\n<p>++++++++ DETAILS ++++++++<\/p>\n<p>Fil typ: Utskriftbara PDF-filer<\/p>\n<p>Beh\u00f6ver du ett fint m\u00f6nster till Glasunderl\u00e4gg hittar du det <a href=\"https:\/\/www.ellenkantarellen.se\/en\/product-2\/virkmonster-glasunderlagg-belladonna\/\">H\u00c4R!<\/a><\/p>\n<p>Beh\u00f6ver du ett fint m\u00f6nster till Disktrasa hittar du det <a href=\"https:\/\/www.ellenkantarellen.se\/en\/product-2\/virkmonster-disktrasa-belladonna\/\">H\u00c4R!<\/a><\/p>","protected":false},"excerpt":{"rendered":"<p><em>Ustkriftbara + \u00e4ndringsbara Romantiska etiketter till Disktrasa &amp; Underl\u00e4gg! <\/em><strong><em>N\u00e4r du betalat kommer du automatiskt att kunna ladda ner din PDF-fil med dina nya fina etiketter som kommer i mejl till dig!<\/em><\/strong><\/p>","protected":false},"featured_media":28481,"comment_status":"open","ping_status":"closed","template":"","meta":[],"product_brand":[],"product_cat":[703],"product_tag":[1391,1395,1386,730,1393,1068,1392,1036],"class_list":{"0":"post-28478","1":"product","2":"type-product","3":"status-publish","4":"has-post-thumbnail","6":"product_cat-etiketter","7":"product_tag-andringsbara-etiketter","8":"product_tag-etikett-till-underlagg","9":"product_tag-etikett-till-virkat","10":"product_tag-etiketter-handmade","11":"product_tag-etiketter-med-egen-text","12":"product_tag-etiketter-till-disktrasa","13":"product_tag-etiketter-till-stickat","14":"product_tag-made-by-me-etiketter","16":"first","17":"instock","18":"downloadable","19":"virtual","20":"sold-individually","21":"taxable","22":"purchasable","23":"product-type-simple"},"bundled_by":[],"bundle_stock_status":"instock","bundle_stock_quantity":null,"bundle_virtual":false,"bundle_layout":"","bundle_add_to_cart_form_location":"","bundle_editable_in_cart":false,"bundle_sold_individually_context":"","bundle_item_grouping":"","bundle_min_size":"","bundle_max_size":"","bundle_price":[],"bundled_items":[],"bundle_sell_ids":[],"yoast_head":"<!-- This site is optimized with the Yoast SEO plugin v27.0 - https:\/\/yoast.com\/product\/yoast-seo-wordpress\/ -->\n<title>Etiketter (\u00e4ndringsbara) till Disktrasa &amp; Underl\u00e4gg - EllenKantarellen<\/title>\n<meta name=\"description\" content=\"Ustkriftbara + \u00e4ndringsbara Romantiska etiketter, b\u00e5de med f\u00e4rdig text (Disktrasa &amp; Underl\u00e4gg) eller \u00e4ndringsbara som du kan v\u00e4lja din egen text p\u00e5!\" \/>\n<meta name=\"robots\" content=\"index, follow, max-snippet:-1, max-image-preview:large, max-video-preview:-1\" \/>\n<link rel=\"canonical\" href=\"https:\/\/www.ellenkantarellen.se\/en\/product-2\/etiketter-andringsbara-till-disktrasa-underlagg\/\" \/>\n<meta property=\"og:locale\" content=\"en_GB\" \/>\n<meta property=\"og:type\" content=\"article\" \/>\n<meta property=\"og:title\" content=\"Etiketter (\u00e4ndringsbara) till Disktrasa &amp; Underl\u00e4gg - EllenKantarellen\" \/>\n<meta property=\"og:description\" content=\"Ustkriftbara + \u00e4ndringsbara Romantiska etiketter, b\u00e5de med f\u00e4rdig text (Disktrasa &amp; Underl\u00e4gg) eller \u00e4ndringsbara som du kan v\u00e4lja din egen text p\u00e5!\" \/>\n<meta property=\"og:url\" content=\"https:\/\/www.ellenkantarellen.se\/en\/product-2\/etiketter-andringsbara-till-disktrasa-underlagg\/\" \/>\n<meta property=\"og:site_name\" content=\"EllenKantarellen\" \/>\n<meta property=\"article:modified_time\" content=\"2026-04-18T11:35:50+00:00\" \/>\n<meta property=\"og:image\" content=\"https:\/\/www.ellenkantarellen.se\/wp-content\/uploads\/2026\/04\/FRAMSIDA-Websidan-58-1024x1024.png\" \/>\n\t<meta property=\"og:image:width\" content=\"1024\" \/>\n\t<meta property=\"og:image:height\" content=\"1024\" \/>\n\t<meta property=\"og:image:type\" content=\"image\/png\" \/>\n<meta name=\"twitter:card\" content=\"summary_large_image\" \/>\n<meta name=\"twitter:label1\" content=\"Estimated reading time\" \/>\n\t<meta name=\"twitter:data1\" content=\"1 minute\" \/>\n<script type=\"application\/ld+json\" class=\"yoast-schema-graph\">{\"@context\":\"https:\/\/schema.org\",\"@graph\":[{\"@type\":\"WebPage\",\"@id\":\"https:\/\/www.ellenkantarellen.se\/produkt\/etiketter-andringsbara-till-disktrasa-underlagg\/\",\"url\":\"https:\/\/www.ellenkantarellen.se\/produkt\/etiketter-andringsbara-till-disktrasa-underlagg\/\",\"name\":\"Etiketter (\u00e4ndringsbara) till Disktrasa & Underl\u00e4gg - EllenKantarellen\",\"isPartOf\":{\"@id\":\"https:\/\/www.ellenkantarellen.se\/#website\"},\"primaryImageOfPage\":{\"@id\":\"https:\/\/www.ellenkantarellen.se\/produkt\/etiketter-andringsbara-till-disktrasa-underlagg\/#primaryimage\"},\"image\":{\"@id\":\"https:\/\/www.ellenkantarellen.se\/produkt\/etiketter-andringsbara-till-disktrasa-underlagg\/#primaryimage\"},\"thumbnailUrl\":\"https:\/\/www.ellenkantarellen.se\/wp-content\/uploads\/2026\/04\/FRAMSIDA-Websidan-58.png\",\"datePublished\":\"2026-04-18T10:16:41+00:00\",\"dateModified\":\"2026-04-18T11:35:50+00:00\",\"description\":\"Ustkriftbara + \u00e4ndringsbara Romantiska etiketter, b\u00e5de med f\u00e4rdig text (Disktrasa & Underl\u00e4gg) eller \u00e4ndringsbara som du kan v\u00e4lja din egen text p\u00e5!\",\"breadcrumb\":{\"@id\":\"https:\/\/www.ellenkantarellen.se\/produkt\/etiketter-andringsbara-till-disktrasa-underlagg\/#breadcrumb\"},\"inLanguage\":\"en-GB\",\"potentialAction\":[{\"@type\":\"ReadAction\",\"target\":[\"https:\/\/www.ellenkantarellen.se\/produkt\/etiketter-andringsbara-till-disktrasa-underlagg\/\"]}]},{\"@type\":\"ImageObject\",\"inLanguage\":\"en-GB\",\"@id\":\"https:\/\/www.ellenkantarellen.se\/produkt\/etiketter-andringsbara-till-disktrasa-underlagg\/#primaryimage\",\"url\":\"https:\/\/www.ellenkantarellen.se\/wp-content\/uploads\/2026\/04\/FRAMSIDA-Websidan-58.png\",\"contentUrl\":\"https:\/\/www.ellenkantarellen.se\/wp-content\/uploads\/2026\/04\/FRAMSIDA-Websidan-58.png\",\"width\":1080,\"height\":1080},{\"@type\":\"BreadcrumbList\",\"@id\":\"https:\/\/www.ellenkantarellen.se\/produkt\/etiketter-andringsbara-till-disktrasa-underlagg\/#breadcrumb\",\"itemListElement\":[{\"@type\":\"ListItem\",\"position\":1,\"name\":\"Hem\",\"item\":\"https:\/\/www.ellenkantarellen.se\/\"},{\"@type\":\"ListItem\",\"position\":2,\"name\":\"Aff\u00e4r\",\"item\":\"https:\/\/www.ellenkantarellen.se\/affar\/\"},{\"@type\":\"ListItem\",\"position\":3,\"name\":\"Etiketter (\u00e4ndringsbara) till Disktrasa &#038; Underl\u00e4gg\"}]},{\"@type\":\"WebSite\",\"@id\":\"https:\/\/www.ellenkantarellen.se\/#website\",\"url\":\"https:\/\/www.ellenkantarellen.se\/\",\"name\":\"EllenKantarellen\",\"description\":\"\",\"publisher\":{\"@id\":\"https:\/\/www.ellenkantarellen.se\/#organization\"},\"potentialAction\":[{\"@type\":\"SearchAction\",\"target\":{\"@type\":\"EntryPoint\",\"urlTemplate\":\"https:\/\/www.ellenkantarellen.se\/?s={search_term_string}\"},\"query-input\":{\"@type\":\"PropertyValueSpecification\",\"valueRequired\":true,\"valueName\":\"search_term_string\"}}],\"inLanguage\":\"en-GB\"},{\"@type\":\"Organization\",\"@id\":\"https:\/\/www.ellenkantarellen.se\/#organization\",\"name\":\"EllenKantarellen\",\"url\":\"https:\/\/www.ellenkantarellen.se\/\",\"logo\":{\"@type\":\"ImageObject\",\"inLanguage\":\"en-GB\",\"@id\":\"https:\/\/www.ellenkantarellen.se\/#\/schema\/logo\/image\/\",\"url\":\"https:\/\/www.ellenkantarellen.se\/wp-content\/uploads\/2021\/09\/ek2.png\",\"contentUrl\":\"https:\/\/www.ellenkantarellen.se\/wp-content\/uploads\/2021\/09\/ek2.png\",\"width\":2232,\"height\":508,\"caption\":\"EllenKantarellen\"},\"image\":{\"@id\":\"https:\/\/www.ellenkantarellen.se\/#\/schema\/logo\/image\/\"}}]}<\/script>\n<!-- \/ Yoast SEO plugin. -->","yoast_head_json":{"title":"Etiketter (\u00e4ndringsbara) till Disktrasa & Underl\u00e4gg - EllenKantarellen","description":"Ustkriftbara + \u00e4ndringsbara Romantiska etiketter, b\u00e5de med f\u00e4rdig text (Disktrasa & Underl\u00e4gg) eller \u00e4ndringsbara som du kan v\u00e4lja din egen text p\u00e5!","robots":{"index":"index","follow":"follow","max-snippet":"max-snippet:-1","max-image-preview":"max-image-preview:large","max-video-preview":"max-video-preview:-1"},"canonical":"https:\/\/www.ellenkantarellen.se\/en\/product-2\/etiketter-andringsbara-till-disktrasa-underlagg\/","og_locale":"en_GB","og_type":"article","og_title":"Etiketter (\u00e4ndringsbara) till Disktrasa & Underl\u00e4gg - EllenKantarellen","og_description":"Ustkriftbara + \u00e4ndringsbara Romantiska etiketter, b\u00e5de med f\u00e4rdig text (Disktrasa & Underl\u00e4gg) eller \u00e4ndringsbara som du kan v\u00e4lja din egen text p\u00e5!","og_url":"https:\/\/www.ellenkantarellen.se\/en\/product-2\/etiketter-andringsbara-till-disktrasa-underlagg\/","og_site_name":"EllenKantarellen","article_modified_time":"2026-04-18T11:35:50+00:00","og_image":[{"width":1024,"height":1024,"url":"https:\/\/www.ellenkantarellen.se\/wp-content\/uploads\/2026\/04\/FRAMSIDA-Websidan-58-1024x1024.png","type":"image\/png"}],"twitter_card":"summary_large_image","twitter_misc":{"Estimated reading time":"1 minute"},"schema":{"@context":"https:\/\/schema.org","@graph":[{"@type":"WebPage","@id":"https:\/\/www.ellenkantarellen.se\/produkt\/etiketter-andringsbara-till-disktrasa-underlagg\/","url":"https:\/\/www.ellenkantarellen.se\/produkt\/etiketter-andringsbara-till-disktrasa-underlagg\/","name":"Etiketter (\u00e4ndringsbara) till Disktrasa & Underl\u00e4gg - EllenKantarellen","isPartOf":{"@id":"https:\/\/www.ellenkantarellen.se\/#website"},"primaryImageOfPage":{"@id":"https:\/\/www.ellenkantarellen.se\/produkt\/etiketter-andringsbara-till-disktrasa-underlagg\/#primaryimage"},"image":{"@id":"https:\/\/www.ellenkantarellen.se\/produkt\/etiketter-andringsbara-till-disktrasa-underlagg\/#primaryimage"},"thumbnailUrl":"https:\/\/www.ellenkantarellen.se\/wp-content\/uploads\/2026\/04\/FRAMSIDA-Websidan-58.png","datePublished":"2026-04-18T10:16:41+00:00","dateModified":"2026-04-18T11:35:50+00:00","description":"Ustkriftbara + \u00e4ndringsbara Romantiska etiketter, b\u00e5de med f\u00e4rdig text (Disktrasa & Underl\u00e4gg) eller \u00e4ndringsbara som du kan v\u00e4lja din egen text p\u00e5!","breadcrumb":{"@id":"https:\/\/www.ellenkantarellen.se\/produkt\/etiketter-andringsbara-till-disktrasa-underlagg\/#breadcrumb"},"inLanguage":"en-GB","potentialAction":[{"@type":"ReadAction","target":["https:\/\/www.ellenkantarellen.se\/produkt\/etiketter-andringsbara-till-disktrasa-underlagg\/"]}]},{"@type":"ImageObject","inLanguage":"en-GB","@id":"https:\/\/www.ellenkantarellen.se\/produkt\/etiketter-andringsbara-till-disktrasa-underlagg\/#primaryimage","url":"https:\/\/www.ellenkantarellen.se\/wp-content\/uploads\/2026\/04\/FRAMSIDA-Websidan-58.png","contentUrl":"https:\/\/www.ellenkantarellen.se\/wp-content\/uploads\/2026\/04\/FRAMSIDA-Websidan-58.png","width":1080,"height":1080},{"@type":"BreadcrumbList","@id":"https:\/\/www.ellenkantarellen.se\/produkt\/etiketter-andringsbara-till-disktrasa-underlagg\/#breadcrumb","itemListElement":[{"@type":"ListItem","position":1,"name":"Hem","item":"https:\/\/www.ellenkantarellen.se\/"},{"@type":"ListItem","position":2,"name":"Aff\u00e4r","item":"https:\/\/www.ellenkantarellen.se\/affar\/"},{"@type":"ListItem","position":3,"name":"Etiketter (\u00e4ndringsbara) till Disktrasa &#038; Underl\u00e4gg"}]},{"@type":"WebSite","@id":"https:\/\/www.ellenkantarellen.se\/#website","url":"https:\/\/www.ellenkantarellen.se\/","name":"EllenKantarellen","description":"","publisher":{"@id":"https:\/\/www.ellenkantarellen.se\/#organization"},"potentialAction":[{"@type":"SearchAction","target":{"@type":"EntryPoint","urlTemplate":"https:\/\/www.ellenkantarellen.se\/?s={search_term_string}"},"query-input":{"@type":"PropertyValueSpecification","valueRequired":true,"valueName":"search_term_string"}}],"inLanguage":"en-GB"},{"@type":"Organization","@id":"https:\/\/www.ellenkantarellen.se\/#organization","name":"EllenKantarellen","url":"https:\/\/www.ellenkantarellen.se\/","logo":{"@type":"ImageObject","inLanguage":"en-GB","@id":"https:\/\/www.ellenkantarellen.se\/#\/schema\/logo\/image\/","url":"https:\/\/www.ellenkantarellen.se\/wp-content\/uploads\/2021\/09\/ek2.png","contentUrl":"https:\/\/www.ellenkantarellen.se\/wp-content\/uploads\/2021\/09\/ek2.png","width":2232,"height":508,"caption":"EllenKantarellen"},"image":{"@id":"https:\/\/www.ellenkantarellen.se\/#\/schema\/logo\/image\/"}}]}},"_links":{"self":[{"href":"https:\/\/www.ellenkantarellen.se\/en\/wp-json\/wp\/v2\/product\/28478","targetHints":{"allow":["GET"]}}],"collection":[{"href":"https:\/\/www.ellenkantarellen.se\/en\/wp-json\/wp\/v2\/product"}],"about":[{"href":"https:\/\/www.ellenkantarellen.se\/en\/wp-json\/wp\/v2\/types\/product"}],"replies":[{"embeddable":true,"href":"https:\/\/www.ellenkantarellen.se\/en\/wp-json\/wp\/v2\/comments?post=28478"}],"wp:featuredmedia":[{"embeddable":true,"href":"https:\/\/www.ellenkantarellen.se\/en\/wp-json\/wp\/v2\/media\/28481"}],"wp:attachment":[{"href":"https:\/\/www.ellenkantarellen.se\/en\/wp-json\/wp\/v2\/media?parent=28478"}],"wp:term":[{"taxonomy":"product_brand","embeddable":true,"href":"https:\/\/www.ellenkantarellen.se\/en\/wp-json\/wp\/v2\/product_brand?post=28478"},{"taxonomy":"product_cat","embeddable":true,"href":"https:\/\/www.ellenkantarellen.se\/en\/wp-json\/wp\/v2\/product_cat?post=28478"},{"taxonomy":"product_tag","embeddable":true,"href":"https:\/\/www.ellenkantarellen.se\/en\/wp-json\/wp\/v2\/product_tag?post=28478"}],"curies":[{"name":"wp","href":"https:\/\/api.w.org\/{rel}","templated":true}]}}