{"id":28489,"date":"2026-04-18T13:15:54","date_gmt":"2026-04-18T11:15:54","guid":{"rendered":"https:\/\/www.ellenkantarellen.se\/?post_type=product&#038;p=28489"},"modified":"2026-04-18T13:21:24","modified_gmt":"2026-04-18T11:21:24","slug":"virkmonster-disktrasa-belladonna","status":"publish","type":"product","link":"https:\/\/www.ellenkantarellen.se\/en\/produkt\/virkmonster-disktrasa-belladonna\/","title":{"rendered":"Virkm\u00f6nster Disktrasa &#8221;Belladonna&#8221;"},"content":{"rendered":"<p>M\u00f6nster p\u00e5 min S\u00f6ta farmhouse Disktrasa &#8221;Belladonna&#8221;. Skrivet m\u00f6nster med m\u00e5nga steg-f\u00f6r-steg-bilder samt videoinstruktion!. Vill du g\u00f6ra dina Disktrasor \u00e4nnu lite finare hittar du etiketter, b\u00e5de med f\u00e4rdig text eller \u00e4ndringsbara som du kan v\u00e4lja din egen text p\u00e5 <a href=\"https:\/\/www.ellenkantarellen.se\/en\/product-2\/etiketter-andringsbara-till-disktrasa-underlagg\/\">H\u00c4R!<\/a> Perfekt att ge bort som en fin present eller om du ska s\u00e4lja!<\/p>\n<p>\ud83c\udf38 Paketet inneh\u00e5ller 1 virkm\u00f6nster med min Disktrasa &#8221;Belladonna&#8221; (blir cirka 19 x 19 cm) \ud83c\udf38<\/p>\n<p>++++++++ DETAILS ++++++++<\/p>\n<p>Fil typ: PDF-fil<\/p>","protected":false},"excerpt":{"rendered":"<p><em>M\u00f6nster p\u00e5 min S\u00f6ta farmhouse Disktrasa &#8221;Belladonna&#8221;! <\/em><strong><em>After payment you can instantly download your new pattern! You get an email with a link to the pattern.<\/em><\/strong><\/p>","protected":false},"featured_media":28387,"comment_status":"open","ping_status":"closed","template":"","meta":[],"product_brand":[],"product_cat":[458],"product_tag":[1067,708,941,682,537,228,707,1394,1399],"class_list":{"0":"post-28489","1":"product","2":"type-product","3":"status-publish","4":"has-post-thumbnail","6":"product_cat-ovriga-monster","7":"product_tag-farmhouse-disktrasa","8":"product_tag-virkad-disktrasa","9":"product_tag-virkad-present","10":"product_tag-virkat-till-hemmet","11":"product_tag-virkat-till-koket","12":"product_tag-virkmonster","13":"product_tag-virkmonster-disktrasa","14":"product_tag-virkmonster-med-video","15":"product_tag-virkmonster-trasa","17":"first","18":"instock","19":"downloadable","20":"virtual","21":"sold-individually","22":"taxable","23":"purchasable","24":"product-type-simple"},"bundled_by":[],"bundle_stock_status":"instock","bundle_stock_quantity":null,"bundle_virtual":false,"bundle_layout":"","bundle_add_to_cart_form_location":"","bundle_editable_in_cart":false,"bundle_sold_individually_context":"","bundle_item_grouping":"","bundle_min_size":"","bundle_max_size":"","bundle_price":[],"bundled_items":[],"bundle_sell_ids":[],"yoast_head":"<!-- This site is optimized with the Yoast SEO plugin v27.0 - https:\/\/yoast.com\/product\/yoast-seo-wordpress\/ -->\n<title>Virkm\u00f6nster Disktrasa &quot;Belladonna&quot; - EllenKantarellen<\/title>\n<meta name=\"description\" content=\"M\u00f6nster p\u00e5 min S\u00f6ta farmhouse Disktrasa &quot;Belladonna&quot;. Skrivet m\u00f6nster med m\u00e5nga steg-f\u00f6r-steg-bilder samt videoinstruktion!.\" \/>\n<meta name=\"robots\" content=\"index, follow, max-snippet:-1, max-image-preview:large, max-video-preview:-1\" \/>\n<link rel=\"canonical\" href=\"https:\/\/www.ellenkantarellen.se\/en\/product-2\/virkmonster-disktrasa-belladonna\/\" \/>\n<meta property=\"og:locale\" content=\"en_GB\" \/>\n<meta property=\"og:type\" content=\"article\" \/>\n<meta property=\"og:title\" content=\"Virkm\u00f6nster Disktrasa &quot;Belladonna&quot; - EllenKantarellen\" \/>\n<meta property=\"og:description\" content=\"M\u00f6nster p\u00e5 min S\u00f6ta farmhouse Disktrasa &quot;Belladonna&quot;. Skrivet m\u00f6nster med m\u00e5nga steg-f\u00f6r-steg-bilder samt videoinstruktion!.\" \/>\n<meta property=\"og:url\" content=\"https:\/\/www.ellenkantarellen.se\/en\/product-2\/virkmonster-disktrasa-belladonna\/\" \/>\n<meta property=\"og:site_name\" content=\"EllenKantarellen\" \/>\n<meta property=\"article:modified_time\" content=\"2026-04-18T11:21:24+00:00\" \/>\n<meta property=\"og:image\" content=\"https:\/\/www.ellenkantarellen.se\/wp-content\/uploads\/2026\/04\/FRAMSIDA-Websidan-52.png\" \/>\n\t<meta property=\"og:image:width\" content=\"1080\" \/>\n\t<meta property=\"og:image:height\" content=\"1080\" \/>\n\t<meta property=\"og:image:type\" content=\"image\/png\" \/>\n<meta name=\"twitter:card\" content=\"summary_large_image\" \/>\n<meta name=\"twitter:label1\" content=\"Estimated reading time\" \/>\n\t<meta name=\"twitter:data1\" content=\"1 minute\" \/>\n<script type=\"application\/ld+json\" class=\"yoast-schema-graph\">{\"@context\":\"https:\/\/schema.org\",\"@graph\":[{\"@type\":\"WebPage\",\"@id\":\"https:\/\/www.ellenkantarellen.se\/produkt\/virkmonster-disktrasa-belladonna\/\",\"url\":\"https:\/\/www.ellenkantarellen.se\/produkt\/virkmonster-disktrasa-belladonna\/\",\"name\":\"Virkm\u00f6nster Disktrasa \\\"Belladonna\\\" - EllenKantarellen\",\"isPartOf\":{\"@id\":\"https:\/\/www.ellenkantarellen.se\/#website\"},\"primaryImageOfPage\":{\"@id\":\"https:\/\/www.ellenkantarellen.se\/produkt\/virkmonster-disktrasa-belladonna\/#primaryimage\"},\"image\":{\"@id\":\"https:\/\/www.ellenkantarellen.se\/produkt\/virkmonster-disktrasa-belladonna\/#primaryimage\"},\"thumbnailUrl\":\"https:\/\/www.ellenkantarellen.se\/wp-content\/uploads\/2026\/04\/FRAMSIDA-Websidan-52.png\",\"datePublished\":\"2026-04-18T11:15:54+00:00\",\"dateModified\":\"2026-04-18T11:21:24+00:00\",\"description\":\"M\u00f6nster p\u00e5 min S\u00f6ta farmhouse Disktrasa \\\"Belladonna\\\". Skrivet m\u00f6nster med m\u00e5nga steg-f\u00f6r-steg-bilder samt videoinstruktion!.\",\"breadcrumb\":{\"@id\":\"https:\/\/www.ellenkantarellen.se\/produkt\/virkmonster-disktrasa-belladonna\/#breadcrumb\"},\"inLanguage\":\"en-GB\",\"potentialAction\":[{\"@type\":\"ReadAction\",\"target\":[\"https:\/\/www.ellenkantarellen.se\/produkt\/virkmonster-disktrasa-belladonna\/\"]}]},{\"@type\":\"ImageObject\",\"inLanguage\":\"en-GB\",\"@id\":\"https:\/\/www.ellenkantarellen.se\/produkt\/virkmonster-disktrasa-belladonna\/#primaryimage\",\"url\":\"https:\/\/www.ellenkantarellen.se\/wp-content\/uploads\/2026\/04\/FRAMSIDA-Websidan-52.png\",\"contentUrl\":\"https:\/\/www.ellenkantarellen.se\/wp-content\/uploads\/2026\/04\/FRAMSIDA-Websidan-52.png\",\"width\":1080,\"height\":1080},{\"@type\":\"BreadcrumbList\",\"@id\":\"https:\/\/www.ellenkantarellen.se\/produkt\/virkmonster-disktrasa-belladonna\/#breadcrumb\",\"itemListElement\":[{\"@type\":\"ListItem\",\"position\":1,\"name\":\"Hem\",\"item\":\"https:\/\/www.ellenkantarellen.se\/\"},{\"@type\":\"ListItem\",\"position\":2,\"name\":\"Aff\u00e4r\",\"item\":\"https:\/\/www.ellenkantarellen.se\/affar\/\"},{\"@type\":\"ListItem\",\"position\":3,\"name\":\"Virkm\u00f6nster Disktrasa &#8221;Belladonna&#8221;\"}]},{\"@type\":\"WebSite\",\"@id\":\"https:\/\/www.ellenkantarellen.se\/#website\",\"url\":\"https:\/\/www.ellenkantarellen.se\/\",\"name\":\"EllenKantarellen\",\"description\":\"\",\"publisher\":{\"@id\":\"https:\/\/www.ellenkantarellen.se\/#organization\"},\"potentialAction\":[{\"@type\":\"SearchAction\",\"target\":{\"@type\":\"EntryPoint\",\"urlTemplate\":\"https:\/\/www.ellenkantarellen.se\/?s={search_term_string}\"},\"query-input\":{\"@type\":\"PropertyValueSpecification\",\"valueRequired\":true,\"valueName\":\"search_term_string\"}}],\"inLanguage\":\"en-GB\"},{\"@type\":\"Organization\",\"@id\":\"https:\/\/www.ellenkantarellen.se\/#organization\",\"name\":\"EllenKantarellen\",\"url\":\"https:\/\/www.ellenkantarellen.se\/\",\"logo\":{\"@type\":\"ImageObject\",\"inLanguage\":\"en-GB\",\"@id\":\"https:\/\/www.ellenkantarellen.se\/#\/schema\/logo\/image\/\",\"url\":\"https:\/\/www.ellenkantarellen.se\/wp-content\/uploads\/2021\/09\/ek2.png\",\"contentUrl\":\"https:\/\/www.ellenkantarellen.se\/wp-content\/uploads\/2021\/09\/ek2.png\",\"width\":2232,\"height\":508,\"caption\":\"EllenKantarellen\"},\"image\":{\"@id\":\"https:\/\/www.ellenkantarellen.se\/#\/schema\/logo\/image\/\"}}]}<\/script>\n<!-- \/ Yoast SEO plugin. -->","yoast_head_json":{"title":"Virkm\u00f6nster Disktrasa \"Belladonna\" - EllenKantarellen","description":"M\u00f6nster p\u00e5 min S\u00f6ta farmhouse Disktrasa \"Belladonna\". Skrivet m\u00f6nster med m\u00e5nga steg-f\u00f6r-steg-bilder samt videoinstruktion!.","robots":{"index":"index","follow":"follow","max-snippet":"max-snippet:-1","max-image-preview":"max-image-preview:large","max-video-preview":"max-video-preview:-1"},"canonical":"https:\/\/www.ellenkantarellen.se\/en\/product-2\/virkmonster-disktrasa-belladonna\/","og_locale":"en_GB","og_type":"article","og_title":"Virkm\u00f6nster Disktrasa \"Belladonna\" - EllenKantarellen","og_description":"M\u00f6nster p\u00e5 min S\u00f6ta farmhouse Disktrasa \"Belladonna\". Skrivet m\u00f6nster med m\u00e5nga steg-f\u00f6r-steg-bilder samt videoinstruktion!.","og_url":"https:\/\/www.ellenkantarellen.se\/en\/product-2\/virkmonster-disktrasa-belladonna\/","og_site_name":"EllenKantarellen","article_modified_time":"2026-04-18T11:21:24+00:00","og_image":[{"width":1080,"height":1080,"url":"https:\/\/www.ellenkantarellen.se\/wp-content\/uploads\/2026\/04\/FRAMSIDA-Websidan-52.png","type":"image\/png"}],"twitter_card":"summary_large_image","twitter_misc":{"Estimated reading time":"1 minute"},"schema":{"@context":"https:\/\/schema.org","@graph":[{"@type":"WebPage","@id":"https:\/\/www.ellenkantarellen.se\/produkt\/virkmonster-disktrasa-belladonna\/","url":"https:\/\/www.ellenkantarellen.se\/produkt\/virkmonster-disktrasa-belladonna\/","name":"Virkm\u00f6nster Disktrasa \"Belladonna\" - EllenKantarellen","isPartOf":{"@id":"https:\/\/www.ellenkantarellen.se\/#website"},"primaryImageOfPage":{"@id":"https:\/\/www.ellenkantarellen.se\/produkt\/virkmonster-disktrasa-belladonna\/#primaryimage"},"image":{"@id":"https:\/\/www.ellenkantarellen.se\/produkt\/virkmonster-disktrasa-belladonna\/#primaryimage"},"thumbnailUrl":"https:\/\/www.ellenkantarellen.se\/wp-content\/uploads\/2026\/04\/FRAMSIDA-Websidan-52.png","datePublished":"2026-04-18T11:15:54+00:00","dateModified":"2026-04-18T11:21:24+00:00","description":"M\u00f6nster p\u00e5 min S\u00f6ta farmhouse Disktrasa \"Belladonna\". Skrivet m\u00f6nster med m\u00e5nga steg-f\u00f6r-steg-bilder samt videoinstruktion!.","breadcrumb":{"@id":"https:\/\/www.ellenkantarellen.se\/produkt\/virkmonster-disktrasa-belladonna\/#breadcrumb"},"inLanguage":"en-GB","potentialAction":[{"@type":"ReadAction","target":["https:\/\/www.ellenkantarellen.se\/produkt\/virkmonster-disktrasa-belladonna\/"]}]},{"@type":"ImageObject","inLanguage":"en-GB","@id":"https:\/\/www.ellenkantarellen.se\/produkt\/virkmonster-disktrasa-belladonna\/#primaryimage","url":"https:\/\/www.ellenkantarellen.se\/wp-content\/uploads\/2026\/04\/FRAMSIDA-Websidan-52.png","contentUrl":"https:\/\/www.ellenkantarellen.se\/wp-content\/uploads\/2026\/04\/FRAMSIDA-Websidan-52.png","width":1080,"height":1080},{"@type":"BreadcrumbList","@id":"https:\/\/www.ellenkantarellen.se\/produkt\/virkmonster-disktrasa-belladonna\/#breadcrumb","itemListElement":[{"@type":"ListItem","position":1,"name":"Hem","item":"https:\/\/www.ellenkantarellen.se\/"},{"@type":"ListItem","position":2,"name":"Aff\u00e4r","item":"https:\/\/www.ellenkantarellen.se\/affar\/"},{"@type":"ListItem","position":3,"name":"Virkm\u00f6nster Disktrasa &#8221;Belladonna&#8221;"}]},{"@type":"WebSite","@id":"https:\/\/www.ellenkantarellen.se\/#website","url":"https:\/\/www.ellenkantarellen.se\/","name":"EllenKantarellen","description":"","publisher":{"@id":"https:\/\/www.ellenkantarellen.se\/#organization"},"potentialAction":[{"@type":"SearchAction","target":{"@type":"EntryPoint","urlTemplate":"https:\/\/www.ellenkantarellen.se\/?s={search_term_string}"},"query-input":{"@type":"PropertyValueSpecification","valueRequired":true,"valueName":"search_term_string"}}],"inLanguage":"en-GB"},{"@type":"Organization","@id":"https:\/\/www.ellenkantarellen.se\/#organization","name":"EllenKantarellen","url":"https:\/\/www.ellenkantarellen.se\/","logo":{"@type":"ImageObject","inLanguage":"en-GB","@id":"https:\/\/www.ellenkantarellen.se\/#\/schema\/logo\/image\/","url":"https:\/\/www.ellenkantarellen.se\/wp-content\/uploads\/2021\/09\/ek2.png","contentUrl":"https:\/\/www.ellenkantarellen.se\/wp-content\/uploads\/2021\/09\/ek2.png","width":2232,"height":508,"caption":"EllenKantarellen"},"image":{"@id":"https:\/\/www.ellenkantarellen.se\/#\/schema\/logo\/image\/"}}]}},"_links":{"self":[{"href":"https:\/\/www.ellenkantarellen.se\/en\/wp-json\/wp\/v2\/product\/28489","targetHints":{"allow":["GET"]}}],"collection":[{"href":"https:\/\/www.ellenkantarellen.se\/en\/wp-json\/wp\/v2\/product"}],"about":[{"href":"https:\/\/www.ellenkantarellen.se\/en\/wp-json\/wp\/v2\/types\/product"}],"replies":[{"embeddable":true,"href":"https:\/\/www.ellenkantarellen.se\/en\/wp-json\/wp\/v2\/comments?post=28489"}],"wp:featuredmedia":[{"embeddable":true,"href":"https:\/\/www.ellenkantarellen.se\/en\/wp-json\/wp\/v2\/media\/28387"}],"wp:attachment":[{"href":"https:\/\/www.ellenkantarellen.se\/en\/wp-json\/wp\/v2\/media?parent=28489"}],"wp:term":[{"taxonomy":"product_brand","embeddable":true,"href":"https:\/\/www.ellenkantarellen.se\/en\/wp-json\/wp\/v2\/product_brand?post=28489"},{"taxonomy":"product_cat","embeddable":true,"href":"https:\/\/www.ellenkantarellen.se\/en\/wp-json\/wp\/v2\/product_cat?post=28489"},{"taxonomy":"product_tag","embeddable":true,"href":"https:\/\/www.ellenkantarellen.se\/en\/wp-json\/wp\/v2\/product_tag?post=28489"}],"curies":[{"name":"wp","href":"https:\/\/api.w.org\/{rel}","templated":true}]}}