{"id":29024,"date":"2026-05-08T17:50:36","date_gmt":"2026-05-08T15:50:36","guid":{"rendered":"https:\/\/www.ellenkantarellen.se\/?post_type=product&#038;p=29024"},"modified":"2026-05-09T09:19:40","modified_gmt":"2026-05-09T07:19:40","slug":"virkmonster-fluffig-studentkatt-med-hjarta","status":"publish","type":"product","link":"https:\/\/www.ellenkantarellen.se\/en\/produkt\/virkmonster-fluffig-studentkatt-med-hjarta\/","title":{"rendered":"Virkm\u00f6nster Fluffig Studentkatt med Hj\u00e4rta"},"content":{"rendered":"<p>M\u00f6nster p\u00e5 min supers\u00f6ta virkade fluffiga Katt med studentm\u00f6ssa och studentnyckelband! Ett m\u00f6nster som passar b\u00e5de nyb\u00f6rjare som van! Katten \u00e4r virkat i chenillegarn och blir cirka 17 cm men g\u00e5r att g\u00f6ra i vilket garn som helst (blir cirka 12 cm i akrylgarn)! Perfekt att h\u00e4nga runt halsen p\u00e5 din student, eller bara som mysigt gosedjur.<\/p>\n<p class=\"cvGsUA direction-ltr align-start para-style-body\"><span class=\"a_GcMg font-feature-liga-off font-feature-clig-off font-feature-calt-off text-decoration-none text-strikethrough-none\">Bulky Akrylgarn<\/span><span class=\"a_GcMg font-feature-liga-off font-feature-clig-off font-feature-calt-off text-decoration-none text-strikethrough-none\"> Honey Bunny (Hobbii) &amp;<\/span> <span class=\"a_GcMg font-feature-liga-off font-feature-clig-off font-feature-calt-off text-decoration-none text-strikethrough-none\">5.0 mm virkn\u00e5l<\/span><span class=\"a_GcMg font-feature-liga-off font-feature-clig-off font-feature-calt-off text-decoration-none text-strikethrough-none\">.<\/span><a class=\"a_GcMg font-feature-liga-off font-feature-clig-off font-feature-calt-off text-decoration-underline text-strikethrough-none\" draggable=\"false\" href=\"https:\/\/collabs.shop\/w5fvmx\" target=\"_blank\" rel=\"noopener\">H\u00c4R hittar du garnet!<\/a> <span class=\"a_GcMg font-feature-liga-off font-feature-clig-off font-feature-calt-off text-decoration-none text-strikethrough-none\">(affiliate)<\/span><\/p>\n<p><span class=\"a_GcMg font-feature-liga-off font-feature-clig-off font-feature-calt-off text-decoration-none text-strikethrough-none\">10 mm\/0.39 in rosa s\u00e4kerhetsnos som du kan hitta <\/span><a class=\"a_GcMg font-feature-liga-off font-feature-clig-off font-feature-calt-off text-decoration-underline text-strikethrough-none\" draggable=\"false\" href=\"https:\/\/amzn.to\/4ncROvA\" target=\"_blank\" rel=\"noopener\">H\u00c4R<\/a><span class=\"a_GcMg font-feature-liga-off font-feature-clig-off font-feature-calt-off text-decoration-none text-strikethrough-none\">!<\/span><\/p>\n<p><span class=\"a_GcMg font-feature-liga-off font-feature-clig-off font-feature-calt-off text-decoration-none text-strikethrough-none\">Jag har \u00e4ven anv\u00e4nt s\u00e4kerhets\u00f6gon 10 mm\/0.39 in som du hittar <\/span><a class=\"a_GcMg font-feature-liga-off font-feature-clig-off font-feature-calt-off text-decoration-underline text-strikethrough-none\" draggable=\"false\" href=\"https:\/\/amzn.to\/48IPgPT\" target=\"_blank\" rel=\"noopener\">H\u00c4R!<\/a><\/p>","protected":false},"excerpt":{"rendered":"<p><em>Virkm\u00f6nster fluffig Studentkatt med Hj\u00e4rta,\u00a0studentm\u00f6ssa och nyckelband! <\/em><strong><em>N\u00e4r du betalat f\u00f6r m\u00f6nstret kommer du automatiskt att kunna ladda ner din PDF-fil med ditt nya roliga m\u00f6nster som kommer i mejl till dig!<\/em><\/strong><\/p>","protected":false},"featured_media":29029,"comment_status":"open","ping_status":"closed","template":"","meta":[],"product_brand":[],"product_cat":[457,907,703],"product_tag":[211,385,1414,1412,1411,612,228,386,614],"class_list":{"0":"post-29024","1":"product","2":"type-product","3":"status-publish","4":"has-post-thumbnail","6":"product_cat-monster-amigurumi","7":"product_cat-sommar-studenten","8":"product_cat-etiketter","9":"product_tag-amigurumi","10":"product_tag-virkad-katt","11":"product_tag-virkad-studentkatt","12":"product_tag-virkat-att-hanga-runt-halsen-studenten","13":"product_tag-virkat-djur-till-studenten","14":"product_tag-virkat-till-studenten","15":"product_tag-virkmonster","16":"product_tag-virkmonster-katt","17":"product_tag-virkmonster-studenten","19":"first","20":"instock","21":"downloadable","22":"virtual","23":"sold-individually","24":"taxable","25":"purchasable","26":"product-type-simple"},"bundled_by":[],"bundle_stock_status":"instock","bundle_stock_quantity":null,"bundle_virtual":false,"bundle_layout":"","bundle_add_to_cart_form_location":"","bundle_editable_in_cart":false,"bundle_sold_individually_context":"","bundle_item_grouping":"","bundle_min_size":"","bundle_max_size":"","bundle_price":[],"bundled_items":[],"bundle_sell_ids":[],"yoast_head":"<!-- This site is optimized with the Yoast SEO plugin v27.0 - https:\/\/yoast.com\/product\/yoast-seo-wordpress\/ -->\n<title>Virkm\u00f6nster Fluffig Studentkatt med Hj\u00e4rta - EllenKantarellen<\/title>\n<meta name=\"description\" content=\"M\u00f6nster p\u00e5 min supers\u00f6ta virkade fluffiga Katt med hj\u00e4rta, studentm\u00f6ssa och nyckelband! Perfekt till den lille eller att h\u00e4nga runt halsen p\u00e5 din student!\" \/>\n<meta name=\"robots\" content=\"index, follow, max-snippet:-1, max-image-preview:large, max-video-preview:-1\" \/>\n<link rel=\"canonical\" href=\"https:\/\/www.ellenkantarellen.se\/en\/product-2\/virkmonster-fluffig-studentkatt-med-hjarta\/\" \/>\n<meta property=\"og:locale\" content=\"en_GB\" \/>\n<meta property=\"og:type\" content=\"article\" \/>\n<meta property=\"og:title\" content=\"Virkm\u00f6nster Fluffig Studentkatt med Hj\u00e4rta - EllenKantarellen\" \/>\n<meta property=\"og:description\" content=\"M\u00f6nster p\u00e5 min supers\u00f6ta virkade fluffiga Katt med hj\u00e4rta, studentm\u00f6ssa och nyckelband! Perfekt till den lille eller att h\u00e4nga runt halsen p\u00e5 din student!\" \/>\n<meta property=\"og:url\" content=\"https:\/\/www.ellenkantarellen.se\/en\/product-2\/virkmonster-fluffig-studentkatt-med-hjarta\/\" \/>\n<meta property=\"og:site_name\" content=\"EllenKantarellen\" \/>\n<meta property=\"article:modified_time\" content=\"2026-05-09T07:19:40+00:00\" \/>\n<meta property=\"og:image\" content=\"https:\/\/www.ellenkantarellen.se\/wp-content\/uploads\/2026\/05\/Swipe-for-the-pattern-23.jpg\" \/>\n\t<meta property=\"og:image:width\" content=\"1755\" \/>\n\t<meta property=\"og:image:height\" content=\"2194\" \/>\n\t<meta property=\"og:image:type\" content=\"image\/jpeg\" \/>\n<meta name=\"twitter:card\" content=\"summary_large_image\" \/>\n<meta name=\"twitter:label1\" content=\"Estimated reading time\" \/>\n\t<meta name=\"twitter:data1\" content=\"1 minute\" \/>\n<script type=\"application\/ld+json\" class=\"yoast-schema-graph\">{\"@context\":\"https:\/\/schema.org\",\"@graph\":[{\"@type\":\"WebPage\",\"@id\":\"https:\/\/www.ellenkantarellen.se\/produkt\/virkmonster-fluffig-studentkatt-med-hjarta\/\",\"url\":\"https:\/\/www.ellenkantarellen.se\/produkt\/virkmonster-fluffig-studentkatt-med-hjarta\/\",\"name\":\"Virkm\u00f6nster Fluffig Studentkatt med Hj\u00e4rta - EllenKantarellen\",\"isPartOf\":{\"@id\":\"https:\/\/www.ellenkantarellen.se\/#website\"},\"primaryImageOfPage\":{\"@id\":\"https:\/\/www.ellenkantarellen.se\/produkt\/virkmonster-fluffig-studentkatt-med-hjarta\/#primaryimage\"},\"image\":{\"@id\":\"https:\/\/www.ellenkantarellen.se\/produkt\/virkmonster-fluffig-studentkatt-med-hjarta\/#primaryimage\"},\"thumbnailUrl\":\"https:\/\/www.ellenkantarellen.se\/wp-content\/uploads\/2026\/05\/Swipe-for-the-pattern-23.jpg\",\"datePublished\":\"2026-05-08T15:50:36+00:00\",\"dateModified\":\"2026-05-09T07:19:40+00:00\",\"description\":\"M\u00f6nster p\u00e5 min supers\u00f6ta virkade fluffiga Katt med hj\u00e4rta, studentm\u00f6ssa och nyckelband! Perfekt till den lille eller att h\u00e4nga runt halsen p\u00e5 din student!\",\"breadcrumb\":{\"@id\":\"https:\/\/www.ellenkantarellen.se\/produkt\/virkmonster-fluffig-studentkatt-med-hjarta\/#breadcrumb\"},\"inLanguage\":\"en-GB\",\"potentialAction\":[{\"@type\":\"ReadAction\",\"target\":[\"https:\/\/www.ellenkantarellen.se\/produkt\/virkmonster-fluffig-studentkatt-med-hjarta\/\"]}]},{\"@type\":\"ImageObject\",\"inLanguage\":\"en-GB\",\"@id\":\"https:\/\/www.ellenkantarellen.se\/produkt\/virkmonster-fluffig-studentkatt-med-hjarta\/#primaryimage\",\"url\":\"https:\/\/www.ellenkantarellen.se\/wp-content\/uploads\/2026\/05\/Swipe-for-the-pattern-23.jpg\",\"contentUrl\":\"https:\/\/www.ellenkantarellen.se\/wp-content\/uploads\/2026\/05\/Swipe-for-the-pattern-23.jpg\",\"width\":1755,\"height\":2194},{\"@type\":\"BreadcrumbList\",\"@id\":\"https:\/\/www.ellenkantarellen.se\/produkt\/virkmonster-fluffig-studentkatt-med-hjarta\/#breadcrumb\",\"itemListElement\":[{\"@type\":\"ListItem\",\"position\":1,\"name\":\"Hem\",\"item\":\"https:\/\/www.ellenkantarellen.se\/\"},{\"@type\":\"ListItem\",\"position\":2,\"name\":\"Aff\u00e4r\",\"item\":\"https:\/\/www.ellenkantarellen.se\/affar\/\"},{\"@type\":\"ListItem\",\"position\":3,\"name\":\"Virkm\u00f6nster Fluffig Studentkatt med Hj\u00e4rta\"}]},{\"@type\":\"WebSite\",\"@id\":\"https:\/\/www.ellenkantarellen.se\/#website\",\"url\":\"https:\/\/www.ellenkantarellen.se\/\",\"name\":\"EllenKantarellen\",\"description\":\"\",\"publisher\":{\"@id\":\"https:\/\/www.ellenkantarellen.se\/#organization\"},\"potentialAction\":[{\"@type\":\"SearchAction\",\"target\":{\"@type\":\"EntryPoint\",\"urlTemplate\":\"https:\/\/www.ellenkantarellen.se\/?s={search_term_string}\"},\"query-input\":{\"@type\":\"PropertyValueSpecification\",\"valueRequired\":true,\"valueName\":\"search_term_string\"}}],\"inLanguage\":\"en-GB\"},{\"@type\":\"Organization\",\"@id\":\"https:\/\/www.ellenkantarellen.se\/#organization\",\"name\":\"EllenKantarellen\",\"url\":\"https:\/\/www.ellenkantarellen.se\/\",\"logo\":{\"@type\":\"ImageObject\",\"inLanguage\":\"en-GB\",\"@id\":\"https:\/\/www.ellenkantarellen.se\/#\/schema\/logo\/image\/\",\"url\":\"https:\/\/www.ellenkantarellen.se\/wp-content\/uploads\/2021\/09\/ek2.png\",\"contentUrl\":\"https:\/\/www.ellenkantarellen.se\/wp-content\/uploads\/2021\/09\/ek2.png\",\"width\":2232,\"height\":508,\"caption\":\"EllenKantarellen\"},\"image\":{\"@id\":\"https:\/\/www.ellenkantarellen.se\/#\/schema\/logo\/image\/\"}}]}<\/script>\n<!-- \/ Yoast SEO plugin. -->","yoast_head_json":{"title":"Virkm\u00f6nster Fluffig Studentkatt med Hj\u00e4rta - EllenKantarellen","description":"M\u00f6nster p\u00e5 min supers\u00f6ta virkade fluffiga Katt med hj\u00e4rta, studentm\u00f6ssa och nyckelband! Perfekt till den lille eller att h\u00e4nga runt halsen p\u00e5 din student!","robots":{"index":"index","follow":"follow","max-snippet":"max-snippet:-1","max-image-preview":"max-image-preview:large","max-video-preview":"max-video-preview:-1"},"canonical":"https:\/\/www.ellenkantarellen.se\/en\/product-2\/virkmonster-fluffig-studentkatt-med-hjarta\/","og_locale":"en_GB","og_type":"article","og_title":"Virkm\u00f6nster Fluffig Studentkatt med Hj\u00e4rta - EllenKantarellen","og_description":"M\u00f6nster p\u00e5 min supers\u00f6ta virkade fluffiga Katt med hj\u00e4rta, studentm\u00f6ssa och nyckelband! Perfekt till den lille eller att h\u00e4nga runt halsen p\u00e5 din student!","og_url":"https:\/\/www.ellenkantarellen.se\/en\/product-2\/virkmonster-fluffig-studentkatt-med-hjarta\/","og_site_name":"EllenKantarellen","article_modified_time":"2026-05-09T07:19:40+00:00","og_image":[{"width":1755,"height":2194,"url":"https:\/\/www.ellenkantarellen.se\/wp-content\/uploads\/2026\/05\/Swipe-for-the-pattern-23.jpg","type":"image\/jpeg"}],"twitter_card":"summary_large_image","twitter_misc":{"Estimated reading time":"1 minute"},"schema":{"@context":"https:\/\/schema.org","@graph":[{"@type":"WebPage","@id":"https:\/\/www.ellenkantarellen.se\/produkt\/virkmonster-fluffig-studentkatt-med-hjarta\/","url":"https:\/\/www.ellenkantarellen.se\/produkt\/virkmonster-fluffig-studentkatt-med-hjarta\/","name":"Virkm\u00f6nster Fluffig Studentkatt med Hj\u00e4rta - EllenKantarellen","isPartOf":{"@id":"https:\/\/www.ellenkantarellen.se\/#website"},"primaryImageOfPage":{"@id":"https:\/\/www.ellenkantarellen.se\/produkt\/virkmonster-fluffig-studentkatt-med-hjarta\/#primaryimage"},"image":{"@id":"https:\/\/www.ellenkantarellen.se\/produkt\/virkmonster-fluffig-studentkatt-med-hjarta\/#primaryimage"},"thumbnailUrl":"https:\/\/www.ellenkantarellen.se\/wp-content\/uploads\/2026\/05\/Swipe-for-the-pattern-23.jpg","datePublished":"2026-05-08T15:50:36+00:00","dateModified":"2026-05-09T07:19:40+00:00","description":"M\u00f6nster p\u00e5 min supers\u00f6ta virkade fluffiga Katt med hj\u00e4rta, studentm\u00f6ssa och nyckelband! Perfekt till den lille eller att h\u00e4nga runt halsen p\u00e5 din student!","breadcrumb":{"@id":"https:\/\/www.ellenkantarellen.se\/produkt\/virkmonster-fluffig-studentkatt-med-hjarta\/#breadcrumb"},"inLanguage":"en-GB","potentialAction":[{"@type":"ReadAction","target":["https:\/\/www.ellenkantarellen.se\/produkt\/virkmonster-fluffig-studentkatt-med-hjarta\/"]}]},{"@type":"ImageObject","inLanguage":"en-GB","@id":"https:\/\/www.ellenkantarellen.se\/produkt\/virkmonster-fluffig-studentkatt-med-hjarta\/#primaryimage","url":"https:\/\/www.ellenkantarellen.se\/wp-content\/uploads\/2026\/05\/Swipe-for-the-pattern-23.jpg","contentUrl":"https:\/\/www.ellenkantarellen.se\/wp-content\/uploads\/2026\/05\/Swipe-for-the-pattern-23.jpg","width":1755,"height":2194},{"@type":"BreadcrumbList","@id":"https:\/\/www.ellenkantarellen.se\/produkt\/virkmonster-fluffig-studentkatt-med-hjarta\/#breadcrumb","itemListElement":[{"@type":"ListItem","position":1,"name":"Hem","item":"https:\/\/www.ellenkantarellen.se\/"},{"@type":"ListItem","position":2,"name":"Aff\u00e4r","item":"https:\/\/www.ellenkantarellen.se\/affar\/"},{"@type":"ListItem","position":3,"name":"Virkm\u00f6nster Fluffig Studentkatt med Hj\u00e4rta"}]},{"@type":"WebSite","@id":"https:\/\/www.ellenkantarellen.se\/#website","url":"https:\/\/www.ellenkantarellen.se\/","name":"EllenKantarellen","description":"","publisher":{"@id":"https:\/\/www.ellenkantarellen.se\/#organization"},"potentialAction":[{"@type":"SearchAction","target":{"@type":"EntryPoint","urlTemplate":"https:\/\/www.ellenkantarellen.se\/?s={search_term_string}"},"query-input":{"@type":"PropertyValueSpecification","valueRequired":true,"valueName":"search_term_string"}}],"inLanguage":"en-GB"},{"@type":"Organization","@id":"https:\/\/www.ellenkantarellen.se\/#organization","name":"EllenKantarellen","url":"https:\/\/www.ellenkantarellen.se\/","logo":{"@type":"ImageObject","inLanguage":"en-GB","@id":"https:\/\/www.ellenkantarellen.se\/#\/schema\/logo\/image\/","url":"https:\/\/www.ellenkantarellen.se\/wp-content\/uploads\/2021\/09\/ek2.png","contentUrl":"https:\/\/www.ellenkantarellen.se\/wp-content\/uploads\/2021\/09\/ek2.png","width":2232,"height":508,"caption":"EllenKantarellen"},"image":{"@id":"https:\/\/www.ellenkantarellen.se\/#\/schema\/logo\/image\/"}}]}},"_links":{"self":[{"href":"https:\/\/www.ellenkantarellen.se\/en\/wp-json\/wp\/v2\/product\/29024","targetHints":{"allow":["GET"]}}],"collection":[{"href":"https:\/\/www.ellenkantarellen.se\/en\/wp-json\/wp\/v2\/product"}],"about":[{"href":"https:\/\/www.ellenkantarellen.se\/en\/wp-json\/wp\/v2\/types\/product"}],"replies":[{"embeddable":true,"href":"https:\/\/www.ellenkantarellen.se\/en\/wp-json\/wp\/v2\/comments?post=29024"}],"wp:featuredmedia":[{"embeddable":true,"href":"https:\/\/www.ellenkantarellen.se\/en\/wp-json\/wp\/v2\/media\/29029"}],"wp:attachment":[{"href":"https:\/\/www.ellenkantarellen.se\/en\/wp-json\/wp\/v2\/media?parent=29024"}],"wp:term":[{"taxonomy":"product_brand","embeddable":true,"href":"https:\/\/www.ellenkantarellen.se\/en\/wp-json\/wp\/v2\/product_brand?post=29024"},{"taxonomy":"product_cat","embeddable":true,"href":"https:\/\/www.ellenkantarellen.se\/en\/wp-json\/wp\/v2\/product_cat?post=29024"},{"taxonomy":"product_tag","embeddable":true,"href":"https:\/\/www.ellenkantarellen.se\/en\/wp-json\/wp\/v2\/product_tag?post=29024"}],"curies":[{"name":"wp","href":"https:\/\/api.w.org\/{rel}","templated":true}]}}