{"id":4729,"date":"2022-06-18T21:28:39","date_gmt":"2022-06-18T19:28:39","guid":{"rendered":"https:\/\/www.ellenkantarellen.se\/?post_type=product&#038;p=4729"},"modified":"2025-08-30T16:54:27","modified_gmt":"2025-08-30T14:54:27","slug":"monster-virkad-alva-jordgubbe-blabar","status":"publish","type":"product","link":"https:\/\/www.ellenkantarellen.se\/en\/produkt\/monster-virkad-alva-jordgubbe-blabar\/","title":{"rendered":"Strawberry &amp; Blueberry fairy crochet pattern"},"content":{"rendered":"<p><em>M\u00f6nster p\u00e5 mina supers\u00f6ta virkade sm\u00e5 amigurumi \u00c4lvor i Jordgubb och Bl\u00e5b\u00e4rssmak! Passar perfekt som de \u00e4r eller att f\u00e4sta i barnvagnsmobil! Blir cirka 12 cm h\u00f6ga!<\/em><\/p>","protected":false},"excerpt":{"rendered":"<p><em>M\u00f6nster p\u00e5 mina s\u00f6ta virkade sm\u00e5 \u00c4lvor i Jordgubb och Bl\u00e5b\u00e4rssmak! <\/em><strong><em>After payment you can instantly download your new pattern! You get an email with a link to the pattern.<\/em><\/strong><\/p>","protected":false},"featured_media":4732,"comment_status":"open","ping_status":"closed","template":"","meta":[],"product_brand":[],"product_cat":[302,457],"product_tag":[211,221,408,197,136,184,409,233,1247,1248],"class_list":{"0":"post-4729","1":"product","2":"type-product","3":"status-publish","4":"has-post-thumbnail","6":"product_cat-leksaksmonster","7":"product_cat-monster-amigurumi","8":"product_tag-amigurumi","9":"product_tag-monster-amigurumi","10":"product_tag-monster-virkad-alva","11":"product_tag-monster-virkad-barnvagnsmobil","12":"product_tag-virkad-barnvagnsmobil","13":"product_tag-virkad-jordgubbe","14":"product_tag-virkmonster-alva","15":"product_tag-virkmonster-amigurumi","16":"product_tag-virkmonster-barnvagnsmobil","17":"product_tag-virkmonster-jordgubbe","19":"first","20":"instock","21":"downloadable","22":"virtual","23":"taxable","24":"purchasable","25":"product-type-simple"},"bundled_by":[],"bundle_stock_status":"instock","bundle_stock_quantity":null,"bundle_virtual":false,"bundle_layout":"","bundle_add_to_cart_form_location":"","bundle_editable_in_cart":false,"bundle_sold_individually_context":"","bundle_item_grouping":"","bundle_min_size":"","bundle_max_size":"","bundle_price":[],"bundled_items":[],"bundle_sell_ids":[],"yoast_head":"<!-- This site is optimized with the Yoast SEO plugin v27.0 - https:\/\/yoast.com\/product\/yoast-seo-wordpress\/ -->\n<title>M\u00f6nster virkad \u00c4lva Jordgubbe &amp; Bl\u00e5b\u00e4r - EllenKantarellen<\/title>\n<meta name=\"description\" content=\"M\u00f6nster p\u00e5 mina supers\u00f6ta virkade sm\u00e5 amigurumi \u00c4lvor i Jordgubb och Bl\u00e5b\u00e4rssmak! Passar perfekt som de \u00e4r eller att f\u00e4sta i barnvagnsmobil!\" \/>\n<meta name=\"robots\" content=\"index, follow, max-snippet:-1, max-image-preview:large, max-video-preview:-1\" \/>\n<link rel=\"canonical\" href=\"https:\/\/www.ellenkantarellen.se\/en\/product-2\/monster-virkad-alva-jordgubbe-blabar\/\" \/>\n<meta property=\"og:locale\" content=\"en_GB\" \/>\n<meta property=\"og:type\" content=\"article\" \/>\n<meta property=\"og:title\" content=\"M\u00f6nster virkad \u00c4lva Jordgubbe &amp; Bl\u00e5b\u00e4r - EllenKantarellen\" \/>\n<meta property=\"og:description\" content=\"M\u00f6nster p\u00e5 mina supers\u00f6ta virkade sm\u00e5 amigurumi \u00c4lvor i Jordgubb och Bl\u00e5b\u00e4rssmak! Passar perfekt som de \u00e4r eller att f\u00e4sta i barnvagnsmobil!\" \/>\n<meta property=\"og:url\" content=\"https:\/\/www.ellenkantarellen.se\/en\/product-2\/monster-virkad-alva-jordgubbe-blabar\/\" \/>\n<meta property=\"og:site_name\" content=\"EllenKantarellen\" \/>\n<meta property=\"article:modified_time\" content=\"2025-08-30T14:54:27+00:00\" \/>\n<meta property=\"og:image\" content=\"https:\/\/www.ellenkantarellen.se\/wp-content\/uploads\/2022\/06\/IMG_4172.jpg\" \/>\n\t<meta property=\"og:image:width\" content=\"960\" \/>\n\t<meta property=\"og:image:height\" content=\"1280\" \/>\n\t<meta property=\"og:image:type\" content=\"image\/jpeg\" \/>\n<meta name=\"twitter:card\" content=\"summary_large_image\" \/>\n<meta name=\"twitter:label1\" content=\"Estimated reading time\" \/>\n\t<meta name=\"twitter:data1\" content=\"1 minute\" \/>\n<script type=\"application\/ld+json\" class=\"yoast-schema-graph\">{\"@context\":\"https:\/\/schema.org\",\"@graph\":[{\"@type\":\"WebPage\",\"@id\":\"https:\/\/www.ellenkantarellen.se\/produkt\/monster-virkad-alva-jordgubbe-blabar\/\",\"url\":\"https:\/\/www.ellenkantarellen.se\/produkt\/monster-virkad-alva-jordgubbe-blabar\/\",\"name\":\"M\u00f6nster virkad \u00c4lva Jordgubbe & Bl\u00e5b\u00e4r - EllenKantarellen\",\"isPartOf\":{\"@id\":\"https:\/\/www.ellenkantarellen.se\/#website\"},\"primaryImageOfPage\":{\"@id\":\"https:\/\/www.ellenkantarellen.se\/produkt\/monster-virkad-alva-jordgubbe-blabar\/#primaryimage\"},\"image\":{\"@id\":\"https:\/\/www.ellenkantarellen.se\/produkt\/monster-virkad-alva-jordgubbe-blabar\/#primaryimage\"},\"thumbnailUrl\":\"https:\/\/www.ellenkantarellen.se\/wp-content\/uploads\/2022\/06\/IMG_4172.jpg\",\"datePublished\":\"2022-06-18T19:28:39+00:00\",\"dateModified\":\"2025-08-30T14:54:27+00:00\",\"description\":\"M\u00f6nster p\u00e5 mina supers\u00f6ta virkade sm\u00e5 amigurumi \u00c4lvor i Jordgubb och Bl\u00e5b\u00e4rssmak! Passar perfekt som de \u00e4r eller att f\u00e4sta i barnvagnsmobil!\",\"breadcrumb\":{\"@id\":\"https:\/\/www.ellenkantarellen.se\/produkt\/monster-virkad-alva-jordgubbe-blabar\/#breadcrumb\"},\"inLanguage\":\"en-GB\",\"potentialAction\":[{\"@type\":\"ReadAction\",\"target\":[\"https:\/\/www.ellenkantarellen.se\/produkt\/monster-virkad-alva-jordgubbe-blabar\/\"]}]},{\"@type\":\"ImageObject\",\"inLanguage\":\"en-GB\",\"@id\":\"https:\/\/www.ellenkantarellen.se\/produkt\/monster-virkad-alva-jordgubbe-blabar\/#primaryimage\",\"url\":\"https:\/\/www.ellenkantarellen.se\/wp-content\/uploads\/2022\/06\/IMG_4172.jpg\",\"contentUrl\":\"https:\/\/www.ellenkantarellen.se\/wp-content\/uploads\/2022\/06\/IMG_4172.jpg\",\"width\":960,\"height\":1280},{\"@type\":\"BreadcrumbList\",\"@id\":\"https:\/\/www.ellenkantarellen.se\/produkt\/monster-virkad-alva-jordgubbe-blabar\/#breadcrumb\",\"itemListElement\":[{\"@type\":\"ListItem\",\"position\":1,\"name\":\"Hem\",\"item\":\"https:\/\/www.ellenkantarellen.se\/\"},{\"@type\":\"ListItem\",\"position\":2,\"name\":\"Aff\u00e4r\",\"item\":\"https:\/\/www.ellenkantarellen.se\/affar\/\"},{\"@type\":\"ListItem\",\"position\":3,\"name\":\"M\u00f6nster virkad \u00c4lva Jordgubbe &#038; Bl\u00e5b\u00e4r\"}]},{\"@type\":\"WebSite\",\"@id\":\"https:\/\/www.ellenkantarellen.se\/#website\",\"url\":\"https:\/\/www.ellenkantarellen.se\/\",\"name\":\"EllenKantarellen\",\"description\":\"\",\"publisher\":{\"@id\":\"https:\/\/www.ellenkantarellen.se\/#organization\"},\"potentialAction\":[{\"@type\":\"SearchAction\",\"target\":{\"@type\":\"EntryPoint\",\"urlTemplate\":\"https:\/\/www.ellenkantarellen.se\/?s={search_term_string}\"},\"query-input\":{\"@type\":\"PropertyValueSpecification\",\"valueRequired\":true,\"valueName\":\"search_term_string\"}}],\"inLanguage\":\"en-GB\"},{\"@type\":\"Organization\",\"@id\":\"https:\/\/www.ellenkantarellen.se\/#organization\",\"name\":\"EllenKantarellen\",\"url\":\"https:\/\/www.ellenkantarellen.se\/\",\"logo\":{\"@type\":\"ImageObject\",\"inLanguage\":\"en-GB\",\"@id\":\"https:\/\/www.ellenkantarellen.se\/#\/schema\/logo\/image\/\",\"url\":\"https:\/\/www.ellenkantarellen.se\/wp-content\/uploads\/2021\/09\/ek2.png\",\"contentUrl\":\"https:\/\/www.ellenkantarellen.se\/wp-content\/uploads\/2021\/09\/ek2.png\",\"width\":2232,\"height\":508,\"caption\":\"EllenKantarellen\"},\"image\":{\"@id\":\"https:\/\/www.ellenkantarellen.se\/#\/schema\/logo\/image\/\"}}]}<\/script>\n<!-- \/ Yoast SEO plugin. -->","yoast_head_json":{"title":"M\u00f6nster virkad \u00c4lva Jordgubbe & Bl\u00e5b\u00e4r - EllenKantarellen","description":"M\u00f6nster p\u00e5 mina supers\u00f6ta virkade sm\u00e5 amigurumi \u00c4lvor i Jordgubb och Bl\u00e5b\u00e4rssmak! Passar perfekt som de \u00e4r eller att f\u00e4sta i barnvagnsmobil!","robots":{"index":"index","follow":"follow","max-snippet":"max-snippet:-1","max-image-preview":"max-image-preview:large","max-video-preview":"max-video-preview:-1"},"canonical":"https:\/\/www.ellenkantarellen.se\/en\/product-2\/monster-virkad-alva-jordgubbe-blabar\/","og_locale":"en_GB","og_type":"article","og_title":"M\u00f6nster virkad \u00c4lva Jordgubbe & Bl\u00e5b\u00e4r - EllenKantarellen","og_description":"M\u00f6nster p\u00e5 mina supers\u00f6ta virkade sm\u00e5 amigurumi \u00c4lvor i Jordgubb och Bl\u00e5b\u00e4rssmak! Passar perfekt som de \u00e4r eller att f\u00e4sta i barnvagnsmobil!","og_url":"https:\/\/www.ellenkantarellen.se\/en\/product-2\/monster-virkad-alva-jordgubbe-blabar\/","og_site_name":"EllenKantarellen","article_modified_time":"2025-08-30T14:54:27+00:00","og_image":[{"width":960,"height":1280,"url":"https:\/\/www.ellenkantarellen.se\/wp-content\/uploads\/2022\/06\/IMG_4172.jpg","type":"image\/jpeg"}],"twitter_card":"summary_large_image","twitter_misc":{"Estimated reading time":"1 minute"},"schema":{"@context":"https:\/\/schema.org","@graph":[{"@type":"WebPage","@id":"https:\/\/www.ellenkantarellen.se\/produkt\/monster-virkad-alva-jordgubbe-blabar\/","url":"https:\/\/www.ellenkantarellen.se\/produkt\/monster-virkad-alva-jordgubbe-blabar\/","name":"M\u00f6nster virkad \u00c4lva Jordgubbe & Bl\u00e5b\u00e4r - EllenKantarellen","isPartOf":{"@id":"https:\/\/www.ellenkantarellen.se\/#website"},"primaryImageOfPage":{"@id":"https:\/\/www.ellenkantarellen.se\/produkt\/monster-virkad-alva-jordgubbe-blabar\/#primaryimage"},"image":{"@id":"https:\/\/www.ellenkantarellen.se\/produkt\/monster-virkad-alva-jordgubbe-blabar\/#primaryimage"},"thumbnailUrl":"https:\/\/www.ellenkantarellen.se\/wp-content\/uploads\/2022\/06\/IMG_4172.jpg","datePublished":"2022-06-18T19:28:39+00:00","dateModified":"2025-08-30T14:54:27+00:00","description":"M\u00f6nster p\u00e5 mina supers\u00f6ta virkade sm\u00e5 amigurumi \u00c4lvor i Jordgubb och Bl\u00e5b\u00e4rssmak! Passar perfekt som de \u00e4r eller att f\u00e4sta i barnvagnsmobil!","breadcrumb":{"@id":"https:\/\/www.ellenkantarellen.se\/produkt\/monster-virkad-alva-jordgubbe-blabar\/#breadcrumb"},"inLanguage":"en-GB","potentialAction":[{"@type":"ReadAction","target":["https:\/\/www.ellenkantarellen.se\/produkt\/monster-virkad-alva-jordgubbe-blabar\/"]}]},{"@type":"ImageObject","inLanguage":"en-GB","@id":"https:\/\/www.ellenkantarellen.se\/produkt\/monster-virkad-alva-jordgubbe-blabar\/#primaryimage","url":"https:\/\/www.ellenkantarellen.se\/wp-content\/uploads\/2022\/06\/IMG_4172.jpg","contentUrl":"https:\/\/www.ellenkantarellen.se\/wp-content\/uploads\/2022\/06\/IMG_4172.jpg","width":960,"height":1280},{"@type":"BreadcrumbList","@id":"https:\/\/www.ellenkantarellen.se\/produkt\/monster-virkad-alva-jordgubbe-blabar\/#breadcrumb","itemListElement":[{"@type":"ListItem","position":1,"name":"Hem","item":"https:\/\/www.ellenkantarellen.se\/"},{"@type":"ListItem","position":2,"name":"Aff\u00e4r","item":"https:\/\/www.ellenkantarellen.se\/affar\/"},{"@type":"ListItem","position":3,"name":"M\u00f6nster virkad \u00c4lva Jordgubbe &#038; Bl\u00e5b\u00e4r"}]},{"@type":"WebSite","@id":"https:\/\/www.ellenkantarellen.se\/#website","url":"https:\/\/www.ellenkantarellen.se\/","name":"EllenKantarellen","description":"","publisher":{"@id":"https:\/\/www.ellenkantarellen.se\/#organization"},"potentialAction":[{"@type":"SearchAction","target":{"@type":"EntryPoint","urlTemplate":"https:\/\/www.ellenkantarellen.se\/?s={search_term_string}"},"query-input":{"@type":"PropertyValueSpecification","valueRequired":true,"valueName":"search_term_string"}}],"inLanguage":"en-GB"},{"@type":"Organization","@id":"https:\/\/www.ellenkantarellen.se\/#organization","name":"EllenKantarellen","url":"https:\/\/www.ellenkantarellen.se\/","logo":{"@type":"ImageObject","inLanguage":"en-GB","@id":"https:\/\/www.ellenkantarellen.se\/#\/schema\/logo\/image\/","url":"https:\/\/www.ellenkantarellen.se\/wp-content\/uploads\/2021\/09\/ek2.png","contentUrl":"https:\/\/www.ellenkantarellen.se\/wp-content\/uploads\/2021\/09\/ek2.png","width":2232,"height":508,"caption":"EllenKantarellen"},"image":{"@id":"https:\/\/www.ellenkantarellen.se\/#\/schema\/logo\/image\/"}}]}},"_links":{"self":[{"href":"https:\/\/www.ellenkantarellen.se\/en\/wp-json\/wp\/v2\/product\/4729","targetHints":{"allow":["GET"]}}],"collection":[{"href":"https:\/\/www.ellenkantarellen.se\/en\/wp-json\/wp\/v2\/product"}],"about":[{"href":"https:\/\/www.ellenkantarellen.se\/en\/wp-json\/wp\/v2\/types\/product"}],"replies":[{"embeddable":true,"href":"https:\/\/www.ellenkantarellen.se\/en\/wp-json\/wp\/v2\/comments?post=4729"}],"wp:featuredmedia":[{"embeddable":true,"href":"https:\/\/www.ellenkantarellen.se\/en\/wp-json\/wp\/v2\/media\/4732"}],"wp:attachment":[{"href":"https:\/\/www.ellenkantarellen.se\/en\/wp-json\/wp\/v2\/media?parent=4729"}],"wp:term":[{"taxonomy":"product_brand","embeddable":true,"href":"https:\/\/www.ellenkantarellen.se\/en\/wp-json\/wp\/v2\/product_brand?post=4729"},{"taxonomy":"product_cat","embeddable":true,"href":"https:\/\/www.ellenkantarellen.se\/en\/wp-json\/wp\/v2\/product_cat?post=4729"},{"taxonomy":"product_tag","embeddable":true,"href":"https:\/\/www.ellenkantarellen.se\/en\/wp-json\/wp\/v2\/product_tag?post=4729"}],"curies":[{"name":"wp","href":"https:\/\/api.w.org\/{rel}","templated":true}]}}