{"id":4759,"date":"2022-06-26T16:26:28","date_gmt":"2022-06-26T14:26:28","guid":{"rendered":"https:\/\/www.ellenkantarellen.se\/?post_type=product&#038;p=4759"},"modified":"2024-12-02T07:34:01","modified_gmt":"2024-12-02T06:34:01","slug":"monster-virkad-angel-i-hander","status":"publish","type":"product","link":"https:\/\/www.ellenkantarellen.se\/en\/produkt\/monster-virkad-angel-i-hander\/","title":{"rendered":"Little Angel in hands crochet pattern"},"content":{"rendered":"","protected":false},"excerpt":{"rendered":"<p><em>Lovely crochet pattern with a little baby angel lying in hands. Approximately 13x12 cm\/5x4.7\", angel 3.4\" high. (heart and clouds are props, not included in this pattern) <\/em><strong><em>After payment you can instantly download your new pattern! You get an email with a link to the pattern.\u00a0<\/em>Det har g\u00e5tt ut okorrigerade m\u00f6nster f\u00f6r \u00e4ngeln i h\u00e4nder\u2026..om du f\u00e5tt ett som verkar felaktigt skicka ett meddelande till mig s\u00e5 f\u00e5r du det uppdaterade! \ud83e\udd17\u2764\ufe0f<\/strong><\/p>","protected":false},"featured_media":4761,"comment_status":"open","ping_status":"closed","template":"","meta":[],"product_brand":[],"product_cat":[457,458],"product_tag":[211,221,304,420,418,419,421],"class_list":{"0":"post-4759","1":"product","2":"type-product","3":"status-publish","4":"has-post-thumbnail","6":"product_cat-monster-amigurumi","7":"product_cat-ovriga-monster","8":"product_tag-amigurumi","9":"product_tag-monster-amigurumi","10":"product_tag-monster-virkad-angel","11":"product_tag-monster-virkade-hander","12":"product_tag-virkad-angel","13":"product_tag-virkade-hander","14":"product_tag-virkade-moln","16":"first","17":"instock","18":"downloadable","19":"virtual","20":"taxable","21":"purchasable","22":"product-type-simple"},"bundled_by":[],"bundle_stock_status":"instock","bundle_stock_quantity":null,"bundle_virtual":false,"bundle_layout":"","bundle_add_to_cart_form_location":"","bundle_editable_in_cart":false,"bundle_sold_individually_context":"","bundle_item_grouping":"","bundle_min_size":"","bundle_max_size":"","bundle_price":[],"bundled_items":[],"bundle_sell_ids":[],"yoast_head":"<!-- This site is optimized with the Yoast SEO plugin v27.0 - https:\/\/yoast.com\/product\/yoast-seo-wordpress\/ -->\n<title>M\u00f6nster virkad \u00c4ngel i h\u00e4nder - EllenKantarellen<\/title>\n<meta name=\"robots\" content=\"index, follow, max-snippet:-1, max-image-preview:large, max-video-preview:-1\" \/>\n<link rel=\"canonical\" href=\"https:\/\/www.ellenkantarellen.se\/en\/product-2\/monster-virkad-angel-i-hander\/\" \/>\n<meta property=\"og:locale\" content=\"en_GB\" \/>\n<meta property=\"og:type\" content=\"article\" \/>\n<meta property=\"og:title\" content=\"M\u00f6nster virkad \u00c4ngel i h\u00e4nder - EllenKantarellen\" \/>\n<meta property=\"og:description\" content=\"M\u00f6nster p\u00e5 min s\u00f6ta virkade lilla \u00e4ngel som ligger i ett par h\u00e4nder! H\u00e4nder cirka 13x12 cm, \u00e4ngel cirka 8,5 cm. (hj\u00e4rta och moln \u00e4r endast rekvisita - finns inte med i detta m\u00f6nster) N\u00e4r du betalat f\u00f6r m\u00f6nstret kommer du automatiskt att kunna ladda ner din PDF-fil med ditt nya smarriga m\u00f6nster som kommer i mejl till dig!\u00a0Det har g\u00e5tt ut okorrigerade m\u00f6nster f\u00f6r \u00e4ngeln i h\u00e4nder\u2026..om du f\u00e5tt ett som verkar felaktigt skicka ett meddelande till mig s\u00e5 f\u00e5r du det uppdaterade! \ud83e\udd17\u2764\ufe0f\" \/>\n<meta property=\"og:url\" content=\"https:\/\/www.ellenkantarellen.se\/en\/product-2\/monster-virkad-angel-i-hander\/\" \/>\n<meta property=\"og:site_name\" content=\"EllenKantarellen\" \/>\n<meta property=\"article:modified_time\" content=\"2024-12-02T06:34:01+00:00\" \/>\n<meta property=\"og:image\" content=\"https:\/\/www.ellenkantarellen.se\/wp-content\/uploads\/2022\/06\/IMG_44021.jpg\" \/>\n\t<meta property=\"og:image:width\" content=\"960\" \/>\n\t<meta property=\"og:image:height\" content=\"1280\" \/>\n\t<meta property=\"og:image:type\" content=\"image\/jpeg\" \/>\n<meta name=\"twitter:card\" content=\"summary_large_image\" \/>\n<script type=\"application\/ld+json\" class=\"yoast-schema-graph\">{\"@context\":\"https:\/\/schema.org\",\"@graph\":[{\"@type\":\"WebPage\",\"@id\":\"https:\/\/www.ellenkantarellen.se\/produkt\/monster-virkad-angel-i-hander\/\",\"url\":\"https:\/\/www.ellenkantarellen.se\/produkt\/monster-virkad-angel-i-hander\/\",\"name\":\"M\u00f6nster virkad \u00c4ngel i h\u00e4nder - EllenKantarellen\",\"isPartOf\":{\"@id\":\"https:\/\/www.ellenkantarellen.se\/#website\"},\"primaryImageOfPage\":{\"@id\":\"https:\/\/www.ellenkantarellen.se\/produkt\/monster-virkad-angel-i-hander\/#primaryimage\"},\"image\":{\"@id\":\"https:\/\/www.ellenkantarellen.se\/produkt\/monster-virkad-angel-i-hander\/#primaryimage\"},\"thumbnailUrl\":\"https:\/\/www.ellenkantarellen.se\/wp-content\/uploads\/2022\/06\/IMG_44021.jpg\",\"datePublished\":\"2022-06-26T14:26:28+00:00\",\"dateModified\":\"2024-12-02T06:34:01+00:00\",\"breadcrumb\":{\"@id\":\"https:\/\/www.ellenkantarellen.se\/produkt\/monster-virkad-angel-i-hander\/#breadcrumb\"},\"inLanguage\":\"en-GB\",\"potentialAction\":[{\"@type\":\"ReadAction\",\"target\":[\"https:\/\/www.ellenkantarellen.se\/produkt\/monster-virkad-angel-i-hander\/\"]}]},{\"@type\":\"ImageObject\",\"inLanguage\":\"en-GB\",\"@id\":\"https:\/\/www.ellenkantarellen.se\/produkt\/monster-virkad-angel-i-hander\/#primaryimage\",\"url\":\"https:\/\/www.ellenkantarellen.se\/wp-content\/uploads\/2022\/06\/IMG_44021.jpg\",\"contentUrl\":\"https:\/\/www.ellenkantarellen.se\/wp-content\/uploads\/2022\/06\/IMG_44021.jpg\",\"width\":960,\"height\":1280},{\"@type\":\"BreadcrumbList\",\"@id\":\"https:\/\/www.ellenkantarellen.se\/produkt\/monster-virkad-angel-i-hander\/#breadcrumb\",\"itemListElement\":[{\"@type\":\"ListItem\",\"position\":1,\"name\":\"Hem\",\"item\":\"https:\/\/www.ellenkantarellen.se\/\"},{\"@type\":\"ListItem\",\"position\":2,\"name\":\"Aff\u00e4r\",\"item\":\"https:\/\/www.ellenkantarellen.se\/affar\/\"},{\"@type\":\"ListItem\",\"position\":3,\"name\":\"M\u00f6nster virkad \u00c4ngel i h\u00e4nder\"}]},{\"@type\":\"WebSite\",\"@id\":\"https:\/\/www.ellenkantarellen.se\/#website\",\"url\":\"https:\/\/www.ellenkantarellen.se\/\",\"name\":\"EllenKantarellen\",\"description\":\"\",\"publisher\":{\"@id\":\"https:\/\/www.ellenkantarellen.se\/#organization\"},\"potentialAction\":[{\"@type\":\"SearchAction\",\"target\":{\"@type\":\"EntryPoint\",\"urlTemplate\":\"https:\/\/www.ellenkantarellen.se\/?s={search_term_string}\"},\"query-input\":{\"@type\":\"PropertyValueSpecification\",\"valueRequired\":true,\"valueName\":\"search_term_string\"}}],\"inLanguage\":\"en-GB\"},{\"@type\":\"Organization\",\"@id\":\"https:\/\/www.ellenkantarellen.se\/#organization\",\"name\":\"EllenKantarellen\",\"url\":\"https:\/\/www.ellenkantarellen.se\/\",\"logo\":{\"@type\":\"ImageObject\",\"inLanguage\":\"en-GB\",\"@id\":\"https:\/\/www.ellenkantarellen.se\/#\/schema\/logo\/image\/\",\"url\":\"https:\/\/www.ellenkantarellen.se\/wp-content\/uploads\/2021\/09\/ek2.png\",\"contentUrl\":\"https:\/\/www.ellenkantarellen.se\/wp-content\/uploads\/2021\/09\/ek2.png\",\"width\":2232,\"height\":508,\"caption\":\"EllenKantarellen\"},\"image\":{\"@id\":\"https:\/\/www.ellenkantarellen.se\/#\/schema\/logo\/image\/\"}}]}<\/script>\n<!-- \/ Yoast SEO plugin. -->","yoast_head_json":{"title":"M\u00f6nster virkad \u00c4ngel i h\u00e4nder - EllenKantarellen","robots":{"index":"index","follow":"follow","max-snippet":"max-snippet:-1","max-image-preview":"max-image-preview:large","max-video-preview":"max-video-preview:-1"},"canonical":"https:\/\/www.ellenkantarellen.se\/en\/product-2\/monster-virkad-angel-i-hander\/","og_locale":"en_GB","og_type":"article","og_title":"M\u00f6nster virkad \u00c4ngel i h\u00e4nder - EllenKantarellen","og_description":"M\u00f6nster p\u00e5 min s\u00f6ta virkade lilla \u00e4ngel som ligger i ett par h\u00e4nder! H\u00e4nder cirka 13x12 cm, \u00e4ngel cirka 8,5 cm. (hj\u00e4rta och moln \u00e4r endast rekvisita - finns inte med i detta m\u00f6nster) N\u00e4r du betalat f\u00f6r m\u00f6nstret kommer du automatiskt att kunna ladda ner din PDF-fil med ditt nya smarriga m\u00f6nster som kommer i mejl till dig!\u00a0Det har g\u00e5tt ut okorrigerade m\u00f6nster f\u00f6r \u00e4ngeln i h\u00e4nder\u2026..om du f\u00e5tt ett som verkar felaktigt skicka ett meddelande till mig s\u00e5 f\u00e5r du det uppdaterade! \ud83e\udd17\u2764\ufe0f","og_url":"https:\/\/www.ellenkantarellen.se\/en\/product-2\/monster-virkad-angel-i-hander\/","og_site_name":"EllenKantarellen","article_modified_time":"2024-12-02T06:34:01+00:00","og_image":[{"width":960,"height":1280,"url":"https:\/\/www.ellenkantarellen.se\/wp-content\/uploads\/2022\/06\/IMG_44021.jpg","type":"image\/jpeg"}],"twitter_card":"summary_large_image","schema":{"@context":"https:\/\/schema.org","@graph":[{"@type":"WebPage","@id":"https:\/\/www.ellenkantarellen.se\/produkt\/monster-virkad-angel-i-hander\/","url":"https:\/\/www.ellenkantarellen.se\/produkt\/monster-virkad-angel-i-hander\/","name":"M\u00f6nster virkad \u00c4ngel i h\u00e4nder - EllenKantarellen","isPartOf":{"@id":"https:\/\/www.ellenkantarellen.se\/#website"},"primaryImageOfPage":{"@id":"https:\/\/www.ellenkantarellen.se\/produkt\/monster-virkad-angel-i-hander\/#primaryimage"},"image":{"@id":"https:\/\/www.ellenkantarellen.se\/produkt\/monster-virkad-angel-i-hander\/#primaryimage"},"thumbnailUrl":"https:\/\/www.ellenkantarellen.se\/wp-content\/uploads\/2022\/06\/IMG_44021.jpg","datePublished":"2022-06-26T14:26:28+00:00","dateModified":"2024-12-02T06:34:01+00:00","breadcrumb":{"@id":"https:\/\/www.ellenkantarellen.se\/produkt\/monster-virkad-angel-i-hander\/#breadcrumb"},"inLanguage":"en-GB","potentialAction":[{"@type":"ReadAction","target":["https:\/\/www.ellenkantarellen.se\/produkt\/monster-virkad-angel-i-hander\/"]}]},{"@type":"ImageObject","inLanguage":"en-GB","@id":"https:\/\/www.ellenkantarellen.se\/produkt\/monster-virkad-angel-i-hander\/#primaryimage","url":"https:\/\/www.ellenkantarellen.se\/wp-content\/uploads\/2022\/06\/IMG_44021.jpg","contentUrl":"https:\/\/www.ellenkantarellen.se\/wp-content\/uploads\/2022\/06\/IMG_44021.jpg","width":960,"height":1280},{"@type":"BreadcrumbList","@id":"https:\/\/www.ellenkantarellen.se\/produkt\/monster-virkad-angel-i-hander\/#breadcrumb","itemListElement":[{"@type":"ListItem","position":1,"name":"Hem","item":"https:\/\/www.ellenkantarellen.se\/"},{"@type":"ListItem","position":2,"name":"Aff\u00e4r","item":"https:\/\/www.ellenkantarellen.se\/affar\/"},{"@type":"ListItem","position":3,"name":"M\u00f6nster virkad \u00c4ngel i h\u00e4nder"}]},{"@type":"WebSite","@id":"https:\/\/www.ellenkantarellen.se\/#website","url":"https:\/\/www.ellenkantarellen.se\/","name":"EllenKantarellen","description":"","publisher":{"@id":"https:\/\/www.ellenkantarellen.se\/#organization"},"potentialAction":[{"@type":"SearchAction","target":{"@type":"EntryPoint","urlTemplate":"https:\/\/www.ellenkantarellen.se\/?s={search_term_string}"},"query-input":{"@type":"PropertyValueSpecification","valueRequired":true,"valueName":"search_term_string"}}],"inLanguage":"en-GB"},{"@type":"Organization","@id":"https:\/\/www.ellenkantarellen.se\/#organization","name":"EllenKantarellen","url":"https:\/\/www.ellenkantarellen.se\/","logo":{"@type":"ImageObject","inLanguage":"en-GB","@id":"https:\/\/www.ellenkantarellen.se\/#\/schema\/logo\/image\/","url":"https:\/\/www.ellenkantarellen.se\/wp-content\/uploads\/2021\/09\/ek2.png","contentUrl":"https:\/\/www.ellenkantarellen.se\/wp-content\/uploads\/2021\/09\/ek2.png","width":2232,"height":508,"caption":"EllenKantarellen"},"image":{"@id":"https:\/\/www.ellenkantarellen.se\/#\/schema\/logo\/image\/"}}]}},"_links":{"self":[{"href":"https:\/\/www.ellenkantarellen.se\/en\/wp-json\/wp\/v2\/product\/4759","targetHints":{"allow":["GET"]}}],"collection":[{"href":"https:\/\/www.ellenkantarellen.se\/en\/wp-json\/wp\/v2\/product"}],"about":[{"href":"https:\/\/www.ellenkantarellen.se\/en\/wp-json\/wp\/v2\/types\/product"}],"replies":[{"embeddable":true,"href":"https:\/\/www.ellenkantarellen.se\/en\/wp-json\/wp\/v2\/comments?post=4759"}],"wp:featuredmedia":[{"embeddable":true,"href":"https:\/\/www.ellenkantarellen.se\/en\/wp-json\/wp\/v2\/media\/4761"}],"wp:attachment":[{"href":"https:\/\/www.ellenkantarellen.se\/en\/wp-json\/wp\/v2\/media?parent=4759"}],"wp:term":[{"taxonomy":"product_brand","embeddable":true,"href":"https:\/\/www.ellenkantarellen.se\/en\/wp-json\/wp\/v2\/product_brand?post=4759"},{"taxonomy":"product_cat","embeddable":true,"href":"https:\/\/www.ellenkantarellen.se\/en\/wp-json\/wp\/v2\/product_cat?post=4759"},{"taxonomy":"product_tag","embeddable":true,"href":"https:\/\/www.ellenkantarellen.se\/en\/wp-json\/wp\/v2\/product_tag?post=4759"}],"curies":[{"name":"wp","href":"https:\/\/api.w.org\/{rel}","templated":true}]}}