{"id":6561,"date":"2023-02-04T17:27:31","date_gmt":"2023-02-04T16:27:31","guid":{"rendered":"https:\/\/www.ellenkantarellen.se\/?post_type=product&#038;p=6561"},"modified":"2025-02-28T17:31:01","modified_gmt":"2025-02-28T16:31:01","slug":"monster-virkad-kanin-pask-pase","status":"publish","type":"product","link":"https:\/\/www.ellenkantarellen.se\/en\/produkt\/monster-virkad-kanin-pask-pase\/","title":{"rendered":"Cute Easter Bunny bag pattern"},"content":{"rendered":"","protected":false},"excerpt":{"rendered":"<p><em>Crochet pattern Cute Easter Bunny Bags where you tie the ears! Approximately 9 cm\/ 3,5\" (not including ears)<\/em>! <strong><em>After payment you can instantly download your new pattern! You get an email with a link to the pattern.<\/em><\/strong><\/p>","protected":false},"featured_media":18145,"comment_status":"open","ping_status":"closed","template":"","meta":[],"product_brand":[],"product_cat":[459],"product_tag":[360,231,526,524,1129,348,1128,774,1127,525,228,527,355],"class_list":{"0":"post-6561","1":"product","2":"type-product","3":"status-publish","4":"has-post-thumbnail","6":"product_cat-paskmonster","7":"product_tag-monster-kanin","8":"product_tag-monster-virkad-kanin","9":"product_tag-monster-virkad-paskhare","10":"product_tag-paskhare","11":"product_tag-virkad-godispase","12":"product_tag-virkad-kanin","13":"product_tag-virkad-kaninpase","14":"product_tag-virkad-pase","15":"product_tag-virkad-pase-pask","16":"product_tag-virkad-paskhare","17":"product_tag-virkmonster","18":"product_tag-virkmonster-godis","19":"product_tag-virkmonster-pask","21":"first","22":"instock","23":"downloadable","24":"virtual","25":"taxable","26":"purchasable","27":"product-type-simple"},"bundled_by":[],"bundle_stock_status":"instock","bundle_stock_quantity":null,"bundle_virtual":false,"bundle_layout":"","bundle_add_to_cart_form_location":"","bundle_editable_in_cart":false,"bundle_sold_individually_context":"","bundle_item_grouping":"","bundle_min_size":"","bundle_max_size":"","bundle_price":[],"bundled_items":[],"bundle_sell_ids":[],"yoast_head":"<!-- This site is optimized with the Yoast SEO plugin v27.0 - https:\/\/yoast.com\/product\/yoast-seo-wordpress\/ -->\n<title>M\u00f6nster virkad Kanin-P\u00e5sk-P\u00e5se - EllenKantarellen<\/title>\n<meta name=\"robots\" content=\"index, follow, max-snippet:-1, max-image-preview:large, max-video-preview:-1\" \/>\n<link rel=\"canonical\" href=\"https:\/\/www.ellenkantarellen.se\/en\/product-2\/monster-virkad-kanin-pask-pase\/\" \/>\n<meta property=\"og:locale\" content=\"en_GB\" \/>\n<meta property=\"og:type\" content=\"article\" \/>\n<meta property=\"og:title\" content=\"M\u00f6nster virkad Kanin-P\u00e5sk-P\u00e5se - EllenKantarellen\" \/>\n<meta property=\"og:description\" content=\"M\u00f6nster p\u00e5 Supergulliga p\u00e5skp\u00e5sar med Kanin! Cirka 9 cm h\u00f6ga utan \u00f6ron.! N\u00e4r du betalat f\u00f6r m\u00f6nstret kommer du automatiskt att kunna ladda ner din PDF-fil med ditt nya smarriga m\u00f6nster som kommer i mejl till dig!\" \/>\n<meta property=\"og:url\" content=\"https:\/\/www.ellenkantarellen.se\/en\/product-2\/monster-virkad-kanin-pask-pase\/\" \/>\n<meta property=\"og:site_name\" content=\"EllenKantarellen\" \/>\n<meta property=\"article:modified_time\" content=\"2025-02-28T16:31:01+00:00\" \/>\n<meta property=\"og:image\" content=\"https:\/\/www.ellenkantarellen.se\/wp-content\/uploads\/2023\/02\/produktfoton-2025-02-28T171024.528.png\" \/>\n\t<meta property=\"og:image:width\" content=\"1080\" \/>\n\t<meta property=\"og:image:height\" content=\"1080\" \/>\n\t<meta property=\"og:image:type\" content=\"image\/png\" \/>\n<meta name=\"twitter:card\" content=\"summary_large_image\" \/>\n<meta name=\"twitter:label1\" content=\"Estimated reading time\" \/>\n\t<meta name=\"twitter:data1\" content=\"1 minute\" \/>\n<script type=\"application\/ld+json\" class=\"yoast-schema-graph\">{\"@context\":\"https:\/\/schema.org\",\"@graph\":[{\"@type\":\"WebPage\",\"@id\":\"https:\/\/www.ellenkantarellen.se\/produkt\/monster-virkad-kanin-pask-pase\/\",\"url\":\"https:\/\/www.ellenkantarellen.se\/produkt\/monster-virkad-kanin-pask-pase\/\",\"name\":\"M\u00f6nster virkad Kanin-P\u00e5sk-P\u00e5se - EllenKantarellen\",\"isPartOf\":{\"@id\":\"https:\/\/www.ellenkantarellen.se\/#website\"},\"primaryImageOfPage\":{\"@id\":\"https:\/\/www.ellenkantarellen.se\/produkt\/monster-virkad-kanin-pask-pase\/#primaryimage\"},\"image\":{\"@id\":\"https:\/\/www.ellenkantarellen.se\/produkt\/monster-virkad-kanin-pask-pase\/#primaryimage\"},\"thumbnailUrl\":\"https:\/\/www.ellenkantarellen.se\/wp-content\/uploads\/2023\/02\/produktfoton-2025-02-28T171024.528.png\",\"datePublished\":\"2023-02-04T16:27:31+00:00\",\"dateModified\":\"2025-02-28T16:31:01+00:00\",\"breadcrumb\":{\"@id\":\"https:\/\/www.ellenkantarellen.se\/produkt\/monster-virkad-kanin-pask-pase\/#breadcrumb\"},\"inLanguage\":\"en-GB\",\"potentialAction\":[{\"@type\":\"ReadAction\",\"target\":[\"https:\/\/www.ellenkantarellen.se\/produkt\/monster-virkad-kanin-pask-pase\/\"]}]},{\"@type\":\"ImageObject\",\"inLanguage\":\"en-GB\",\"@id\":\"https:\/\/www.ellenkantarellen.se\/produkt\/monster-virkad-kanin-pask-pase\/#primaryimage\",\"url\":\"https:\/\/www.ellenkantarellen.se\/wp-content\/uploads\/2023\/02\/produktfoton-2025-02-28T171024.528.png\",\"contentUrl\":\"https:\/\/www.ellenkantarellen.se\/wp-content\/uploads\/2023\/02\/produktfoton-2025-02-28T171024.528.png\",\"width\":1080,\"height\":1080},{\"@type\":\"BreadcrumbList\",\"@id\":\"https:\/\/www.ellenkantarellen.se\/produkt\/monster-virkad-kanin-pask-pase\/#breadcrumb\",\"itemListElement\":[{\"@type\":\"ListItem\",\"position\":1,\"name\":\"Hem\",\"item\":\"https:\/\/www.ellenkantarellen.se\/\"},{\"@type\":\"ListItem\",\"position\":2,\"name\":\"Aff\u00e4r\",\"item\":\"https:\/\/www.ellenkantarellen.se\/affar\/\"},{\"@type\":\"ListItem\",\"position\":3,\"name\":\"M\u00f6nster virkad Kanin-P\u00e5sk-P\u00e5se\"}]},{\"@type\":\"WebSite\",\"@id\":\"https:\/\/www.ellenkantarellen.se\/#website\",\"url\":\"https:\/\/www.ellenkantarellen.se\/\",\"name\":\"EllenKantarellen\",\"description\":\"\",\"publisher\":{\"@id\":\"https:\/\/www.ellenkantarellen.se\/#organization\"},\"potentialAction\":[{\"@type\":\"SearchAction\",\"target\":{\"@type\":\"EntryPoint\",\"urlTemplate\":\"https:\/\/www.ellenkantarellen.se\/?s={search_term_string}\"},\"query-input\":{\"@type\":\"PropertyValueSpecification\",\"valueRequired\":true,\"valueName\":\"search_term_string\"}}],\"inLanguage\":\"en-GB\"},{\"@type\":\"Organization\",\"@id\":\"https:\/\/www.ellenkantarellen.se\/#organization\",\"name\":\"EllenKantarellen\",\"url\":\"https:\/\/www.ellenkantarellen.se\/\",\"logo\":{\"@type\":\"ImageObject\",\"inLanguage\":\"en-GB\",\"@id\":\"https:\/\/www.ellenkantarellen.se\/#\/schema\/logo\/image\/\",\"url\":\"https:\/\/www.ellenkantarellen.se\/wp-content\/uploads\/2021\/09\/ek2.png\",\"contentUrl\":\"https:\/\/www.ellenkantarellen.se\/wp-content\/uploads\/2021\/09\/ek2.png\",\"width\":2232,\"height\":508,\"caption\":\"EllenKantarellen\"},\"image\":{\"@id\":\"https:\/\/www.ellenkantarellen.se\/#\/schema\/logo\/image\/\"}}]}<\/script>\n<!-- \/ Yoast SEO plugin. -->","yoast_head_json":{"title":"M\u00f6nster virkad Kanin-P\u00e5sk-P\u00e5se - EllenKantarellen","robots":{"index":"index","follow":"follow","max-snippet":"max-snippet:-1","max-image-preview":"max-image-preview:large","max-video-preview":"max-video-preview:-1"},"canonical":"https:\/\/www.ellenkantarellen.se\/en\/product-2\/monster-virkad-kanin-pask-pase\/","og_locale":"en_GB","og_type":"article","og_title":"M\u00f6nster virkad Kanin-P\u00e5sk-P\u00e5se - EllenKantarellen","og_description":"M\u00f6nster p\u00e5 Supergulliga p\u00e5skp\u00e5sar med Kanin! Cirka 9 cm h\u00f6ga utan \u00f6ron.! N\u00e4r du betalat f\u00f6r m\u00f6nstret kommer du automatiskt att kunna ladda ner din PDF-fil med ditt nya smarriga m\u00f6nster som kommer i mejl till dig!","og_url":"https:\/\/www.ellenkantarellen.se\/en\/product-2\/monster-virkad-kanin-pask-pase\/","og_site_name":"EllenKantarellen","article_modified_time":"2025-02-28T16:31:01+00:00","og_image":[{"width":1080,"height":1080,"url":"https:\/\/www.ellenkantarellen.se\/wp-content\/uploads\/2023\/02\/produktfoton-2025-02-28T171024.528.png","type":"image\/png"}],"twitter_card":"summary_large_image","twitter_misc":{"Estimated reading time":"1 minute"},"schema":{"@context":"https:\/\/schema.org","@graph":[{"@type":"WebPage","@id":"https:\/\/www.ellenkantarellen.se\/produkt\/monster-virkad-kanin-pask-pase\/","url":"https:\/\/www.ellenkantarellen.se\/produkt\/monster-virkad-kanin-pask-pase\/","name":"M\u00f6nster virkad Kanin-P\u00e5sk-P\u00e5se - EllenKantarellen","isPartOf":{"@id":"https:\/\/www.ellenkantarellen.se\/#website"},"primaryImageOfPage":{"@id":"https:\/\/www.ellenkantarellen.se\/produkt\/monster-virkad-kanin-pask-pase\/#primaryimage"},"image":{"@id":"https:\/\/www.ellenkantarellen.se\/produkt\/monster-virkad-kanin-pask-pase\/#primaryimage"},"thumbnailUrl":"https:\/\/www.ellenkantarellen.se\/wp-content\/uploads\/2023\/02\/produktfoton-2025-02-28T171024.528.png","datePublished":"2023-02-04T16:27:31+00:00","dateModified":"2025-02-28T16:31:01+00:00","breadcrumb":{"@id":"https:\/\/www.ellenkantarellen.se\/produkt\/monster-virkad-kanin-pask-pase\/#breadcrumb"},"inLanguage":"en-GB","potentialAction":[{"@type":"ReadAction","target":["https:\/\/www.ellenkantarellen.se\/produkt\/monster-virkad-kanin-pask-pase\/"]}]},{"@type":"ImageObject","inLanguage":"en-GB","@id":"https:\/\/www.ellenkantarellen.se\/produkt\/monster-virkad-kanin-pask-pase\/#primaryimage","url":"https:\/\/www.ellenkantarellen.se\/wp-content\/uploads\/2023\/02\/produktfoton-2025-02-28T171024.528.png","contentUrl":"https:\/\/www.ellenkantarellen.se\/wp-content\/uploads\/2023\/02\/produktfoton-2025-02-28T171024.528.png","width":1080,"height":1080},{"@type":"BreadcrumbList","@id":"https:\/\/www.ellenkantarellen.se\/produkt\/monster-virkad-kanin-pask-pase\/#breadcrumb","itemListElement":[{"@type":"ListItem","position":1,"name":"Hem","item":"https:\/\/www.ellenkantarellen.se\/"},{"@type":"ListItem","position":2,"name":"Aff\u00e4r","item":"https:\/\/www.ellenkantarellen.se\/affar\/"},{"@type":"ListItem","position":3,"name":"M\u00f6nster virkad Kanin-P\u00e5sk-P\u00e5se"}]},{"@type":"WebSite","@id":"https:\/\/www.ellenkantarellen.se\/#website","url":"https:\/\/www.ellenkantarellen.se\/","name":"EllenKantarellen","description":"","publisher":{"@id":"https:\/\/www.ellenkantarellen.se\/#organization"},"potentialAction":[{"@type":"SearchAction","target":{"@type":"EntryPoint","urlTemplate":"https:\/\/www.ellenkantarellen.se\/?s={search_term_string}"},"query-input":{"@type":"PropertyValueSpecification","valueRequired":true,"valueName":"search_term_string"}}],"inLanguage":"en-GB"},{"@type":"Organization","@id":"https:\/\/www.ellenkantarellen.se\/#organization","name":"EllenKantarellen","url":"https:\/\/www.ellenkantarellen.se\/","logo":{"@type":"ImageObject","inLanguage":"en-GB","@id":"https:\/\/www.ellenkantarellen.se\/#\/schema\/logo\/image\/","url":"https:\/\/www.ellenkantarellen.se\/wp-content\/uploads\/2021\/09\/ek2.png","contentUrl":"https:\/\/www.ellenkantarellen.se\/wp-content\/uploads\/2021\/09\/ek2.png","width":2232,"height":508,"caption":"EllenKantarellen"},"image":{"@id":"https:\/\/www.ellenkantarellen.se\/#\/schema\/logo\/image\/"}}]}},"_links":{"self":[{"href":"https:\/\/www.ellenkantarellen.se\/en\/wp-json\/wp\/v2\/product\/6561","targetHints":{"allow":["GET"]}}],"collection":[{"href":"https:\/\/www.ellenkantarellen.se\/en\/wp-json\/wp\/v2\/product"}],"about":[{"href":"https:\/\/www.ellenkantarellen.se\/en\/wp-json\/wp\/v2\/types\/product"}],"replies":[{"embeddable":true,"href":"https:\/\/www.ellenkantarellen.se\/en\/wp-json\/wp\/v2\/comments?post=6561"}],"wp:featuredmedia":[{"embeddable":true,"href":"https:\/\/www.ellenkantarellen.se\/en\/wp-json\/wp\/v2\/media\/18145"}],"wp:attachment":[{"href":"https:\/\/www.ellenkantarellen.se\/en\/wp-json\/wp\/v2\/media?parent=6561"}],"wp:term":[{"taxonomy":"product_brand","embeddable":true,"href":"https:\/\/www.ellenkantarellen.se\/en\/wp-json\/wp\/v2\/product_brand?post=6561"},{"taxonomy":"product_cat","embeddable":true,"href":"https:\/\/www.ellenkantarellen.se\/en\/wp-json\/wp\/v2\/product_cat?post=6561"},{"taxonomy":"product_tag","embeddable":true,"href":"https:\/\/www.ellenkantarellen.se\/en\/wp-json\/wp\/v2\/product_tag?post=6561"}],"curies":[{"name":"wp","href":"https:\/\/api.w.org\/{rel}","templated":true}]}}