{"id":7137,"date":"2023-03-05T14:06:27","date_gmt":"2023-03-05T13:06:27","guid":{"rendered":"https:\/\/www.ellenkantarellen.se\/?post_type=product&#038;p=7137"},"modified":"2026-04-27T13:23:09","modified_gmt":"2026-04-27T11:23:09","slug":"monsterpaket-virkade-napphallare-poppy-3-i-1","status":"publish","type":"product","link":"https:\/\/www.ellenkantarellen.se\/en\/produkt\/monsterpaket-virkade-napphallare-poppy-3-i-1\/","title":{"rendered":"Pacifier holder Kit Poppy 3 in 1"},"content":{"rendered":"<p>Crochet kit with PDF-pattern, Grey\/Beige\/Pink yarn, 3 clips &amp; silicone ring for my lovely Pacifier holder Poppy! Lots of pictures to make it as easy as possible<br \/>\nPaketet inneh\u00e5ller garn, clips, silikonringar samt PDF-m\u00f6nster!<\/p>","protected":false},"excerpt":{"rendered":"<p><em>M\u00f6nsterpaket p\u00e5 s\u00f6ta virkade Napph\u00e5llare Poppy i h\u00e4rliga f\u00e4rger! Du kan g\u00f6ra 3 olika varianter av napph\u00e5llare med detta m\u00f6nsterpaket. Inneh\u00e5ller Garn, clips, silikonringar samt PDF-m\u00f6nster. <\/em><strong><em>After payment you can instantly download your new pattern! You get an email with a link to the pattern.<\/em><\/strong><\/p>","protected":false},"featured_media":7135,"comment_status":"open","ping_status":"closed","template":"","meta":[],"product_brand":[],"product_cat":[15],"product_tag":[554,197,438,428,429,426,553,439,427,377,552],"class_list":{"0":"post-7137","1":"product","2":"type-product","3":"status-publish","4":"has-post-thumbnail","6":"product_cat-virkade-bakverk","7":"product_tag-monster-till-virkat-baby","8":"product_tag-monster-virkad-barnvagnsmobil","9":"product_tag-monster-virkad-dregglis","10":"product_tag-monster-virkad-napphallare","11":"product_tag-monster-virkat-till-barnvagn","12":"product_tag-napphallare","13":"product_tag-virkad-bib","14":"product_tag-virkad-dregglis","15":"product_tag-virkad-napphallare","16":"product_tag-virkmonster-baby","17":"product_tag-virkmonster-napphallare","19":"first","20":"instock","21":"downloadable","22":"taxable","23":"shipping-taxable","24":"purchasable","25":"product-type-simple"},"bundled_by":[],"bundle_stock_status":"instock","bundle_stock_quantity":null,"bundle_virtual":false,"bundle_layout":"","bundle_add_to_cart_form_location":"","bundle_editable_in_cart":false,"bundle_sold_individually_context":"","bundle_item_grouping":"","bundle_min_size":"","bundle_max_size":"","bundle_price":[],"bundled_items":[],"bundle_sell_ids":[],"yoast_head":"<!-- This site is optimized with the Yoast SEO plugin v27.0 - https:\/\/yoast.com\/product\/yoast-seo-wordpress\/ -->\n<title>M\u00f6nsterpaket virkade Napph\u00e5llare Poppy 3 i 1 - EllenKantarellen<\/title>\n<meta name=\"robots\" content=\"index, follow, max-snippet:-1, max-image-preview:large, max-video-preview:-1\" \/>\n<link rel=\"canonical\" href=\"https:\/\/www.ellenkantarellen.se\/en\/product-2\/monsterpaket-virkade-napphallare-poppy-3-i-1\/\" \/>\n<meta property=\"og:locale\" content=\"en_GB\" \/>\n<meta property=\"og:type\" content=\"article\" \/>\n<meta property=\"og:title\" content=\"M\u00f6nsterpaket virkade Napph\u00e5llare Poppy 3 i 1 - EllenKantarellen\" \/>\n<meta property=\"og:description\" content=\"M\u00f6nsterpaket p\u00e5 s\u00f6ta virkade Napph\u00e5llare Poppy i h\u00e4rliga f\u00e4rger! Du kan g\u00f6ra 3 olika varianter av napph\u00e5llare med detta m\u00f6nsterpaket. Inneh\u00e5ller Garn, clips, silikonringar samt PDF-m\u00f6nster. N\u00e4r du betalat f\u00f6r m\u00f6nstret kommer du automatiskt att kunna ladda ner din PDF-fil med ditt nya smarriga m\u00f6nster som kommer i mejl till dig!\" \/>\n<meta property=\"og:url\" content=\"https:\/\/www.ellenkantarellen.se\/en\/product-2\/monsterpaket-virkade-napphallare-poppy-3-i-1\/\" \/>\n<meta property=\"og:site_name\" content=\"EllenKantarellen\" \/>\n<meta property=\"article:modified_time\" content=\"2026-04-27T11:23:09+00:00\" \/>\n<meta property=\"og:image\" content=\"https:\/\/www.ellenkantarellen.se\/wp-content\/uploads\/2023\/03\/IMG_5306-e1678019567398.jpg\" \/>\n\t<meta property=\"og:image:width\" content=\"915\" \/>\n\t<meta property=\"og:image:height\" content=\"1129\" \/>\n\t<meta property=\"og:image:type\" content=\"image\/jpeg\" \/>\n<meta name=\"twitter:card\" content=\"summary_large_image\" \/>\n<meta name=\"twitter:label1\" content=\"Estimated reading time\" \/>\n\t<meta name=\"twitter:data1\" content=\"1 minute\" \/>\n<script type=\"application\/ld+json\" class=\"yoast-schema-graph\">{\"@context\":\"https:\/\/schema.org\",\"@graph\":[{\"@type\":\"WebPage\",\"@id\":\"https:\/\/www.ellenkantarellen.se\/produkt\/monsterpaket-virkade-napphallare-poppy-3-i-1\/\",\"url\":\"https:\/\/www.ellenkantarellen.se\/produkt\/monsterpaket-virkade-napphallare-poppy-3-i-1\/\",\"name\":\"M\u00f6nsterpaket virkade Napph\u00e5llare Poppy 3 i 1 - EllenKantarellen\",\"isPartOf\":{\"@id\":\"https:\/\/www.ellenkantarellen.se\/#website\"},\"primaryImageOfPage\":{\"@id\":\"https:\/\/www.ellenkantarellen.se\/produkt\/monsterpaket-virkade-napphallare-poppy-3-i-1\/#primaryimage\"},\"image\":{\"@id\":\"https:\/\/www.ellenkantarellen.se\/produkt\/monsterpaket-virkade-napphallare-poppy-3-i-1\/#primaryimage\"},\"thumbnailUrl\":\"https:\/\/www.ellenkantarellen.se\/wp-content\/uploads\/2023\/03\/IMG_5306-e1678019567398.jpg\",\"datePublished\":\"2023-03-05T13:06:27+00:00\",\"dateModified\":\"2026-04-27T11:23:09+00:00\",\"breadcrumb\":{\"@id\":\"https:\/\/www.ellenkantarellen.se\/produkt\/monsterpaket-virkade-napphallare-poppy-3-i-1\/#breadcrumb\"},\"inLanguage\":\"en-GB\",\"potentialAction\":[{\"@type\":\"ReadAction\",\"target\":[\"https:\/\/www.ellenkantarellen.se\/produkt\/monsterpaket-virkade-napphallare-poppy-3-i-1\/\"]}]},{\"@type\":\"ImageObject\",\"inLanguage\":\"en-GB\",\"@id\":\"https:\/\/www.ellenkantarellen.se\/produkt\/monsterpaket-virkade-napphallare-poppy-3-i-1\/#primaryimage\",\"url\":\"https:\/\/www.ellenkantarellen.se\/wp-content\/uploads\/2023\/03\/IMG_5306-e1678019567398.jpg\",\"contentUrl\":\"https:\/\/www.ellenkantarellen.se\/wp-content\/uploads\/2023\/03\/IMG_5306-e1678019567398.jpg\",\"width\":915,\"height\":1129},{\"@type\":\"BreadcrumbList\",\"@id\":\"https:\/\/www.ellenkantarellen.se\/produkt\/monsterpaket-virkade-napphallare-poppy-3-i-1\/#breadcrumb\",\"itemListElement\":[{\"@type\":\"ListItem\",\"position\":1,\"name\":\"Hem\",\"item\":\"https:\/\/www.ellenkantarellen.se\/\"},{\"@type\":\"ListItem\",\"position\":2,\"name\":\"Aff\u00e4r\",\"item\":\"https:\/\/www.ellenkantarellen.se\/affar\/\"},{\"@type\":\"ListItem\",\"position\":3,\"name\":\"M\u00f6nsterpaket virkade Napph\u00e5llare Poppy 3 i 1\"}]},{\"@type\":\"WebSite\",\"@id\":\"https:\/\/www.ellenkantarellen.se\/#website\",\"url\":\"https:\/\/www.ellenkantarellen.se\/\",\"name\":\"EllenKantarellen\",\"description\":\"\",\"publisher\":{\"@id\":\"https:\/\/www.ellenkantarellen.se\/#organization\"},\"potentialAction\":[{\"@type\":\"SearchAction\",\"target\":{\"@type\":\"EntryPoint\",\"urlTemplate\":\"https:\/\/www.ellenkantarellen.se\/?s={search_term_string}\"},\"query-input\":{\"@type\":\"PropertyValueSpecification\",\"valueRequired\":true,\"valueName\":\"search_term_string\"}}],\"inLanguage\":\"en-GB\"},{\"@type\":\"Organization\",\"@id\":\"https:\/\/www.ellenkantarellen.se\/#organization\",\"name\":\"EllenKantarellen\",\"url\":\"https:\/\/www.ellenkantarellen.se\/\",\"logo\":{\"@type\":\"ImageObject\",\"inLanguage\":\"en-GB\",\"@id\":\"https:\/\/www.ellenkantarellen.se\/#\/schema\/logo\/image\/\",\"url\":\"https:\/\/www.ellenkantarellen.se\/wp-content\/uploads\/2021\/09\/ek2.png\",\"contentUrl\":\"https:\/\/www.ellenkantarellen.se\/wp-content\/uploads\/2021\/09\/ek2.png\",\"width\":2232,\"height\":508,\"caption\":\"EllenKantarellen\"},\"image\":{\"@id\":\"https:\/\/www.ellenkantarellen.se\/#\/schema\/logo\/image\/\"}}]}<\/script>\n<!-- \/ Yoast SEO plugin. -->","yoast_head_json":{"title":"M\u00f6nsterpaket virkade Napph\u00e5llare Poppy 3 i 1 - EllenKantarellen","robots":{"index":"index","follow":"follow","max-snippet":"max-snippet:-1","max-image-preview":"max-image-preview:large","max-video-preview":"max-video-preview:-1"},"canonical":"https:\/\/www.ellenkantarellen.se\/en\/product-2\/monsterpaket-virkade-napphallare-poppy-3-i-1\/","og_locale":"en_GB","og_type":"article","og_title":"M\u00f6nsterpaket virkade Napph\u00e5llare Poppy 3 i 1 - EllenKantarellen","og_description":"M\u00f6nsterpaket p\u00e5 s\u00f6ta virkade Napph\u00e5llare Poppy i h\u00e4rliga f\u00e4rger! Du kan g\u00f6ra 3 olika varianter av napph\u00e5llare med detta m\u00f6nsterpaket. Inneh\u00e5ller Garn, clips, silikonringar samt PDF-m\u00f6nster. N\u00e4r du betalat f\u00f6r m\u00f6nstret kommer du automatiskt att kunna ladda ner din PDF-fil med ditt nya smarriga m\u00f6nster som kommer i mejl till dig!","og_url":"https:\/\/www.ellenkantarellen.se\/en\/product-2\/monsterpaket-virkade-napphallare-poppy-3-i-1\/","og_site_name":"EllenKantarellen","article_modified_time":"2026-04-27T11:23:09+00:00","og_image":[{"width":915,"height":1129,"url":"https:\/\/www.ellenkantarellen.se\/wp-content\/uploads\/2023\/03\/IMG_5306-e1678019567398.jpg","type":"image\/jpeg"}],"twitter_card":"summary_large_image","twitter_misc":{"Estimated reading time":"1 minute"},"schema":{"@context":"https:\/\/schema.org","@graph":[{"@type":"WebPage","@id":"https:\/\/www.ellenkantarellen.se\/produkt\/monsterpaket-virkade-napphallare-poppy-3-i-1\/","url":"https:\/\/www.ellenkantarellen.se\/produkt\/monsterpaket-virkade-napphallare-poppy-3-i-1\/","name":"M\u00f6nsterpaket virkade Napph\u00e5llare Poppy 3 i 1 - EllenKantarellen","isPartOf":{"@id":"https:\/\/www.ellenkantarellen.se\/#website"},"primaryImageOfPage":{"@id":"https:\/\/www.ellenkantarellen.se\/produkt\/monsterpaket-virkade-napphallare-poppy-3-i-1\/#primaryimage"},"image":{"@id":"https:\/\/www.ellenkantarellen.se\/produkt\/monsterpaket-virkade-napphallare-poppy-3-i-1\/#primaryimage"},"thumbnailUrl":"https:\/\/www.ellenkantarellen.se\/wp-content\/uploads\/2023\/03\/IMG_5306-e1678019567398.jpg","datePublished":"2023-03-05T13:06:27+00:00","dateModified":"2026-04-27T11:23:09+00:00","breadcrumb":{"@id":"https:\/\/www.ellenkantarellen.se\/produkt\/monsterpaket-virkade-napphallare-poppy-3-i-1\/#breadcrumb"},"inLanguage":"en-GB","potentialAction":[{"@type":"ReadAction","target":["https:\/\/www.ellenkantarellen.se\/produkt\/monsterpaket-virkade-napphallare-poppy-3-i-1\/"]}]},{"@type":"ImageObject","inLanguage":"en-GB","@id":"https:\/\/www.ellenkantarellen.se\/produkt\/monsterpaket-virkade-napphallare-poppy-3-i-1\/#primaryimage","url":"https:\/\/www.ellenkantarellen.se\/wp-content\/uploads\/2023\/03\/IMG_5306-e1678019567398.jpg","contentUrl":"https:\/\/www.ellenkantarellen.se\/wp-content\/uploads\/2023\/03\/IMG_5306-e1678019567398.jpg","width":915,"height":1129},{"@type":"BreadcrumbList","@id":"https:\/\/www.ellenkantarellen.se\/produkt\/monsterpaket-virkade-napphallare-poppy-3-i-1\/#breadcrumb","itemListElement":[{"@type":"ListItem","position":1,"name":"Hem","item":"https:\/\/www.ellenkantarellen.se\/"},{"@type":"ListItem","position":2,"name":"Aff\u00e4r","item":"https:\/\/www.ellenkantarellen.se\/affar\/"},{"@type":"ListItem","position":3,"name":"M\u00f6nsterpaket virkade Napph\u00e5llare Poppy 3 i 1"}]},{"@type":"WebSite","@id":"https:\/\/www.ellenkantarellen.se\/#website","url":"https:\/\/www.ellenkantarellen.se\/","name":"EllenKantarellen","description":"","publisher":{"@id":"https:\/\/www.ellenkantarellen.se\/#organization"},"potentialAction":[{"@type":"SearchAction","target":{"@type":"EntryPoint","urlTemplate":"https:\/\/www.ellenkantarellen.se\/?s={search_term_string}"},"query-input":{"@type":"PropertyValueSpecification","valueRequired":true,"valueName":"search_term_string"}}],"inLanguage":"en-GB"},{"@type":"Organization","@id":"https:\/\/www.ellenkantarellen.se\/#organization","name":"EllenKantarellen","url":"https:\/\/www.ellenkantarellen.se\/","logo":{"@type":"ImageObject","inLanguage":"en-GB","@id":"https:\/\/www.ellenkantarellen.se\/#\/schema\/logo\/image\/","url":"https:\/\/www.ellenkantarellen.se\/wp-content\/uploads\/2021\/09\/ek2.png","contentUrl":"https:\/\/www.ellenkantarellen.se\/wp-content\/uploads\/2021\/09\/ek2.png","width":2232,"height":508,"caption":"EllenKantarellen"},"image":{"@id":"https:\/\/www.ellenkantarellen.se\/#\/schema\/logo\/image\/"}}]}},"_links":{"self":[{"href":"https:\/\/www.ellenkantarellen.se\/en\/wp-json\/wp\/v2\/product\/7137","targetHints":{"allow":["GET"]}}],"collection":[{"href":"https:\/\/www.ellenkantarellen.se\/en\/wp-json\/wp\/v2\/product"}],"about":[{"href":"https:\/\/www.ellenkantarellen.se\/en\/wp-json\/wp\/v2\/types\/product"}],"replies":[{"embeddable":true,"href":"https:\/\/www.ellenkantarellen.se\/en\/wp-json\/wp\/v2\/comments?post=7137"}],"wp:featuredmedia":[{"embeddable":true,"href":"https:\/\/www.ellenkantarellen.se\/en\/wp-json\/wp\/v2\/media\/7135"}],"wp:attachment":[{"href":"https:\/\/www.ellenkantarellen.se\/en\/wp-json\/wp\/v2\/media?parent=7137"}],"wp:term":[{"taxonomy":"product_brand","embeddable":true,"href":"https:\/\/www.ellenkantarellen.se\/en\/wp-json\/wp\/v2\/product_brand?post=7137"},{"taxonomy":"product_cat","embeddable":true,"href":"https:\/\/www.ellenkantarellen.se\/en\/wp-json\/wp\/v2\/product_cat?post=7137"},{"taxonomy":"product_tag","embeddable":true,"href":"https:\/\/www.ellenkantarellen.se\/en\/wp-json\/wp\/v2\/product_tag?post=7137"}],"curies":[{"name":"wp","href":"https:\/\/api.w.org\/{rel}","templated":true}]}}