{"id":7603,"date":"2023-04-18T09:37:39","date_gmt":"2023-04-18T07:37:39","guid":{"rendered":"https:\/\/www.ellenkantarellen.se\/?post_type=product&#038;p=7603"},"modified":"2024-12-02T07:31:36","modified_gmt":"2024-12-02T06:31:36","slug":"monster-virkade-babynallar-med-tillbehor","status":"publish","type":"product","link":"https:\/\/www.ellenkantarellen.se\/en\/produkt\/monster-virkade-babynallar-med-tillbehor\/","title":{"rendered":"Lovely baby Bears with moses basket crochet pattern"},"content":{"rendered":"<p>Crochet pattern Lovely Baby Bears in a basket with bonnet, bib, lovey + basket\/mattress\/pillow blanket! Bears approximately 15 cm\/6\" high and the basket 22 x 13 cm\/8.6\" x  5\" <\/p>","protected":false},"excerpt":{"rendered":"<p><em>Crochet pattern Lovely Baby Bears in a basket with bonnet, bib, lovey + basket\/mattress\/pillow blanket! Bears approximately 15 cm\/6\" high and the basket 22 x 13 cm\/8.6\" x  5\" <\/em>! <strong><em>After payment you can instantly download your new pattern! You get an email with a link to the pattern.<\/em><\/strong><\/p>","protected":false},"featured_media":7606,"comment_status":"open","ping_status":"closed","template":"","meta":[],"product_brand":[],"product_cat":[302,457,458],"product_tag":[211,330,620,392,624,623,622,621,233,377,229,617,618,619,616],"class_list":{"0":"post-7603","1":"product","2":"type-product","3":"status-publish","4":"has-post-thumbnail","6":"product_cat-leksaksmonster","7":"product_cat-monster-amigurumi","8":"product_cat-ovriga-monster","9":"product_tag-amigurumi","10":"product_tag-monster-virkad-nalle","11":"product_tag-monster-virkad-nallebjorn","12":"product_tag-monster-virkade-djur","13":"product_tag-virkad-bebis","14":"product_tag-virkad-docka","15":"product_tag-virkad-korg","16":"product_tag-virkad-korg-till-baby","17":"product_tag-virkmonster-amigurumi","18":"product_tag-virkmonster-baby","19":"product_tag-virkmonster-docka","20":"product_tag-virkmonster-gosedjur","21":"product_tag-virkmonster-korg","22":"product_tag-virkmonster-nallebjorn","23":"product_tag-virkmonster-plushie","25":"first","26":"instock","27":"downloadable","28":"virtual","29":"taxable","30":"purchasable","31":"product-type-simple"},"bundled_by":[],"bundle_stock_status":"instock","bundle_stock_quantity":null,"bundle_virtual":false,"bundle_layout":"","bundle_add_to_cart_form_location":"","bundle_editable_in_cart":false,"bundle_sold_individually_context":"","bundle_item_grouping":"","bundle_min_size":"","bundle_max_size":"","bundle_price":[],"bundled_items":[],"bundle_sell_ids":[],"yoast_head":"<!-- This site is optimized with the Yoast SEO plugin v27.0 - https:\/\/yoast.com\/product\/yoast-seo-wordpress\/ -->\n<title>M\u00f6nster virkade BabyNallar med tillbeh\u00f6r - EllenKantarellen<\/title>\n<meta name=\"robots\" content=\"index, follow, max-snippet:-1, max-image-preview:large, max-video-preview:-1\" \/>\n<link rel=\"canonical\" href=\"https:\/\/www.ellenkantarellen.se\/en\/product-2\/monster-virkade-babynallar-med-tillbehor\/\" \/>\n<meta property=\"og:locale\" content=\"en_GB\" \/>\n<meta property=\"og:type\" content=\"article\" \/>\n<meta property=\"og:title\" content=\"M\u00f6nster virkade BabyNallar med tillbeh\u00f6r - EllenKantarellen\" \/>\n<meta property=\"og:description\" content=\"M\u00f6nster p\u00e5 virkade Supergulliga Babynallar en med babym\u00f6ssa i rosa och dregglis och en med dinosauriem\u00f6ssa samt dinosauriesnutte. Samt mysig liten korg med madrass, kudde och filt att natta de sm\u00e5 nallarna i! Nallarna blir cirka 15 cm och korgen cirka 22 x 13 cm. ! N\u00e4r du betalat f\u00f6r m\u00f6nstret kommer du automatiskt att kunna ladda ner din PDF-fil med ditt nya smarriga m\u00f6nster som kommer i mejl till dig!\" \/>\n<meta property=\"og:url\" content=\"https:\/\/www.ellenkantarellen.se\/en\/product-2\/monster-virkade-babynallar-med-tillbehor\/\" \/>\n<meta property=\"og:site_name\" content=\"EllenKantarellen\" \/>\n<meta property=\"article:modified_time\" content=\"2024-12-02T06:31:36+00:00\" \/>\n<meta property=\"og:image\" content=\"https:\/\/www.ellenkantarellen.se\/wp-content\/uploads\/2023\/04\/IMG_7031.jpg\" \/>\n\t<meta property=\"og:image:width\" content=\"960\" \/>\n\t<meta property=\"og:image:height\" content=\"1280\" \/>\n\t<meta property=\"og:image:type\" content=\"image\/jpeg\" \/>\n<meta name=\"twitter:card\" content=\"summary_large_image\" \/>\n<script type=\"application\/ld+json\" class=\"yoast-schema-graph\">{\"@context\":\"https:\/\/schema.org\",\"@graph\":[{\"@type\":\"WebPage\",\"@id\":\"https:\/\/www.ellenkantarellen.se\/produkt\/monster-virkade-babynallar-med-tillbehor\/\",\"url\":\"https:\/\/www.ellenkantarellen.se\/produkt\/monster-virkade-babynallar-med-tillbehor\/\",\"name\":\"M\u00f6nster virkade BabyNallar med tillbeh\u00f6r - EllenKantarellen\",\"isPartOf\":{\"@id\":\"https:\/\/www.ellenkantarellen.se\/#website\"},\"primaryImageOfPage\":{\"@id\":\"https:\/\/www.ellenkantarellen.se\/produkt\/monster-virkade-babynallar-med-tillbehor\/#primaryimage\"},\"image\":{\"@id\":\"https:\/\/www.ellenkantarellen.se\/produkt\/monster-virkade-babynallar-med-tillbehor\/#primaryimage\"},\"thumbnailUrl\":\"https:\/\/www.ellenkantarellen.se\/wp-content\/uploads\/2023\/04\/IMG_7031.jpg\",\"datePublished\":\"2023-04-18T07:37:39+00:00\",\"dateModified\":\"2024-12-02T06:31:36+00:00\",\"breadcrumb\":{\"@id\":\"https:\/\/www.ellenkantarellen.se\/produkt\/monster-virkade-babynallar-med-tillbehor\/#breadcrumb\"},\"inLanguage\":\"en-GB\",\"potentialAction\":[{\"@type\":\"ReadAction\",\"target\":[\"https:\/\/www.ellenkantarellen.se\/produkt\/monster-virkade-babynallar-med-tillbehor\/\"]}]},{\"@type\":\"ImageObject\",\"inLanguage\":\"en-GB\",\"@id\":\"https:\/\/www.ellenkantarellen.se\/produkt\/monster-virkade-babynallar-med-tillbehor\/#primaryimage\",\"url\":\"https:\/\/www.ellenkantarellen.se\/wp-content\/uploads\/2023\/04\/IMG_7031.jpg\",\"contentUrl\":\"https:\/\/www.ellenkantarellen.se\/wp-content\/uploads\/2023\/04\/IMG_7031.jpg\",\"width\":960,\"height\":1280},{\"@type\":\"BreadcrumbList\",\"@id\":\"https:\/\/www.ellenkantarellen.se\/produkt\/monster-virkade-babynallar-med-tillbehor\/#breadcrumb\",\"itemListElement\":[{\"@type\":\"ListItem\",\"position\":1,\"name\":\"Hem\",\"item\":\"https:\/\/www.ellenkantarellen.se\/\"},{\"@type\":\"ListItem\",\"position\":2,\"name\":\"Aff\u00e4r\",\"item\":\"https:\/\/www.ellenkantarellen.se\/affar\/\"},{\"@type\":\"ListItem\",\"position\":3,\"name\":\"M\u00f6nster virkade BabyNallar med tillbeh\u00f6r\"}]},{\"@type\":\"WebSite\",\"@id\":\"https:\/\/www.ellenkantarellen.se\/#website\",\"url\":\"https:\/\/www.ellenkantarellen.se\/\",\"name\":\"EllenKantarellen\",\"description\":\"\",\"publisher\":{\"@id\":\"https:\/\/www.ellenkantarellen.se\/#organization\"},\"potentialAction\":[{\"@type\":\"SearchAction\",\"target\":{\"@type\":\"EntryPoint\",\"urlTemplate\":\"https:\/\/www.ellenkantarellen.se\/?s={search_term_string}\"},\"query-input\":{\"@type\":\"PropertyValueSpecification\",\"valueRequired\":true,\"valueName\":\"search_term_string\"}}],\"inLanguage\":\"en-GB\"},{\"@type\":\"Organization\",\"@id\":\"https:\/\/www.ellenkantarellen.se\/#organization\",\"name\":\"EllenKantarellen\",\"url\":\"https:\/\/www.ellenkantarellen.se\/\",\"logo\":{\"@type\":\"ImageObject\",\"inLanguage\":\"en-GB\",\"@id\":\"https:\/\/www.ellenkantarellen.se\/#\/schema\/logo\/image\/\",\"url\":\"https:\/\/www.ellenkantarellen.se\/wp-content\/uploads\/2021\/09\/ek2.png\",\"contentUrl\":\"https:\/\/www.ellenkantarellen.se\/wp-content\/uploads\/2021\/09\/ek2.png\",\"width\":2232,\"height\":508,\"caption\":\"EllenKantarellen\"},\"image\":{\"@id\":\"https:\/\/www.ellenkantarellen.se\/#\/schema\/logo\/image\/\"}}]}<\/script>\n<!-- \/ Yoast SEO plugin. -->","yoast_head_json":{"title":"M\u00f6nster virkade BabyNallar med tillbeh\u00f6r - EllenKantarellen","robots":{"index":"index","follow":"follow","max-snippet":"max-snippet:-1","max-image-preview":"max-image-preview:large","max-video-preview":"max-video-preview:-1"},"canonical":"https:\/\/www.ellenkantarellen.se\/en\/product-2\/monster-virkade-babynallar-med-tillbehor\/","og_locale":"en_GB","og_type":"article","og_title":"M\u00f6nster virkade BabyNallar med tillbeh\u00f6r - EllenKantarellen","og_description":"M\u00f6nster p\u00e5 virkade Supergulliga Babynallar en med babym\u00f6ssa i rosa och dregglis och en med dinosauriem\u00f6ssa samt dinosauriesnutte. Samt mysig liten korg med madrass, kudde och filt att natta de sm\u00e5 nallarna i! Nallarna blir cirka 15 cm och korgen cirka 22 x 13 cm. ! N\u00e4r du betalat f\u00f6r m\u00f6nstret kommer du automatiskt att kunna ladda ner din PDF-fil med ditt nya smarriga m\u00f6nster som kommer i mejl till dig!","og_url":"https:\/\/www.ellenkantarellen.se\/en\/product-2\/monster-virkade-babynallar-med-tillbehor\/","og_site_name":"EllenKantarellen","article_modified_time":"2024-12-02T06:31:36+00:00","og_image":[{"width":960,"height":1280,"url":"https:\/\/www.ellenkantarellen.se\/wp-content\/uploads\/2023\/04\/IMG_7031.jpg","type":"image\/jpeg"}],"twitter_card":"summary_large_image","schema":{"@context":"https:\/\/schema.org","@graph":[{"@type":"WebPage","@id":"https:\/\/www.ellenkantarellen.se\/produkt\/monster-virkade-babynallar-med-tillbehor\/","url":"https:\/\/www.ellenkantarellen.se\/produkt\/monster-virkade-babynallar-med-tillbehor\/","name":"M\u00f6nster virkade BabyNallar med tillbeh\u00f6r - EllenKantarellen","isPartOf":{"@id":"https:\/\/www.ellenkantarellen.se\/#website"},"primaryImageOfPage":{"@id":"https:\/\/www.ellenkantarellen.se\/produkt\/monster-virkade-babynallar-med-tillbehor\/#primaryimage"},"image":{"@id":"https:\/\/www.ellenkantarellen.se\/produkt\/monster-virkade-babynallar-med-tillbehor\/#primaryimage"},"thumbnailUrl":"https:\/\/www.ellenkantarellen.se\/wp-content\/uploads\/2023\/04\/IMG_7031.jpg","datePublished":"2023-04-18T07:37:39+00:00","dateModified":"2024-12-02T06:31:36+00:00","breadcrumb":{"@id":"https:\/\/www.ellenkantarellen.se\/produkt\/monster-virkade-babynallar-med-tillbehor\/#breadcrumb"},"inLanguage":"en-GB","potentialAction":[{"@type":"ReadAction","target":["https:\/\/www.ellenkantarellen.se\/produkt\/monster-virkade-babynallar-med-tillbehor\/"]}]},{"@type":"ImageObject","inLanguage":"en-GB","@id":"https:\/\/www.ellenkantarellen.se\/produkt\/monster-virkade-babynallar-med-tillbehor\/#primaryimage","url":"https:\/\/www.ellenkantarellen.se\/wp-content\/uploads\/2023\/04\/IMG_7031.jpg","contentUrl":"https:\/\/www.ellenkantarellen.se\/wp-content\/uploads\/2023\/04\/IMG_7031.jpg","width":960,"height":1280},{"@type":"BreadcrumbList","@id":"https:\/\/www.ellenkantarellen.se\/produkt\/monster-virkade-babynallar-med-tillbehor\/#breadcrumb","itemListElement":[{"@type":"ListItem","position":1,"name":"Hem","item":"https:\/\/www.ellenkantarellen.se\/"},{"@type":"ListItem","position":2,"name":"Aff\u00e4r","item":"https:\/\/www.ellenkantarellen.se\/affar\/"},{"@type":"ListItem","position":3,"name":"M\u00f6nster virkade BabyNallar med tillbeh\u00f6r"}]},{"@type":"WebSite","@id":"https:\/\/www.ellenkantarellen.se\/#website","url":"https:\/\/www.ellenkantarellen.se\/","name":"EllenKantarellen","description":"","publisher":{"@id":"https:\/\/www.ellenkantarellen.se\/#organization"},"potentialAction":[{"@type":"SearchAction","target":{"@type":"EntryPoint","urlTemplate":"https:\/\/www.ellenkantarellen.se\/?s={search_term_string}"},"query-input":{"@type":"PropertyValueSpecification","valueRequired":true,"valueName":"search_term_string"}}],"inLanguage":"en-GB"},{"@type":"Organization","@id":"https:\/\/www.ellenkantarellen.se\/#organization","name":"EllenKantarellen","url":"https:\/\/www.ellenkantarellen.se\/","logo":{"@type":"ImageObject","inLanguage":"en-GB","@id":"https:\/\/www.ellenkantarellen.se\/#\/schema\/logo\/image\/","url":"https:\/\/www.ellenkantarellen.se\/wp-content\/uploads\/2021\/09\/ek2.png","contentUrl":"https:\/\/www.ellenkantarellen.se\/wp-content\/uploads\/2021\/09\/ek2.png","width":2232,"height":508,"caption":"EllenKantarellen"},"image":{"@id":"https:\/\/www.ellenkantarellen.se\/#\/schema\/logo\/image\/"}}]}},"_links":{"self":[{"href":"https:\/\/www.ellenkantarellen.se\/en\/wp-json\/wp\/v2\/product\/7603","targetHints":{"allow":["GET"]}}],"collection":[{"href":"https:\/\/www.ellenkantarellen.se\/en\/wp-json\/wp\/v2\/product"}],"about":[{"href":"https:\/\/www.ellenkantarellen.se\/en\/wp-json\/wp\/v2\/types\/product"}],"replies":[{"embeddable":true,"href":"https:\/\/www.ellenkantarellen.se\/en\/wp-json\/wp\/v2\/comments?post=7603"}],"wp:featuredmedia":[{"embeddable":true,"href":"https:\/\/www.ellenkantarellen.se\/en\/wp-json\/wp\/v2\/media\/7606"}],"wp:attachment":[{"href":"https:\/\/www.ellenkantarellen.se\/en\/wp-json\/wp\/v2\/media?parent=7603"}],"wp:term":[{"taxonomy":"product_brand","embeddable":true,"href":"https:\/\/www.ellenkantarellen.se\/en\/wp-json\/wp\/v2\/product_brand?post=7603"},{"taxonomy":"product_cat","embeddable":true,"href":"https:\/\/www.ellenkantarellen.se\/en\/wp-json\/wp\/v2\/product_cat?post=7603"},{"taxonomy":"product_tag","embeddable":true,"href":"https:\/\/www.ellenkantarellen.se\/en\/wp-json\/wp\/v2\/product_tag?post=7603"}],"curies":[{"name":"wp","href":"https:\/\/api.w.org\/{rel}","templated":true}]}}