{"id":7840,"date":"2023-05-01T19:14:28","date_gmt":"2023-05-01T17:14:28","guid":{"rendered":"https:\/\/www.ellenkantarellen.se\/?post_type=product&#038;p=7840"},"modified":"2024-12-02T07:30:59","modified_gmt":"2024-12-02T06:30:59","slug":"monsterpaket-virkad-dregglis-napphallare-daisy","status":"publish","type":"product","link":"https:\/\/www.ellenkantarellen.se\/en\/produkt\/monsterpaket-virkad-dregglis-napphallare-daisy\/","title":{"rendered":"Romantic Baby BIB &amp; Pacifier clip Kit"},"content":{"rendered":"<p>M\u00f6nsterpaket med s\u00f6ta Dregglisen &amp; Napph\u00e5llaren Daisy. Paketet inneh\u00e5ller garn, 1 clips, 1 silikonring samt PDF-m\u00f6nster! Detta m\u00f6nster passar b\u00e5de nyb\u00f6rjare och erfaren! Om du vill ge bort din nya dregglis kan du \u00e4ven f\u00e5 den att se lite proffsigare ut med <a href=\"https:\/\/www.ellenkantarellen.se\/en\/product-2\/etiketter-till-virkad-dregglis\/\">these tags!<\/a><\/p>","protected":false},"excerpt":{"rendered":"<p><em>M\u00f6nsterpaket p\u00e5 min s\u00f6ta virkade Dregglis &amp; Napph\u00e5llare Daisy i pastelliga f\u00e4rger! Paketet inneh\u00e5ller garn\u00a0 samt 1 clips och 1 silikonring! <\/em><strong><em>After payment you can instantly download your new pattern! You get an email with a link to the pattern.<\/em><\/strong><\/p>","protected":false},"featured_media":7843,"comment_status":"open","ping_status":"closed","template":"","meta":[],"product_brand":[],"product_cat":[444],"product_tag":[648,649,475,197,438,428,429,555,558,564,563,426,553,439,427],"class_list":{"0":"post-7840","1":"product","2":"type-product","3":"status-publish","4":"has-post-thumbnail","6":"product_cat-monsterpaket","7":"product_tag-dregglis","8":"product_tag-finaste-dregglisen","9":"product_tag-monster-dregglis","10":"product_tag-monster-virkad-barnvagnsmobil","11":"product_tag-monster-virkad-dregglis","12":"product_tag-monster-virkad-napphallare","13":"product_tag-monster-virkat-till-barnvagn","14":"product_tag-monsterpaket-napphallare","15":"product_tag-monsterpaket-virkat-till-baby","16":"product_tag-monsterpaket-virkat-till-barn","17":"product_tag-monsterpaket-virkmonster","18":"product_tag-napphallare","19":"product_tag-virkad-bib","20":"product_tag-virkad-dregglis","21":"product_tag-virkad-napphallare","22":"pa_farg-beige","23":"pa_farg-gra","24":"pa_farg-rosa","26":"first","27":"instock","28":"taxable","29":"shipping-taxable","30":"purchasable","31":"product-type-variable"},"bundled_by":[],"bundle_stock_status":"instock","bundle_stock_quantity":null,"bundle_virtual":false,"bundle_layout":"","bundle_add_to_cart_form_location":"","bundle_editable_in_cart":false,"bundle_sold_individually_context":"","bundle_item_grouping":"","bundle_min_size":"","bundle_max_size":"","bundle_price":[],"bundled_items":[],"bundle_sell_ids":[],"yoast_head":"<!-- This site is optimized with the Yoast SEO plugin v27.0 - https:\/\/yoast.com\/product\/yoast-seo-wordpress\/ -->\n<title>M\u00f6nsterpaket virkad Dregglis &amp; Napph\u00e5llare Daisy - EllenKantarellen<\/title>\n<meta name=\"robots\" content=\"index, follow, max-snippet:-1, max-image-preview:large, max-video-preview:-1\" \/>\n<link rel=\"canonical\" href=\"https:\/\/www.ellenkantarellen.se\/en\/product-2\/monsterpaket-virkad-dregglis-napphallare-daisy\/\" \/>\n<meta property=\"og:locale\" content=\"en_GB\" \/>\n<meta property=\"og:type\" content=\"article\" \/>\n<meta property=\"og:title\" content=\"M\u00f6nsterpaket virkad Dregglis &amp; Napph\u00e5llare Daisy - EllenKantarellen\" \/>\n<meta property=\"og:description\" content=\"M\u00f6nsterpaket p\u00e5 min s\u00f6ta virkade Dregglis &amp; Napph\u00e5llare Daisy i pastelliga f\u00e4rger! Paketet inneh\u00e5ller garn\u00a0 samt 1 clips och 1 silikonring! N\u00e4r du betalat f\u00f6r m\u00f6nstret kommer du automatiskt att kunna ladda ner din PDF-fil med ditt nya smarriga m\u00f6nster som kommer i mejl till dig!\" \/>\n<meta property=\"og:url\" content=\"https:\/\/www.ellenkantarellen.se\/en\/product-2\/monsterpaket-virkad-dregglis-napphallare-daisy\/\" \/>\n<meta property=\"og:site_name\" content=\"EllenKantarellen\" \/>\n<meta property=\"article:modified_time\" content=\"2024-12-02T06:30:59+00:00\" \/>\n<meta property=\"og:image\" content=\"https:\/\/www.ellenkantarellen.se\/wp-content\/uploads\/2023\/05\/IMG_8100.jpg\" \/>\n\t<meta property=\"og:image:width\" content=\"951\" \/>\n\t<meta property=\"og:image:height\" content=\"1266\" \/>\n\t<meta property=\"og:image:type\" content=\"image\/jpeg\" \/>\n<meta name=\"twitter:card\" content=\"summary_large_image\" \/>\n<meta name=\"twitter:label1\" content=\"Estimated reading time\" \/>\n\t<meta name=\"twitter:data1\" content=\"1 minute\" \/>\n<script type=\"application\/ld+json\" class=\"yoast-schema-graph\">{\"@context\":\"https:\/\/schema.org\",\"@graph\":[{\"@type\":\"WebPage\",\"@id\":\"https:\/\/www.ellenkantarellen.se\/produkt\/monsterpaket-virkad-dregglis-napphallare-daisy\/\",\"url\":\"https:\/\/www.ellenkantarellen.se\/produkt\/monsterpaket-virkad-dregglis-napphallare-daisy\/\",\"name\":\"M\u00f6nsterpaket virkad Dregglis & Napph\u00e5llare Daisy - EllenKantarellen\",\"isPartOf\":{\"@id\":\"https:\/\/www.ellenkantarellen.se\/#website\"},\"primaryImageOfPage\":{\"@id\":\"https:\/\/www.ellenkantarellen.se\/produkt\/monsterpaket-virkad-dregglis-napphallare-daisy\/#primaryimage\"},\"image\":{\"@id\":\"https:\/\/www.ellenkantarellen.se\/produkt\/monsterpaket-virkad-dregglis-napphallare-daisy\/#primaryimage\"},\"thumbnailUrl\":\"https:\/\/www.ellenkantarellen.se\/wp-content\/uploads\/2023\/05\/IMG_8100.jpg\",\"datePublished\":\"2023-05-01T17:14:28+00:00\",\"dateModified\":\"2024-12-02T06:30:59+00:00\",\"breadcrumb\":{\"@id\":\"https:\/\/www.ellenkantarellen.se\/produkt\/monsterpaket-virkad-dregglis-napphallare-daisy\/#breadcrumb\"},\"inLanguage\":\"en-GB\",\"potentialAction\":[{\"@type\":\"ReadAction\",\"target\":[\"https:\/\/www.ellenkantarellen.se\/produkt\/monsterpaket-virkad-dregglis-napphallare-daisy\/\"]}]},{\"@type\":\"ImageObject\",\"inLanguage\":\"en-GB\",\"@id\":\"https:\/\/www.ellenkantarellen.se\/produkt\/monsterpaket-virkad-dregglis-napphallare-daisy\/#primaryimage\",\"url\":\"https:\/\/www.ellenkantarellen.se\/wp-content\/uploads\/2023\/05\/IMG_8100.jpg\",\"contentUrl\":\"https:\/\/www.ellenkantarellen.se\/wp-content\/uploads\/2023\/05\/IMG_8100.jpg\",\"width\":951,\"height\":1266},{\"@type\":\"BreadcrumbList\",\"@id\":\"https:\/\/www.ellenkantarellen.se\/produkt\/monsterpaket-virkad-dregglis-napphallare-daisy\/#breadcrumb\",\"itemListElement\":[{\"@type\":\"ListItem\",\"position\":1,\"name\":\"Hem\",\"item\":\"https:\/\/www.ellenkantarellen.se\/\"},{\"@type\":\"ListItem\",\"position\":2,\"name\":\"Aff\u00e4r\",\"item\":\"https:\/\/www.ellenkantarellen.se\/affar\/\"},{\"@type\":\"ListItem\",\"position\":3,\"name\":\"M\u00f6nsterpaket virkad Dregglis &#038; Napph\u00e5llare Daisy\"}]},{\"@type\":\"WebSite\",\"@id\":\"https:\/\/www.ellenkantarellen.se\/#website\",\"url\":\"https:\/\/www.ellenkantarellen.se\/\",\"name\":\"EllenKantarellen\",\"description\":\"\",\"publisher\":{\"@id\":\"https:\/\/www.ellenkantarellen.se\/#organization\"},\"potentialAction\":[{\"@type\":\"SearchAction\",\"target\":{\"@type\":\"EntryPoint\",\"urlTemplate\":\"https:\/\/www.ellenkantarellen.se\/?s={search_term_string}\"},\"query-input\":{\"@type\":\"PropertyValueSpecification\",\"valueRequired\":true,\"valueName\":\"search_term_string\"}}],\"inLanguage\":\"en-GB\"},{\"@type\":\"Organization\",\"@id\":\"https:\/\/www.ellenkantarellen.se\/#organization\",\"name\":\"EllenKantarellen\",\"url\":\"https:\/\/www.ellenkantarellen.se\/\",\"logo\":{\"@type\":\"ImageObject\",\"inLanguage\":\"en-GB\",\"@id\":\"https:\/\/www.ellenkantarellen.se\/#\/schema\/logo\/image\/\",\"url\":\"https:\/\/www.ellenkantarellen.se\/wp-content\/uploads\/2021\/09\/ek2.png\",\"contentUrl\":\"https:\/\/www.ellenkantarellen.se\/wp-content\/uploads\/2021\/09\/ek2.png\",\"width\":2232,\"height\":508,\"caption\":\"EllenKantarellen\"},\"image\":{\"@id\":\"https:\/\/www.ellenkantarellen.se\/#\/schema\/logo\/image\/\"}}]}<\/script>\n<!-- \/ Yoast SEO plugin. -->","yoast_head_json":{"title":"M\u00f6nsterpaket virkad Dregglis & Napph\u00e5llare Daisy - EllenKantarellen","robots":{"index":"index","follow":"follow","max-snippet":"max-snippet:-1","max-image-preview":"max-image-preview:large","max-video-preview":"max-video-preview:-1"},"canonical":"https:\/\/www.ellenkantarellen.se\/en\/product-2\/monsterpaket-virkad-dregglis-napphallare-daisy\/","og_locale":"en_GB","og_type":"article","og_title":"M\u00f6nsterpaket virkad Dregglis & Napph\u00e5llare Daisy - EllenKantarellen","og_description":"M\u00f6nsterpaket p\u00e5 min s\u00f6ta virkade Dregglis &amp; Napph\u00e5llare Daisy i pastelliga f\u00e4rger! Paketet inneh\u00e5ller garn\u00a0 samt 1 clips och 1 silikonring! N\u00e4r du betalat f\u00f6r m\u00f6nstret kommer du automatiskt att kunna ladda ner din PDF-fil med ditt nya smarriga m\u00f6nster som kommer i mejl till dig!","og_url":"https:\/\/www.ellenkantarellen.se\/en\/product-2\/monsterpaket-virkad-dregglis-napphallare-daisy\/","og_site_name":"EllenKantarellen","article_modified_time":"2024-12-02T06:30:59+00:00","og_image":[{"width":951,"height":1266,"url":"https:\/\/www.ellenkantarellen.se\/wp-content\/uploads\/2023\/05\/IMG_8100.jpg","type":"image\/jpeg"}],"twitter_card":"summary_large_image","twitter_misc":{"Estimated reading time":"1 minute"},"schema":{"@context":"https:\/\/schema.org","@graph":[{"@type":"WebPage","@id":"https:\/\/www.ellenkantarellen.se\/produkt\/monsterpaket-virkad-dregglis-napphallare-daisy\/","url":"https:\/\/www.ellenkantarellen.se\/produkt\/monsterpaket-virkad-dregglis-napphallare-daisy\/","name":"M\u00f6nsterpaket virkad Dregglis & Napph\u00e5llare Daisy - EllenKantarellen","isPartOf":{"@id":"https:\/\/www.ellenkantarellen.se\/#website"},"primaryImageOfPage":{"@id":"https:\/\/www.ellenkantarellen.se\/produkt\/monsterpaket-virkad-dregglis-napphallare-daisy\/#primaryimage"},"image":{"@id":"https:\/\/www.ellenkantarellen.se\/produkt\/monsterpaket-virkad-dregglis-napphallare-daisy\/#primaryimage"},"thumbnailUrl":"https:\/\/www.ellenkantarellen.se\/wp-content\/uploads\/2023\/05\/IMG_8100.jpg","datePublished":"2023-05-01T17:14:28+00:00","dateModified":"2024-12-02T06:30:59+00:00","breadcrumb":{"@id":"https:\/\/www.ellenkantarellen.se\/produkt\/monsterpaket-virkad-dregglis-napphallare-daisy\/#breadcrumb"},"inLanguage":"en-GB","potentialAction":[{"@type":"ReadAction","target":["https:\/\/www.ellenkantarellen.se\/produkt\/monsterpaket-virkad-dregglis-napphallare-daisy\/"]}]},{"@type":"ImageObject","inLanguage":"en-GB","@id":"https:\/\/www.ellenkantarellen.se\/produkt\/monsterpaket-virkad-dregglis-napphallare-daisy\/#primaryimage","url":"https:\/\/www.ellenkantarellen.se\/wp-content\/uploads\/2023\/05\/IMG_8100.jpg","contentUrl":"https:\/\/www.ellenkantarellen.se\/wp-content\/uploads\/2023\/05\/IMG_8100.jpg","width":951,"height":1266},{"@type":"BreadcrumbList","@id":"https:\/\/www.ellenkantarellen.se\/produkt\/monsterpaket-virkad-dregglis-napphallare-daisy\/#breadcrumb","itemListElement":[{"@type":"ListItem","position":1,"name":"Hem","item":"https:\/\/www.ellenkantarellen.se\/"},{"@type":"ListItem","position":2,"name":"Aff\u00e4r","item":"https:\/\/www.ellenkantarellen.se\/affar\/"},{"@type":"ListItem","position":3,"name":"M\u00f6nsterpaket virkad Dregglis &#038; Napph\u00e5llare Daisy"}]},{"@type":"WebSite","@id":"https:\/\/www.ellenkantarellen.se\/#website","url":"https:\/\/www.ellenkantarellen.se\/","name":"EllenKantarellen","description":"","publisher":{"@id":"https:\/\/www.ellenkantarellen.se\/#organization"},"potentialAction":[{"@type":"SearchAction","target":{"@type":"EntryPoint","urlTemplate":"https:\/\/www.ellenkantarellen.se\/?s={search_term_string}"},"query-input":{"@type":"PropertyValueSpecification","valueRequired":true,"valueName":"search_term_string"}}],"inLanguage":"en-GB"},{"@type":"Organization","@id":"https:\/\/www.ellenkantarellen.se\/#organization","name":"EllenKantarellen","url":"https:\/\/www.ellenkantarellen.se\/","logo":{"@type":"ImageObject","inLanguage":"en-GB","@id":"https:\/\/www.ellenkantarellen.se\/#\/schema\/logo\/image\/","url":"https:\/\/www.ellenkantarellen.se\/wp-content\/uploads\/2021\/09\/ek2.png","contentUrl":"https:\/\/www.ellenkantarellen.se\/wp-content\/uploads\/2021\/09\/ek2.png","width":2232,"height":508,"caption":"EllenKantarellen"},"image":{"@id":"https:\/\/www.ellenkantarellen.se\/#\/schema\/logo\/image\/"}}]}},"_links":{"self":[{"href":"https:\/\/www.ellenkantarellen.se\/en\/wp-json\/wp\/v2\/product\/7840","targetHints":{"allow":["GET"]}}],"collection":[{"href":"https:\/\/www.ellenkantarellen.se\/en\/wp-json\/wp\/v2\/product"}],"about":[{"href":"https:\/\/www.ellenkantarellen.se\/en\/wp-json\/wp\/v2\/types\/product"}],"replies":[{"embeddable":true,"href":"https:\/\/www.ellenkantarellen.se\/en\/wp-json\/wp\/v2\/comments?post=7840"}],"wp:featuredmedia":[{"embeddable":true,"href":"https:\/\/www.ellenkantarellen.se\/en\/wp-json\/wp\/v2\/media\/7843"}],"wp:attachment":[{"href":"https:\/\/www.ellenkantarellen.se\/en\/wp-json\/wp\/v2\/media?parent=7840"}],"wp:term":[{"taxonomy":"product_brand","embeddable":true,"href":"https:\/\/www.ellenkantarellen.se\/en\/wp-json\/wp\/v2\/product_brand?post=7840"},{"taxonomy":"product_cat","embeddable":true,"href":"https:\/\/www.ellenkantarellen.se\/en\/wp-json\/wp\/v2\/product_cat?post=7840"},{"taxonomy":"product_tag","embeddable":true,"href":"https:\/\/www.ellenkantarellen.se\/en\/wp-json\/wp\/v2\/product_tag?post=7840"}],"curies":[{"name":"wp","href":"https:\/\/api.w.org\/{rel}","templated":true}]}}