{"id":8732,"date":"2023-07-13T21:54:17","date_gmt":"2023-07-13T19:54:17","guid":{"rendered":"https:\/\/www.ellenkantarellen.se\/?post_type=product&#038;p=8732"},"modified":"2024-12-22T17:23:04","modified_gmt":"2024-12-22T16:23:04","slug":"etiketter-till-virkade-underlagg","status":"publish","type":"product","link":"https:\/\/www.ellenkantarellen.se\/en\/produkt\/etiketter-till-virkade-underlagg\/","title":{"rendered":"Printable Tags for Coasters"},"content":{"rendered":"<p>\ud83c\udf38 Printable tags for your handmade Coasters!<\/p>\n<p>\ud83c\udf38 Your purchase includes 4 digital downloads with tags Coasters  &amp; 2 small Tags \" Crocheted by me\"\ud83c\udf38<\/p>\n<p>\ud83c\udf38 Make your handmade items look more polished and professional with these Tags. Perfect for your gifts or on your market items! Print, cut out and write your price and select wash instructions symbol with a marker and you are good to go!<\/p>\n<p>++++++++ DETAILS ++++++++<\/p>\n<p>Fil typ: Utskriftbar PDF inneh\u00e5llande 4 sidor med 5, 6 och 34 etiketter p\u00e5 vardera<br \/>\nTag sizes: 10.5 x 4.7 cm\/ 4.1&#8243; x 1.8&#8243;<\/p>","protected":false},"excerpt":{"rendered":"<p>\ud83c\udf38 PDF-Etiketter att skriva ut och s\u00e4tta p\u00e5 dina Underl\u00e4gg! <strong><em>After payment you can instantly download your new Tags! You get an email with a link to the Tags.<\/em><\/strong><\/p>","protected":false},"featured_media":16214,"comment_status":"open","ping_status":"closed","template":"","meta":[],"product_brand":[],"product_cat":[703],"product_tag":[723,724,718,719,725,726,727,720,722,721],"class_list":{"0":"post-8732","1":"product","2":"type-product","3":"status-publish","4":"has-post-thumbnail","6":"product_cat-etiketter","7":"product_tag-crochet-coaster","8":"product_tag-crochet-pattern-coaster","9":"product_tag-etiketter-underlagg","10":"product_tag-etiketter-virkade-underlagg","11":"product_tag-pattern-coaster","12":"product_tag-tags-coaster","13":"product_tag-tags-home-made-coaster","14":"product_tag-virkade-underlagg","15":"product_tag-virkmonster-gratis-underlag","16":"product_tag-virkmonster-underlagg","18":"first","19":"instock","20":"downloadable","21":"virtual","22":"taxable","23":"purchasable","24":"product-type-simple"},"bundled_by":[],"bundle_stock_status":"instock","bundle_stock_quantity":null,"bundle_virtual":false,"bundle_layout":"","bundle_add_to_cart_form_location":"","bundle_editable_in_cart":false,"bundle_sold_individually_context":"","bundle_item_grouping":"","bundle_min_size":"","bundle_max_size":"","bundle_price":[],"bundled_items":[],"bundle_sell_ids":[],"yoast_head":"<!-- This site is optimized with the Yoast SEO plugin v27.0 - https:\/\/yoast.com\/product\/yoast-seo-wordpress\/ -->\n<title>Etiketter till virkade underl\u00e4gg - EllenKantarellen<\/title>\n<meta name=\"description\" content=\"Superfina utskriftbara etiketter f\u00f6r dina handgjorda underl\u00e4gg, det b\u00e4sta s\u00e4ttet f\u00f6r ett personligt och proffsigt utseende!\" \/>\n<meta name=\"robots\" content=\"index, follow, max-snippet:-1, max-image-preview:large, max-video-preview:-1\" \/>\n<link rel=\"canonical\" href=\"https:\/\/www.ellenkantarellen.se\/en\/product-2\/etiketter-till-virkade-underlagg\/\" \/>\n<meta property=\"og:locale\" content=\"en_GB\" \/>\n<meta property=\"og:type\" content=\"article\" \/>\n<meta property=\"og:title\" content=\"Etiketter till virkade underl\u00e4gg - EllenKantarellen\" \/>\n<meta property=\"og:description\" content=\"Superfina utskriftbara etiketter f\u00f6r dina handgjorda underl\u00e4gg, det b\u00e4sta s\u00e4ttet f\u00f6r ett personligt och proffsigt utseende!\" \/>\n<meta property=\"og:url\" content=\"https:\/\/www.ellenkantarellen.se\/en\/product-2\/etiketter-till-virkade-underlagg\/\" \/>\n<meta property=\"og:site_name\" content=\"EllenKantarellen\" \/>\n<meta property=\"article:modified_time\" content=\"2024-12-22T16:23:04+00:00\" \/>\n<meta property=\"og:image\" content=\"https:\/\/www.ellenkantarellen.se\/wp-content\/uploads\/2023\/07\/SOCKOR-11.png\" \/>\n\t<meta property=\"og:image:width\" content=\"1080\" \/>\n\t<meta property=\"og:image:height\" content=\"1080\" \/>\n\t<meta property=\"og:image:type\" content=\"image\/png\" \/>\n<meta name=\"twitter:card\" content=\"summary_large_image\" \/>\n<meta name=\"twitter:label1\" content=\"Estimated reading time\" \/>\n\t<meta name=\"twitter:data1\" content=\"1 minute\" \/>\n<script type=\"application\/ld+json\" class=\"yoast-schema-graph\">{\"@context\":\"https:\/\/schema.org\",\"@graph\":[{\"@type\":\"WebPage\",\"@id\":\"https:\/\/www.ellenkantarellen.se\/produkt\/etiketter-till-virkade-underlagg\/\",\"url\":\"https:\/\/www.ellenkantarellen.se\/produkt\/etiketter-till-virkade-underlagg\/\",\"name\":\"Etiketter till virkade underl\u00e4gg - EllenKantarellen\",\"isPartOf\":{\"@id\":\"https:\/\/www.ellenkantarellen.se\/#website\"},\"primaryImageOfPage\":{\"@id\":\"https:\/\/www.ellenkantarellen.se\/produkt\/etiketter-till-virkade-underlagg\/#primaryimage\"},\"image\":{\"@id\":\"https:\/\/www.ellenkantarellen.se\/produkt\/etiketter-till-virkade-underlagg\/#primaryimage\"},\"thumbnailUrl\":\"https:\/\/www.ellenkantarellen.se\/wp-content\/uploads\/2023\/07\/SOCKOR-11.png\",\"datePublished\":\"2023-07-13T19:54:17+00:00\",\"dateModified\":\"2024-12-22T16:23:04+00:00\",\"description\":\"Superfina utskriftbara etiketter f\u00f6r dina handgjorda underl\u00e4gg, det b\u00e4sta s\u00e4ttet f\u00f6r ett personligt och proffsigt utseende!\",\"breadcrumb\":{\"@id\":\"https:\/\/www.ellenkantarellen.se\/produkt\/etiketter-till-virkade-underlagg\/#breadcrumb\"},\"inLanguage\":\"en-GB\",\"potentialAction\":[{\"@type\":\"ReadAction\",\"target\":[\"https:\/\/www.ellenkantarellen.se\/produkt\/etiketter-till-virkade-underlagg\/\"]}]},{\"@type\":\"ImageObject\",\"inLanguage\":\"en-GB\",\"@id\":\"https:\/\/www.ellenkantarellen.se\/produkt\/etiketter-till-virkade-underlagg\/#primaryimage\",\"url\":\"https:\/\/www.ellenkantarellen.se\/wp-content\/uploads\/2023\/07\/SOCKOR-11.png\",\"contentUrl\":\"https:\/\/www.ellenkantarellen.se\/wp-content\/uploads\/2023\/07\/SOCKOR-11.png\",\"width\":1080,\"height\":1080},{\"@type\":\"BreadcrumbList\",\"@id\":\"https:\/\/www.ellenkantarellen.se\/produkt\/etiketter-till-virkade-underlagg\/#breadcrumb\",\"itemListElement\":[{\"@type\":\"ListItem\",\"position\":1,\"name\":\"Hem\",\"item\":\"https:\/\/www.ellenkantarellen.se\/\"},{\"@type\":\"ListItem\",\"position\":2,\"name\":\"Aff\u00e4r\",\"item\":\"https:\/\/www.ellenkantarellen.se\/affar\/\"},{\"@type\":\"ListItem\",\"position\":3,\"name\":\"Etiketter till virkade underl\u00e4gg\"}]},{\"@type\":\"WebSite\",\"@id\":\"https:\/\/www.ellenkantarellen.se\/#website\",\"url\":\"https:\/\/www.ellenkantarellen.se\/\",\"name\":\"EllenKantarellen\",\"description\":\"\",\"publisher\":{\"@id\":\"https:\/\/www.ellenkantarellen.se\/#organization\"},\"potentialAction\":[{\"@type\":\"SearchAction\",\"target\":{\"@type\":\"EntryPoint\",\"urlTemplate\":\"https:\/\/www.ellenkantarellen.se\/?s={search_term_string}\"},\"query-input\":{\"@type\":\"PropertyValueSpecification\",\"valueRequired\":true,\"valueName\":\"search_term_string\"}}],\"inLanguage\":\"en-GB\"},{\"@type\":\"Organization\",\"@id\":\"https:\/\/www.ellenkantarellen.se\/#organization\",\"name\":\"EllenKantarellen\",\"url\":\"https:\/\/www.ellenkantarellen.se\/\",\"logo\":{\"@type\":\"ImageObject\",\"inLanguage\":\"en-GB\",\"@id\":\"https:\/\/www.ellenkantarellen.se\/#\/schema\/logo\/image\/\",\"url\":\"https:\/\/www.ellenkantarellen.se\/wp-content\/uploads\/2021\/09\/ek2.png\",\"contentUrl\":\"https:\/\/www.ellenkantarellen.se\/wp-content\/uploads\/2021\/09\/ek2.png\",\"width\":2232,\"height\":508,\"caption\":\"EllenKantarellen\"},\"image\":{\"@id\":\"https:\/\/www.ellenkantarellen.se\/#\/schema\/logo\/image\/\"}}]}<\/script>\n<!-- \/ Yoast SEO plugin. -->","yoast_head_json":{"title":"Etiketter till virkade underl\u00e4gg - EllenKantarellen","description":"Superfina utskriftbara etiketter f\u00f6r dina handgjorda underl\u00e4gg, det b\u00e4sta s\u00e4ttet f\u00f6r ett personligt och proffsigt utseende!","robots":{"index":"index","follow":"follow","max-snippet":"max-snippet:-1","max-image-preview":"max-image-preview:large","max-video-preview":"max-video-preview:-1"},"canonical":"https:\/\/www.ellenkantarellen.se\/en\/product-2\/etiketter-till-virkade-underlagg\/","og_locale":"en_GB","og_type":"article","og_title":"Etiketter till virkade underl\u00e4gg - EllenKantarellen","og_description":"Superfina utskriftbara etiketter f\u00f6r dina handgjorda underl\u00e4gg, det b\u00e4sta s\u00e4ttet f\u00f6r ett personligt och proffsigt utseende!","og_url":"https:\/\/www.ellenkantarellen.se\/en\/product-2\/etiketter-till-virkade-underlagg\/","og_site_name":"EllenKantarellen","article_modified_time":"2024-12-22T16:23:04+00:00","og_image":[{"width":1080,"height":1080,"url":"https:\/\/www.ellenkantarellen.se\/wp-content\/uploads\/2023\/07\/SOCKOR-11.png","type":"image\/png"}],"twitter_card":"summary_large_image","twitter_misc":{"Estimated reading time":"1 minute"},"schema":{"@context":"https:\/\/schema.org","@graph":[{"@type":"WebPage","@id":"https:\/\/www.ellenkantarellen.se\/produkt\/etiketter-till-virkade-underlagg\/","url":"https:\/\/www.ellenkantarellen.se\/produkt\/etiketter-till-virkade-underlagg\/","name":"Etiketter till virkade underl\u00e4gg - EllenKantarellen","isPartOf":{"@id":"https:\/\/www.ellenkantarellen.se\/#website"},"primaryImageOfPage":{"@id":"https:\/\/www.ellenkantarellen.se\/produkt\/etiketter-till-virkade-underlagg\/#primaryimage"},"image":{"@id":"https:\/\/www.ellenkantarellen.se\/produkt\/etiketter-till-virkade-underlagg\/#primaryimage"},"thumbnailUrl":"https:\/\/www.ellenkantarellen.se\/wp-content\/uploads\/2023\/07\/SOCKOR-11.png","datePublished":"2023-07-13T19:54:17+00:00","dateModified":"2024-12-22T16:23:04+00:00","description":"Superfina utskriftbara etiketter f\u00f6r dina handgjorda underl\u00e4gg, det b\u00e4sta s\u00e4ttet f\u00f6r ett personligt och proffsigt utseende!","breadcrumb":{"@id":"https:\/\/www.ellenkantarellen.se\/produkt\/etiketter-till-virkade-underlagg\/#breadcrumb"},"inLanguage":"en-GB","potentialAction":[{"@type":"ReadAction","target":["https:\/\/www.ellenkantarellen.se\/produkt\/etiketter-till-virkade-underlagg\/"]}]},{"@type":"ImageObject","inLanguage":"en-GB","@id":"https:\/\/www.ellenkantarellen.se\/produkt\/etiketter-till-virkade-underlagg\/#primaryimage","url":"https:\/\/www.ellenkantarellen.se\/wp-content\/uploads\/2023\/07\/SOCKOR-11.png","contentUrl":"https:\/\/www.ellenkantarellen.se\/wp-content\/uploads\/2023\/07\/SOCKOR-11.png","width":1080,"height":1080},{"@type":"BreadcrumbList","@id":"https:\/\/www.ellenkantarellen.se\/produkt\/etiketter-till-virkade-underlagg\/#breadcrumb","itemListElement":[{"@type":"ListItem","position":1,"name":"Hem","item":"https:\/\/www.ellenkantarellen.se\/"},{"@type":"ListItem","position":2,"name":"Aff\u00e4r","item":"https:\/\/www.ellenkantarellen.se\/affar\/"},{"@type":"ListItem","position":3,"name":"Etiketter till virkade underl\u00e4gg"}]},{"@type":"WebSite","@id":"https:\/\/www.ellenkantarellen.se\/#website","url":"https:\/\/www.ellenkantarellen.se\/","name":"EllenKantarellen","description":"","publisher":{"@id":"https:\/\/www.ellenkantarellen.se\/#organization"},"potentialAction":[{"@type":"SearchAction","target":{"@type":"EntryPoint","urlTemplate":"https:\/\/www.ellenkantarellen.se\/?s={search_term_string}"},"query-input":{"@type":"PropertyValueSpecification","valueRequired":true,"valueName":"search_term_string"}}],"inLanguage":"en-GB"},{"@type":"Organization","@id":"https:\/\/www.ellenkantarellen.se\/#organization","name":"EllenKantarellen","url":"https:\/\/www.ellenkantarellen.se\/","logo":{"@type":"ImageObject","inLanguage":"en-GB","@id":"https:\/\/www.ellenkantarellen.se\/#\/schema\/logo\/image\/","url":"https:\/\/www.ellenkantarellen.se\/wp-content\/uploads\/2021\/09\/ek2.png","contentUrl":"https:\/\/www.ellenkantarellen.se\/wp-content\/uploads\/2021\/09\/ek2.png","width":2232,"height":508,"caption":"EllenKantarellen"},"image":{"@id":"https:\/\/www.ellenkantarellen.se\/#\/schema\/logo\/image\/"}}]}},"_links":{"self":[{"href":"https:\/\/www.ellenkantarellen.se\/en\/wp-json\/wp\/v2\/product\/8732","targetHints":{"allow":["GET"]}}],"collection":[{"href":"https:\/\/www.ellenkantarellen.se\/en\/wp-json\/wp\/v2\/product"}],"about":[{"href":"https:\/\/www.ellenkantarellen.se\/en\/wp-json\/wp\/v2\/types\/product"}],"replies":[{"embeddable":true,"href":"https:\/\/www.ellenkantarellen.se\/en\/wp-json\/wp\/v2\/comments?post=8732"}],"wp:featuredmedia":[{"embeddable":true,"href":"https:\/\/www.ellenkantarellen.se\/en\/wp-json\/wp\/v2\/media\/16214"}],"wp:attachment":[{"href":"https:\/\/www.ellenkantarellen.se\/en\/wp-json\/wp\/v2\/media?parent=8732"}],"wp:term":[{"taxonomy":"product_brand","embeddable":true,"href":"https:\/\/www.ellenkantarellen.se\/en\/wp-json\/wp\/v2\/product_brand?post=8732"},{"taxonomy":"product_cat","embeddable":true,"href":"https:\/\/www.ellenkantarellen.se\/en\/wp-json\/wp\/v2\/product_cat?post=8732"},{"taxonomy":"product_tag","embeddable":true,"href":"https:\/\/www.ellenkantarellen.se\/en\/wp-json\/wp\/v2\/product_tag?post=8732"}],"curies":[{"name":"wp","href":"https:\/\/api.w.org\/{rel}","templated":true}]}}