{"id":9474,"date":"2023-09-21T10:36:08","date_gmt":"2023-09-21T08:36:08","guid":{"rendered":"https:\/\/www.ellenkantarellen.se\/?post_type=product&#038;p=9474"},"modified":"2025-12-02T07:28:18","modified_gmt":"2025-12-02T06:28:18","slug":"virkmonster-etiketter-till-pumpor","status":"publish","type":"product","link":"https:\/\/www.ellenkantarellen.se\/en\/produkt\/virkmonster-etiketter-till-pumpor\/","title":{"rendered":"Lovely pumpkin crochet pattern &amp; Printable tags"},"content":{"rendered":"<p>\ud83c\udf38Lovely Pumpkin crochet pattern &amp; Printable Tags for your handmade Pumpkins!<\/p>\n<p>\ud83c\udf38 Your purchase includes 2 digital downloads with Tags for Pumpkins  &amp;  small Tags \" Crocheted by me\" &amp; Lovely pumpkin crochet pattern! \ud83c\udf38<\/p>\n<p>\ud83c\udf38 Make your handmade items look more polished and professional with these Tags. Perfect for your gifts or on your market items! Print, cut out, tie to your pumpkin and you are good to go!<\/p>\n<p>++++++++ DETAILS ++++++++<\/p>\n<p>File type: Printable PDF including 1 pages with 3 sizes of leaf tags on, 1 page with tag &amp; small tags \"crocheted by me\" &amp; 1 PDF with the crochet pattern<br \/>\nTag sizes: 10.5 x 4.7 cm &amp; 17.5 x 4.5 cm<\/p>","protected":false},"excerpt":{"rendered":"<p>\ud83c\udf38Lovely pumpkin crochet pattern &amp; Printable Tags for your handmade Pumpkins! <strong><em>After payment you can instantly download your new Tags! You get an email with a link to the Tags.<\/em><\/strong><\/p>","protected":false},"featured_media":9475,"comment_status":"open","ping_status":"closed","template":"","meta":[],"product_brand":[],"product_cat":[703],"product_tag":[804,800,803,802,801,806,805],"class_list":{"0":"post-9474","1":"product","2":"type-product","3":"status-publish","4":"has-post-thumbnail","6":"product_cat-etiketter","7":"product_tag-etiketter","8":"product_tag-etiketter-till-handgjorda","9":"product_tag-etiketter-till-pumpa","10":"product_tag-etiketter-till-virkat","11":"product_tag-handmade-etiketter","12":"product_tag-pdf-etiketter","13":"product_tag-utskriftbara-etiketter","15":"first","16":"instock","17":"downloadable","18":"virtual","19":"sold-individually","20":"taxable","21":"purchasable","22":"product-type-simple"},"bundled_by":[],"bundle_stock_status":"instock","bundle_stock_quantity":null,"bundle_virtual":false,"bundle_layout":"","bundle_add_to_cart_form_location":"","bundle_editable_in_cart":false,"bundle_sold_individually_context":"","bundle_item_grouping":"","bundle_min_size":"","bundle_max_size":"","bundle_price":[],"bundled_items":[],"bundle_sell_ids":[],"yoast_head":"<!-- This site is optimized with the Yoast SEO plugin v27.0 - https:\/\/yoast.com\/product\/yoast-seo-wordpress\/ -->\n<title>Virkm\u00f6nster &amp; Etiketter till Pumpor - EllenKantarellen<\/title>\n<meta name=\"description\" content=\"Virkm\u00f6nster &amp; superfina utskriftsbara etiketter f\u00f6r att g\u00f6ra dina handgjorda\/virkade Pumpor lite proffsigare! Printable Tags for your handmade Pumpkins.\" \/>\n<meta name=\"robots\" content=\"index, follow, max-snippet:-1, max-image-preview:large, max-video-preview:-1\" \/>\n<link rel=\"canonical\" href=\"https:\/\/www.ellenkantarellen.se\/en\/product-2\/virkmonster-etiketter-till-pumpor\/\" \/>\n<meta property=\"og:locale\" content=\"en_GB\" \/>\n<meta property=\"og:type\" content=\"article\" \/>\n<meta property=\"og:title\" content=\"Virkm\u00f6nster &amp; Etiketter till Pumpor - EllenKantarellen\" \/>\n<meta property=\"og:description\" content=\"Virkm\u00f6nster &amp; superfina utskriftsbara etiketter f\u00f6r att g\u00f6ra dina handgjorda\/virkade Pumpor lite proffsigare! Printable Tags for your handmade Pumpkins.\" \/>\n<meta property=\"og:url\" content=\"https:\/\/www.ellenkantarellen.se\/en\/product-2\/virkmonster-etiketter-till-pumpor\/\" \/>\n<meta property=\"og:site_name\" content=\"EllenKantarellen\" \/>\n<meta property=\"article:modified_time\" content=\"2025-12-02T06:28:18+00:00\" \/>\n<meta property=\"og:image\" content=\"https:\/\/www.ellenkantarellen.se\/wp-content\/uploads\/2023\/09\/63.png\" \/>\n\t<meta property=\"og:image:width\" content=\"1080\" \/>\n\t<meta property=\"og:image:height\" content=\"1080\" \/>\n\t<meta property=\"og:image:type\" content=\"image\/png\" \/>\n<meta name=\"twitter:card\" content=\"summary_large_image\" \/>\n<meta name=\"twitter:label1\" content=\"Estimated reading time\" \/>\n\t<meta name=\"twitter:data1\" content=\"1 minute\" \/>\n<script type=\"application\/ld+json\" class=\"yoast-schema-graph\">{\"@context\":\"https:\/\/schema.org\",\"@graph\":[{\"@type\":\"WebPage\",\"@id\":\"https:\/\/www.ellenkantarellen.se\/produkt\/virkmonster-etiketter-till-pumpor\/\",\"url\":\"https:\/\/www.ellenkantarellen.se\/produkt\/virkmonster-etiketter-till-pumpor\/\",\"name\":\"Virkm\u00f6nster & Etiketter till Pumpor - EllenKantarellen\",\"isPartOf\":{\"@id\":\"https:\/\/www.ellenkantarellen.se\/#website\"},\"primaryImageOfPage\":{\"@id\":\"https:\/\/www.ellenkantarellen.se\/produkt\/virkmonster-etiketter-till-pumpor\/#primaryimage\"},\"image\":{\"@id\":\"https:\/\/www.ellenkantarellen.se\/produkt\/virkmonster-etiketter-till-pumpor\/#primaryimage\"},\"thumbnailUrl\":\"https:\/\/www.ellenkantarellen.se\/wp-content\/uploads\/2023\/09\/63.png\",\"datePublished\":\"2023-09-21T08:36:08+00:00\",\"dateModified\":\"2025-12-02T06:28:18+00:00\",\"description\":\"Virkm\u00f6nster & superfina utskriftsbara etiketter f\u00f6r att g\u00f6ra dina handgjorda\/virkade Pumpor lite proffsigare! Printable Tags for your handmade Pumpkins.\",\"breadcrumb\":{\"@id\":\"https:\/\/www.ellenkantarellen.se\/produkt\/virkmonster-etiketter-till-pumpor\/#breadcrumb\"},\"inLanguage\":\"en-GB\",\"potentialAction\":[{\"@type\":\"ReadAction\",\"target\":[\"https:\/\/www.ellenkantarellen.se\/produkt\/virkmonster-etiketter-till-pumpor\/\"]}]},{\"@type\":\"ImageObject\",\"inLanguage\":\"en-GB\",\"@id\":\"https:\/\/www.ellenkantarellen.se\/produkt\/virkmonster-etiketter-till-pumpor\/#primaryimage\",\"url\":\"https:\/\/www.ellenkantarellen.se\/wp-content\/uploads\/2023\/09\/63.png\",\"contentUrl\":\"https:\/\/www.ellenkantarellen.se\/wp-content\/uploads\/2023\/09\/63.png\",\"width\":1080,\"height\":1080},{\"@type\":\"BreadcrumbList\",\"@id\":\"https:\/\/www.ellenkantarellen.se\/produkt\/virkmonster-etiketter-till-pumpor\/#breadcrumb\",\"itemListElement\":[{\"@type\":\"ListItem\",\"position\":1,\"name\":\"Hem\",\"item\":\"https:\/\/www.ellenkantarellen.se\/\"},{\"@type\":\"ListItem\",\"position\":2,\"name\":\"Aff\u00e4r\",\"item\":\"https:\/\/www.ellenkantarellen.se\/affar\/\"},{\"@type\":\"ListItem\",\"position\":3,\"name\":\"Virkm\u00f6nster &#038; Etiketter till Pumpor\"}]},{\"@type\":\"WebSite\",\"@id\":\"https:\/\/www.ellenkantarellen.se\/#website\",\"url\":\"https:\/\/www.ellenkantarellen.se\/\",\"name\":\"EllenKantarellen\",\"description\":\"\",\"publisher\":{\"@id\":\"https:\/\/www.ellenkantarellen.se\/#organization\"},\"potentialAction\":[{\"@type\":\"SearchAction\",\"target\":{\"@type\":\"EntryPoint\",\"urlTemplate\":\"https:\/\/www.ellenkantarellen.se\/?s={search_term_string}\"},\"query-input\":{\"@type\":\"PropertyValueSpecification\",\"valueRequired\":true,\"valueName\":\"search_term_string\"}}],\"inLanguage\":\"en-GB\"},{\"@type\":\"Organization\",\"@id\":\"https:\/\/www.ellenkantarellen.se\/#organization\",\"name\":\"EllenKantarellen\",\"url\":\"https:\/\/www.ellenkantarellen.se\/\",\"logo\":{\"@type\":\"ImageObject\",\"inLanguage\":\"en-GB\",\"@id\":\"https:\/\/www.ellenkantarellen.se\/#\/schema\/logo\/image\/\",\"url\":\"https:\/\/www.ellenkantarellen.se\/wp-content\/uploads\/2021\/09\/ek2.png\",\"contentUrl\":\"https:\/\/www.ellenkantarellen.se\/wp-content\/uploads\/2021\/09\/ek2.png\",\"width\":2232,\"height\":508,\"caption\":\"EllenKantarellen\"},\"image\":{\"@id\":\"https:\/\/www.ellenkantarellen.se\/#\/schema\/logo\/image\/\"}}]}<\/script>\n<!-- \/ Yoast SEO plugin. -->","yoast_head_json":{"title":"Virkm\u00f6nster & Etiketter till Pumpor - EllenKantarellen","description":"Virkm\u00f6nster & superfina utskriftsbara etiketter f\u00f6r att g\u00f6ra dina handgjorda\/virkade Pumpor lite proffsigare! Printable Tags for your handmade Pumpkins.","robots":{"index":"index","follow":"follow","max-snippet":"max-snippet:-1","max-image-preview":"max-image-preview:large","max-video-preview":"max-video-preview:-1"},"canonical":"https:\/\/www.ellenkantarellen.se\/en\/product-2\/virkmonster-etiketter-till-pumpor\/","og_locale":"en_GB","og_type":"article","og_title":"Virkm\u00f6nster & Etiketter till Pumpor - EllenKantarellen","og_description":"Virkm\u00f6nster & superfina utskriftsbara etiketter f\u00f6r att g\u00f6ra dina handgjorda\/virkade Pumpor lite proffsigare! Printable Tags for your handmade Pumpkins.","og_url":"https:\/\/www.ellenkantarellen.se\/en\/product-2\/virkmonster-etiketter-till-pumpor\/","og_site_name":"EllenKantarellen","article_modified_time":"2025-12-02T06:28:18+00:00","og_image":[{"width":1080,"height":1080,"url":"https:\/\/www.ellenkantarellen.se\/wp-content\/uploads\/2023\/09\/63.png","type":"image\/png"}],"twitter_card":"summary_large_image","twitter_misc":{"Estimated reading time":"1 minute"},"schema":{"@context":"https:\/\/schema.org","@graph":[{"@type":"WebPage","@id":"https:\/\/www.ellenkantarellen.se\/produkt\/virkmonster-etiketter-till-pumpor\/","url":"https:\/\/www.ellenkantarellen.se\/produkt\/virkmonster-etiketter-till-pumpor\/","name":"Virkm\u00f6nster & Etiketter till Pumpor - EllenKantarellen","isPartOf":{"@id":"https:\/\/www.ellenkantarellen.se\/#website"},"primaryImageOfPage":{"@id":"https:\/\/www.ellenkantarellen.se\/produkt\/virkmonster-etiketter-till-pumpor\/#primaryimage"},"image":{"@id":"https:\/\/www.ellenkantarellen.se\/produkt\/virkmonster-etiketter-till-pumpor\/#primaryimage"},"thumbnailUrl":"https:\/\/www.ellenkantarellen.se\/wp-content\/uploads\/2023\/09\/63.png","datePublished":"2023-09-21T08:36:08+00:00","dateModified":"2025-12-02T06:28:18+00:00","description":"Virkm\u00f6nster & superfina utskriftsbara etiketter f\u00f6r att g\u00f6ra dina handgjorda\/virkade Pumpor lite proffsigare! Printable Tags for your handmade Pumpkins.","breadcrumb":{"@id":"https:\/\/www.ellenkantarellen.se\/produkt\/virkmonster-etiketter-till-pumpor\/#breadcrumb"},"inLanguage":"en-GB","potentialAction":[{"@type":"ReadAction","target":["https:\/\/www.ellenkantarellen.se\/produkt\/virkmonster-etiketter-till-pumpor\/"]}]},{"@type":"ImageObject","inLanguage":"en-GB","@id":"https:\/\/www.ellenkantarellen.se\/produkt\/virkmonster-etiketter-till-pumpor\/#primaryimage","url":"https:\/\/www.ellenkantarellen.se\/wp-content\/uploads\/2023\/09\/63.png","contentUrl":"https:\/\/www.ellenkantarellen.se\/wp-content\/uploads\/2023\/09\/63.png","width":1080,"height":1080},{"@type":"BreadcrumbList","@id":"https:\/\/www.ellenkantarellen.se\/produkt\/virkmonster-etiketter-till-pumpor\/#breadcrumb","itemListElement":[{"@type":"ListItem","position":1,"name":"Hem","item":"https:\/\/www.ellenkantarellen.se\/"},{"@type":"ListItem","position":2,"name":"Aff\u00e4r","item":"https:\/\/www.ellenkantarellen.se\/affar\/"},{"@type":"ListItem","position":3,"name":"Virkm\u00f6nster &#038; Etiketter till Pumpor"}]},{"@type":"WebSite","@id":"https:\/\/www.ellenkantarellen.se\/#website","url":"https:\/\/www.ellenkantarellen.se\/","name":"EllenKantarellen","description":"","publisher":{"@id":"https:\/\/www.ellenkantarellen.se\/#organization"},"potentialAction":[{"@type":"SearchAction","target":{"@type":"EntryPoint","urlTemplate":"https:\/\/www.ellenkantarellen.se\/?s={search_term_string}"},"query-input":{"@type":"PropertyValueSpecification","valueRequired":true,"valueName":"search_term_string"}}],"inLanguage":"en-GB"},{"@type":"Organization","@id":"https:\/\/www.ellenkantarellen.se\/#organization","name":"EllenKantarellen","url":"https:\/\/www.ellenkantarellen.se\/","logo":{"@type":"ImageObject","inLanguage":"en-GB","@id":"https:\/\/www.ellenkantarellen.se\/#\/schema\/logo\/image\/","url":"https:\/\/www.ellenkantarellen.se\/wp-content\/uploads\/2021\/09\/ek2.png","contentUrl":"https:\/\/www.ellenkantarellen.se\/wp-content\/uploads\/2021\/09\/ek2.png","width":2232,"height":508,"caption":"EllenKantarellen"},"image":{"@id":"https:\/\/www.ellenkantarellen.se\/#\/schema\/logo\/image\/"}}]}},"_links":{"self":[{"href":"https:\/\/www.ellenkantarellen.se\/en\/wp-json\/wp\/v2\/product\/9474","targetHints":{"allow":["GET"]}}],"collection":[{"href":"https:\/\/www.ellenkantarellen.se\/en\/wp-json\/wp\/v2\/product"}],"about":[{"href":"https:\/\/www.ellenkantarellen.se\/en\/wp-json\/wp\/v2\/types\/product"}],"replies":[{"embeddable":true,"href":"https:\/\/www.ellenkantarellen.se\/en\/wp-json\/wp\/v2\/comments?post=9474"}],"wp:featuredmedia":[{"embeddable":true,"href":"https:\/\/www.ellenkantarellen.se\/en\/wp-json\/wp\/v2\/media\/9475"}],"wp:attachment":[{"href":"https:\/\/www.ellenkantarellen.se\/en\/wp-json\/wp\/v2\/media?parent=9474"}],"wp:term":[{"taxonomy":"product_brand","embeddable":true,"href":"https:\/\/www.ellenkantarellen.se\/en\/wp-json\/wp\/v2\/product_brand?post=9474"},{"taxonomy":"product_cat","embeddable":true,"href":"https:\/\/www.ellenkantarellen.se\/en\/wp-json\/wp\/v2\/product_cat?post=9474"},{"taxonomy":"product_tag","embeddable":true,"href":"https:\/\/www.ellenkantarellen.se\/en\/wp-json\/wp\/v2\/product_tag?post=9474"}],"curies":[{"name":"wp","href":"https:\/\/api.w.org\/{rel}","templated":true}]}}